{"id":1678,"date":"2024-12-17T22:39:12","date_gmt":"2024-12-17T22:39:12","guid":{"rendered":"https:\/\/kodline.com\/fdemo\/?page_id=1678"},"modified":"2024-12-17T22:47:51","modified_gmt":"2024-12-17T22:47:51","slug":"hasta-takip-hizmetleri","status":"publish","type":"page","link":"https:\/\/kodline.com\/fdemo\/hasta-takip-hizmetleri\/","title":{"rendered":"Hasta Takip Hizmetleri"},"content":{"rendered":"\t\t<div data-elementor-type=\"wp-page\" data-elementor-id=\"1678\" class=\"elementor elementor-1678\">\n\t\t\t\t\t\t<section class=\"elementor-section elementor-top-section elementor-element elementor-element-d3db85f elementor-section-full_width elementor-section-height-default elementor-section-height-default\" data-id=\"d3db85f\" data-element_type=\"section\">\n\t\t\t\t\t\t<div class=\"elementor-container elementor-column-gap-default\">\n\t\t\t\t\t<div class=\"elementor-column elementor-col-100 elementor-top-column elementor-element elementor-element-fee10dc\" data-id=\"fee10dc\" data-element_type=\"column\">\n\t\t\t<div class=\"elementor-widget-wrap\">\n\t\t\t\t\t\t\t<\/div>\n\t\t<\/div>\n\t\t\t\t\t<\/div>\n\t\t<\/section>\n\t\t\t\t<section class=\"elementor-section elementor-top-section elementor-element elementor-element-09887ca elementor-section-full_width elementor-section-height-default elementor-section-height-default\" data-id=\"09887ca\" data-element_type=\"section\">\n\t\t\t\t\t\t<div class=\"elementor-container elementor-column-gap-default\">\n\t\t\t\t\t<div class=\"elementor-column elementor-col-100 elementor-top-column elementor-element elementor-element-83a9ae2\" data-id=\"83a9ae2\" data-element_type=\"column\">\n\t\t\t<div class=\"elementor-widget-wrap elementor-element-populated\">\n\t\t\t\t\t\t<div class=\"elementor-element elementor-element-9920753 elementor-widget elementor-widget-ambons_service_detail\" data-id=\"9920753\" data-element_type=\"widget\" data-widget_type=\"ambons_service_detail.default\">\n\t\t\t\t<div class=\"elementor-widget-container\">\n\t\t\t  \t\n    <!--Start Service Details area -->\n    <section class=\"service-details-area\">\n        <div class=\"container\">\n            <div class=\"row\">\n\t\t\t\t                <!--Start Service Details Sidebar -->\n                <div class=\"col-xl-4 col-lg-5 order-box-2\">\n                    <div class=\"service-details__sidebar\">\n\t\t\t\t\t\t<div id=\"nav_menu-5\" class=\"service-widget widget_nav_menu\"><div class=\"menu-main_menu-container\"><ul id=\"menu-main_menu\" class=\"menu\"><li id=\"menu-item-128\" class=\"menu-item menu-item-type-custom menu-item-object-custom menu-item-home menu-item-128\"><a href=\"https:\/\/kodline.com\/fdemo\/\">Anasayfa<\/a><\/li>\n<li id=\"menu-item-1578\" class=\"menu-item menu-item-type-custom menu-item-object-custom menu-item-1578\"><a href=\"https:\/\/kodline.com\/fdemo\/ucak-bileti-rezervasyonlari\/\">U\u00e7ak Bileti Rezervasyonu<\/a><\/li>\n<li id=\"menu-item-1576\" class=\"menu-item menu-item-type-custom menu-item-object-custom menu-item-1576\"><a href=\"https:\/\/kodline.com\/fdemo\/otel-rezervasyonlari\/\">Otel Rezervasyonlar\u0131<\/a><\/li>\n<li id=\"menu-item-1577\" class=\"menu-item menu-item-type-custom menu-item-object-custom menu-item-1577\"><a href=\"https:\/\/kodline.com\/fdemo\/arac-kiralama\/\">Ara\u00e7 Kiralama<\/a><\/li>\n<li id=\"menu-item-173\" class=\"menu-item menu-item-type-custom menu-item-object-custom menu-item-173\"><a href=\"https:\/\/kodline.com\/fdemo\/charter-ucus\/\">Charter U\u00e7u\u015f<\/a><\/li>\n<li id=\"menu-item-1733\" class=\"menu-item menu-item-type-custom menu-item-object-custom menu-item-1733\"><a href=\"https:\/\/kodline.com\/fdemo\/contact\/\">\u0130leti\u015fim<\/a><\/li>\n<li id=\"menu-item-167\" class=\"menu-item menu-item-type-custom menu-item-object-custom menu-item-167\"><a href=\"#\">Hakk\u0131m\u0131zda<\/a><\/li>\n<\/ul><\/div><\/div><div id=\"ambons_need_help-1\" class=\"service-widget widget_ambons_need_help\">      \t\t\n\t\t\t<div class=\"service-details-contact-info\" data-aos=\"slide-up\" data-aos-easing=\"linear\" data-aos-duration=\"1000\">\n                <div class=\"sidebar-info-box-bg\" style=\"background-image: url(http:\/\/fastwpdemo.com\/newwp\/ambons\/wp-content\/uploads\/2022\/03\/sidebar-info-box-bg.jpg);\"><\/div>\n                <h3> Need Help?<\/h3>                <p>Speak with a human to filling out a form? call corporate office and we will connect you with a team member who can help.<\/p>                <h2><a href=\"tel:+1-(246)333-0089\">+1-(246)333-0089<\/a><\/h2>            <\/div>\n                        \n        <\/div><div id=\"ambons_brochures-1\" class=\"service-widget widget_ambons_brochures\">      \t\t\n        <!--Start Single sidebar-->\n        <div class=\"info-download-box\" data-aos=\"slide-up\" data-aos-easing=\"linear\" data-aos-duration=\"1000\">\n            <ul>\n                <li>\n                    <div class=\"icon\">\n                        <span class=\"icon-checked-1\"><\/span>\n                    <\/div>\n                    <div class=\"title\">\n                        <h5><a href=\"\">Download our Broucher<\/a><\/h5>\n                    <\/div>\n                <\/li>\n            <\/ul>\n        <\/div>\n            \n\t\t<\/div>                    <\/div>\n                <\/div>\n                <!--End Service Details Sidebar -->\n\t\t\t\t                \n                <!--Start Service Details Content -->\n                <div class=\"col-xl-8 col-lg-7 order-box-1\">\n                    <div class=\"service-details__content\">\n                        \t\t\t\t\t\n\t\t\t\t\t\t<div class=\"img-box1\">\n\t\t\t\t\t\t\t<img decoding=\"async\" src=\"https:\/\/kodline.com\/fdemo\/wp-content\/uploads\/2024\/12\/3-3.jpg\" alt=\"Awesome Image\" \/>\n\t\t\t\t\t\t<\/div>\t\t\t\t\t\t\n\t\t\t\t\t  \t\t\t\t\t\t\t\n                        \t\t\t\t\t\t<div class=\"text-box1\">\t\t\t\t\t\t\n\t\t\t\t\t\t\t<h2>Hasta Takip Hizmetleri<\/h2>\t\t\t\t\t\t\tMedjet, yurt i\u00e7i ve yurt d\u0131\u015f\u0131nda yatan hastalar\u0131n hastaneye yat\u0131\u015f\u0131ndan taburculu\u011funa kadar olan s\u00fcreci takip ederek g\u00fcvenilir tedaviyi sa\u011flar.\t\t\t\t\t\t<\/div>\n\t\t\t\t\t\t\n                        <div class=\"text-box2\">\n                            <div class=\"row\">\n                                                                <div class=\"col-xl-6\">\n                                    <div class=\"text-box2-single\" data-aos=\"fade-right\" data-aos-easing=\"linear\"\n                                        data-aos-duration=\"2500\">\n                                        <h4>\n                                            <span class=\"icon-right-arrow\"><\/span> Kesintisiz Takip G\u00fcvenle Tedavi                                        <\/h4>\n                                        <p>Medjet, hastalar\u0131n tedavi s\u00fcrecini ba\u015ftan sona takip ederek g\u00fcvenli tedavi sa\u011flar.<\/p>\n                                    <\/div>\n                                <\/div>\n\t\t\t\t\t\t\t\t                                <div class=\"col-xl-6\">\n                                    <div class=\"text-box2-single\" data-aos=\"fade-left\" data-aos-easing=\"linear\"\n                                        data-aos-duration=\"2500\">\n                                        <h4>\n                                            <span class=\"icon-right-arrow\"><\/span> Uluslararas\u0131 Hizmet                                        <\/h4>\n                                        <p>Medjet, yurt i\u00e7i ve yurt d\u0131\u015f\u0131ndaki hastalar\u0131n sa\u011fl\u0131k s\u00fcre\u00e7lerini g\u00fcvenle izler.<\/p>\n                                    <\/div>\n                                <\/div>\n\t\t\t\t\t\t\t\t                            <\/div>\n                        <\/div>\n\n                       \n                        <div class=\"text-box4\">\n                            <div class=\"row\">\n                                <div class=\"col-xl-6\">\n                                    <div class=\"content-box\">\n                                        <h2>Bizimle Farkl\u0131<\/h2>                                        <p>Medjet, yurt i\u00e7i ve yurt d\u0131\u015f\u0131nda yatan hastalar\u0131n hastaneye yat\u0131\u015f\u0131ndan taburculu\u011funa kadar olan s\u00fcreci takip ederek, her a\u015famada g\u00fcvenilir ve etkin tedavi hizmeti sunar.<\/p>\t\t\t\t\t\t\t\t\t\t\t\t\t\t\t\t\t\t\t\t<ul>\n\t\t\t\t\t\t\t\t\t\t\t\t\t\t\t\t\t\t\t\t\t   \t<li><span class=\"icon-checked\"><\/span> Kesintisiz Takip<\/li>\n\t\t\t\t\t\t\t\t\t\t\t\t\t\t\t\t\t\t\t\t\t   \t<li><span class=\"icon-checked\"><\/span> Uluslararas\u0131 Eri\u015fim<\/li>\n\t\t\t\t\t\t\t\t\t\t\t\t\t\t\t\t\t\t\t\t\t   \t<li><span class=\"icon-checked\"><\/span> H\u0131zl\u0131 M\u00fcdahale<\/li>\n\t\t\t\t\t\t\t\t\t\t\t\t\t\t\t\t\t\t\t\t\t   \t<li><span class=\"icon-checked\"><\/span> Tedavi Kalitesi<\/li>\n\t\t\t\t\t\t\t\t\t\t\t\t\t\t\t\t\t\t\t\t\t   \t<li><span class=\"icon-checked\"><\/span> Hasta Memnuniyeti<\/li>\n\t\t\t\t\t\t\t\t\t\t\t\t\t\t\t\t\t\t\t\t\t<\/ul>\n\t\t\t\t\t\t\t\t\t\t                                    <\/div>\n                                <\/div>\n\t\t\t\t\t\t\t\t                                <div class=\"col-xl-6\">\n                                    <div class=\"img-box\">\n                                        <img decoding=\"async\" src=\"https:\/\/kodline.com\/fdemo\/wp-content\/uploads\/2024\/12\/1-3.jpg\" alt=\"Awesome Image\" \/>\n                                    <\/div>\n                                <\/div>\n\t\t\t\t\t\t\t\t                            <\/div>\n                        <\/div>\n\n                        <div class=\"faq-style1__content\">\n                            <ul class=\"accordion-box\">\n                                                                <li class=\"accordion block active-block\">\n                                    <div class=\"acc-btn active\">\n                                        <div class=\"icon-outer\">\n                                            <i class=\"icon-down-arrow\"><\/i>\n                                        <\/div>\n                                        <h3>Medjet'in hasta takip hizmeti nas\u0131l \u00e7al\u0131\u015f\u0131r?<\/h3>\n                                    <\/div>\n                                    <div class=\"acc-content current\">\n                                        <p>Medjet, hastalar\u0131n hastaneye yat\u0131\u015f\u0131ndan taburculu\u011funa kadar t\u00fcm tedavi s\u00fcrecini s\u00fcrekli olarak izler ve gerekti\u011finde m\u00fcdahale eder.<\/p>\n                                    <\/div>\n                                <\/li>\n                                                                <li class=\"accordion block \">\n                                    <div class=\"acc-btn \">\n                                        <div class=\"icon-outer\">\n                                            <i class=\"icon-down-arrow\"><\/i>\n                                        <\/div>\n                                        <h3> Medjet, yurt d\u0131\u015f\u0131nda nas\u0131l bir hizmet sunuyor?<\/h3>\n                                    <\/div>\n                                    <div class=\"acc-content \">\n                                        <p>Medjet, yurt i\u00e7i ve yurt d\u0131\u015f\u0131ndaki hastanelerde tedavi s\u00fcrecini g\u00fcvenle takip eder ve en iyi sa\u011fl\u0131k hizmetine eri\u015fim sa\u011flar.<\/p>\n                                    <\/div>\n                                <\/li>\n                                                                <li class=\"accordion block \">\n                                    <div class=\"acc-btn \">\n                                        <div class=\"icon-outer\">\n                                            <i class=\"icon-down-arrow\"><\/i>\n                                        <\/div>\n                                        <h3>Hasta takip hizmetinin hastalar i\u00e7in avantaj\u0131 nedir?<\/h3>\n                                    <\/div>\n                                    <div class=\"acc-content \">\n                                        <p>Hastalar, tedavi s\u00fcre\u00e7lerinde s\u00fcrekli takip ve destek alarak g\u00fcvenli ve etkili bir tedavi s\u00fcreci deneyimler.<\/p>\n                                    <\/div>\n                                <\/li>\n                                                            <\/ul>\n                        <\/div>\n                    <\/div>\n                <\/div>\n                <!--End Service Details Content -->\n            <\/div>\n        <\/div>\n    <\/section>\n    <!--End Service Details area -->\n    \n    \t\t<\/div>\n\t\t\t\t<\/div>\n\t\t\t\t\t<\/div>\n\t\t<\/div>\n\t\t\t\t\t<\/div>\n\t\t<\/section>\n\t\t\t\t<\/div>\n\t\t","protected":false},"excerpt":{"rendered":"<p>Anasayfa Hakk\u0131m\u0131zda Medikal Hizmetler Hava Ambulans Kara Ambulans Medical Eskort Sedyeli U\u00e7u\u015f Maliyet Kontrol Hasta Takip Hizmetleri Yol Yard\u0131m Hizmetleri \u00c7ekici ve Kurtarma Hizmetleri Ara\u00e7 Kiralama G\u00fcmr\u00fck \u0130\u015flemleri Transport Hizmetleri U\u00e7ak Bileti Rezervasyonlar\u0131 Turizm Hizmetleri U\u00e7ak Bileti Rezervasyonu Otel Rezervasyonlar\u0131 Ara\u00e7 Kiralama Charter U\u00e7u\u015f \u0130leti\u015fim Need Help? Speak with a human to filling out a [&hellip;]<\/p>\n","protected":false},"author":1,"featured_media":0,"parent":0,"menu_order":0,"comment_status":"closed","ping_status":"closed","template":"tpl-default-elementor.php","meta":{"footnotes":""},"class_list":["post-1678","page","type-page","status-publish","hentry"],"_links":{"self":[{"href":"https:\/\/kodline.com\/fdemo\/wp-json\/wp\/v2\/pages\/1678","targetHints":{"allow":["GET"]}}],"collection":[{"href":"https:\/\/kodline.com\/fdemo\/wp-json\/wp\/v2\/pages"}],"about":[{"href":"https:\/\/kodline.com\/fdemo\/wp-json\/wp\/v2\/types\/page"}],"author":[{"embeddable":true,"href":"https:\/\/kodline.com\/fdemo\/wp-json\/wp\/v2\/users\/1"}],"replies":[{"embeddable":true,"href":"https:\/\/kodline.com\/fdemo\/wp-json\/wp\/v2\/comments?post=1678"}],"version-history":[{"count":4,"href":"https:\/\/kodline.com\/fdemo\/wp-json\/wp\/v2\/pages\/1678\/revisions"}],"predecessor-version":[{"id":1684,"href":"https:\/\/kodline.com\/fdemo\/wp-json\/wp\/v2\/pages\/1678\/revisions\/1684"}],"wp:attachment":[{"href":"https:\/\/kodline.com\/fdemo\/wp-json\/wp\/v2\/media?parent=1678"}],"curies":[{"name":"wp","href":"https:\/\/api.w.org\/{rel}","templated":true}]}}