{"id":1715,"date":"2024-12-17T23:56:30","date_gmt":"2024-12-17T23:56:30","guid":{"rendered":"https:\/\/kodline.com\/fdemo\/?page_id=1715"},"modified":"2024-12-17T23:58:13","modified_gmt":"2024-12-17T23:58:13","slug":"ucak-bileti-rezervasyonlari","status":"publish","type":"page","link":"https:\/\/kodline.com\/fdemo\/ucak-bileti-rezervasyonlari\/","title":{"rendered":"U\u00e7ak Bileti Rezervasyonlar\u0131"},"content":{"rendered":"\t\t<div data-elementor-type=\"wp-page\" data-elementor-id=\"1715\" class=\"elementor elementor-1715\">\n\t\t\t\t\t\t<section class=\"elementor-section elementor-top-section elementor-element elementor-element-c0e4633 elementor-section-full_width elementor-section-height-default elementor-section-height-default\" data-id=\"c0e4633\" data-element_type=\"section\">\n\t\t\t\t\t\t<div class=\"elementor-container elementor-column-gap-default\">\n\t\t\t\t\t<div class=\"elementor-column elementor-col-100 elementor-top-column elementor-element elementor-element-14af9d8\" data-id=\"14af9d8\" data-element_type=\"column\">\n\t\t\t<div class=\"elementor-widget-wrap\">\n\t\t\t\t\t\t\t<\/div>\n\t\t<\/div>\n\t\t\t\t\t<\/div>\n\t\t<\/section>\n\t\t\t\t<section class=\"elementor-section elementor-top-section elementor-element elementor-element-4934acc elementor-section-full_width elementor-section-height-default elementor-section-height-default\" data-id=\"4934acc\" data-element_type=\"section\">\n\t\t\t\t\t\t<div class=\"elementor-container elementor-column-gap-default\">\n\t\t\t\t\t<div class=\"elementor-column elementor-col-100 elementor-top-column elementor-element elementor-element-08a7c67\" data-id=\"08a7c67\" data-element_type=\"column\">\n\t\t\t<div class=\"elementor-widget-wrap elementor-element-populated\">\n\t\t\t\t\t\t<div class=\"elementor-element elementor-element-43851bf elementor-widget elementor-widget-ambons_service_detail\" data-id=\"43851bf\" data-element_type=\"widget\" data-widget_type=\"ambons_service_detail.default\">\n\t\t\t\t<div class=\"elementor-widget-container\">\n\t\t\t  \t\n    <!--Start Service Details area -->\n    <section class=\"service-details-area\">\n        <div class=\"container\">\n            <div class=\"row\">\n\t\t\t\t                <!--Start Service Details Sidebar -->\n                <div class=\"col-xl-4 col-lg-5 order-box-2\">\n                    <div class=\"service-details__sidebar\">\n\t\t\t\t\t\t<div id=\"nav_menu-5\" class=\"service-widget widget_nav_menu\"><div class=\"menu-main_menu-container\"><ul id=\"menu-main_menu\" class=\"menu\"><li id=\"menu-item-128\" class=\"menu-item menu-item-type-custom menu-item-object-custom menu-item-home menu-item-128\"><a href=\"https:\/\/kodline.com\/fdemo\/\">Anasayfa<\/a><\/li>\n<li id=\"menu-item-1578\" class=\"menu-item menu-item-type-custom menu-item-object-custom menu-item-1578\"><a href=\"https:\/\/kodline.com\/fdemo\/ucak-bileti-rezervasyonlari\/\">U\u00e7ak Bileti Rezervasyonu<\/a><\/li>\n<li id=\"menu-item-1576\" class=\"menu-item menu-item-type-custom menu-item-object-custom menu-item-1576\"><a href=\"https:\/\/kodline.com\/fdemo\/otel-rezervasyonlari\/\">Otel Rezervasyonlar\u0131<\/a><\/li>\n<li id=\"menu-item-1577\" class=\"menu-item menu-item-type-custom menu-item-object-custom menu-item-1577\"><a href=\"https:\/\/kodline.com\/fdemo\/arac-kiralama\/\">Ara\u00e7 Kiralama<\/a><\/li>\n<li id=\"menu-item-173\" class=\"menu-item menu-item-type-custom menu-item-object-custom menu-item-173\"><a href=\"https:\/\/kodline.com\/fdemo\/charter-ucus\/\">Charter U\u00e7u\u015f<\/a><\/li>\n<li id=\"menu-item-1733\" class=\"menu-item menu-item-type-custom menu-item-object-custom menu-item-1733\"><a href=\"https:\/\/kodline.com\/fdemo\/contact\/\">\u0130leti\u015fim<\/a><\/li>\n<li id=\"menu-item-167\" class=\"menu-item menu-item-type-custom menu-item-object-custom menu-item-167\"><a href=\"#\">Hakk\u0131m\u0131zda<\/a><\/li>\n<\/ul><\/div><\/div><div id=\"ambons_need_help-1\" class=\"service-widget widget_ambons_need_help\">      \t\t\n\t\t\t<div class=\"service-details-contact-info\" data-aos=\"slide-up\" data-aos-easing=\"linear\" data-aos-duration=\"1000\">\n                <div class=\"sidebar-info-box-bg\" style=\"background-image: url(http:\/\/fastwpdemo.com\/newwp\/ambons\/wp-content\/uploads\/2022\/03\/sidebar-info-box-bg.jpg);\"><\/div>\n                <h3> Need Help?<\/h3>                <p>Speak with a human to filling out a form? call corporate office and we will connect you with a team member who can help.<\/p>                <h2><a href=\"tel:+1-(246)333-0089\">+1-(246)333-0089<\/a><\/h2>            <\/div>\n                        \n        <\/div><div id=\"ambons_brochures-1\" class=\"service-widget widget_ambons_brochures\">      \t\t\n        <!--Start Single sidebar-->\n        <div class=\"info-download-box\" data-aos=\"slide-up\" data-aos-easing=\"linear\" data-aos-duration=\"1000\">\n            <ul>\n                <li>\n                    <div class=\"icon\">\n                        <span class=\"icon-checked-1\"><\/span>\n                    <\/div>\n                    <div class=\"title\">\n                        <h5><a href=\"\">Download our Broucher<\/a><\/h5>\n                    <\/div>\n                <\/li>\n            <\/ul>\n        <\/div>\n            \n\t\t<\/div>                    <\/div>\n                <\/div>\n                <!--End Service Details Sidebar -->\n\t\t\t\t                \n                <!--Start Service Details Content -->\n                <div class=\"col-xl-8 col-lg-7 order-box-1\">\n                    <div class=\"service-details__content\">\n                        \t\t\t\t\t\n\t\t\t\t\t\t<div class=\"img-box1\">\n\t\t\t\t\t\t\t<img decoding=\"async\" src=\"https:\/\/kodline.com\/fdemo\/wp-content\/uploads\/2024\/12\/2-7.jpg\" alt=\"Awesome Image\" \/>\n\t\t\t\t\t\t<\/div>\t\t\t\t\t\t\n\t\t\t\t\t  \t\t\t\t\t\t\t\n                        \t\t\t\t\t\t<div class=\"text-box1\">\t\t\t\t\t\t\n\t\t\t\t\t\t\t<h2>Medjet ile U\u00e7ak Bileti Rezervasyonlar\u0131<\/h2>\t\t\t\t\t\t\tMedjet, u\u00e7ak bileti sat\u0131\u015flar\u0131 konusunda kullan\u0131c\u0131lar\u0131na geni\u015f bir se\u00e7enek yelpazesi sunarak, seyahat planlar\u0131n\u0131 daha kolay ve ekonomik hale getiriyor. Hem yurt i\u00e7i hem de yurt d\u0131\u015f\u0131 u\u00e7u\u015flar i\u00e7in bilet sat\u0131\u015f\u0131 yapan Medjet, m\u00fc\u015fteri memnuniyetini \u00f6n planda tutarak, seyahatseverlere uygun fiyatl\u0131 ve konforlu u\u00e7u\u015flar temin eder.\t\t\t\t\t\t<\/div>\n\t\t\t\t\t\t\n                        <div class=\"text-box2\">\n                            <div class=\"row\">\n                                                                <div class=\"col-xl-6\">\n                                    <div class=\"text-box2-single\" data-aos=\"fade-right\" data-aos-easing=\"linear\"\n                                        data-aos-duration=\"2500\">\n                                        <h4>\n                                            <span class=\"icon-right-arrow\"><\/span> Uygun Fiyatl\u0131 ve Kolay U\u00e7ak Bileti Rezervasyonu                                        <\/h4>\n                                        <p>Medjet, yurt i\u00e7i ve yurt d\u0131\u015f\u0131 u\u00e7u\u015flar i\u00e7in geni\u015f se\u00e7enekler sunarak, seyahatinizi daha ekonomik ve zahmetsiz hale getiriyor.<\/p>\n                                    <\/div>\n                                <\/div>\n\t\t\t\t\t\t\t\t                                <div class=\"col-xl-6\">\n                                    <div class=\"text-box2-single\" data-aos=\"fade-left\" data-aos-easing=\"linear\"\n                                        data-aos-duration=\"2500\">\n                                        <h4>\n                                            <span class=\"icon-right-arrow\"><\/span> Konforlu ve G\u00fcvenilir U\u00e7u\u015f Deneyimi                                        <\/h4>\n                                        <p>Medjet, m\u00fc\u015fteri memnuniyetini \u00f6n planda tutarak, uygun fiyatlarla konforlu u\u00e7ak bileti rezervasyonu imk\u00e2n\u0131 sunar.<\/p>\n                                    <\/div>\n                                <\/div>\n\t\t\t\t\t\t\t\t                            <\/div>\n                        <\/div>\n\n                       \n                        <div class=\"text-box4\">\n                            <div class=\"row\">\n                                <div class=\"col-xl-6\">\n                                    <div class=\"content-box\">\n                                        <h2>Bizimle Farkl\u0131<\/h2>                                        <p>Medjet, hem yurt i\u00e7i hem de yurt d\u0131\u015f\u0131ndaki farkl\u0131 destinasyonlar i\u00e7in \u00e7ok say\u0131da havayolu \u015firketiyle i\u015f birli\u011fi yapar. B\u00f6ylece, seyahatiniz i\u00e7in ihtiyac\u0131n\u0131za en uygun u\u00e7u\u015f saatini, havayolunu ve rotay\u0131 se\u00e7ebilirsiniz. .<\/p>\t\t\t\t\t\t\t\t\t\t\t\t\t\t\t\t\t\t\t\t<ul>\n\t\t\t\t\t\t\t\t\t\t\t\t\t\t\t\t\t\t\t\t\t   \t<li><span class=\"icon-checked\"><\/span> Geni\u015f U\u00e7u\u015f Se\u00e7enekleri<\/li>\n\t\t\t\t\t\t\t\t\t\t\t\t\t\t\t\t\t\t\t\t\t   \t<li><span class=\"icon-checked\"><\/span> Ekonomik Fiyatlar<\/li>\n\t\t\t\t\t\t\t\t\t\t\t\t\t\t\t\t\t\t\t\t\t   \t<li><span class=\"icon-checked\"><\/span> Kolay Rezervasyon<\/li>\n\t\t\t\t\t\t\t\t\t\t\t\t\t\t\t\t\t\t\t\t\t   \t<li><span class=\"icon-checked\"><\/span> M\u00fc\u015fteri Odakl\u0131 Hizmet<\/li>\n\t\t\t\t\t\t\t\t\t\t\t\t\t\t\t\t\t\t\t\t\t   \t<li><span class=\"icon-checked\"><\/span> Esnek Seyahat Planlamas\u0131<\/li>\n\t\t\t\t\t\t\t\t\t\t\t\t\t\t\t\t\t\t\t\t\t<\/ul>\n\t\t\t\t\t\t\t\t\t\t                                    <\/div>\n                                <\/div>\n\t\t\t\t\t\t\t\t                                <div class=\"col-xl-6\">\n                                    <div class=\"img-box\">\n                                        <img decoding=\"async\" src=\"https:\/\/kodline.com\/fdemo\/wp-content\/uploads\/2024\/12\/3-7.jpg\" alt=\"Awesome Image\" \/>\n                                    <\/div>\n                                <\/div>\n\t\t\t\t\t\t\t\t                            <\/div>\n                        <\/div>\n\n                        <div class=\"faq-style1__content\">\n                            <ul class=\"accordion-box\">\n                                                                <li class=\"accordion block active-block\">\n                                    <div class=\"acc-btn active\">\n                                        <div class=\"icon-outer\">\n                                            <i class=\"icon-down-arrow\"><\/i>\n                                        <\/div>\n                                        <h3>Medjet u\u00e7ak bileti rezervasyonu nas\u0131l yap\u0131l\u0131r?<\/h3>\n                                    <\/div>\n                                    <div class=\"acc-content current\">\n                                        <p>Medjet, online platformlar veya \u00e7a\u011fr\u0131 merkezi arac\u0131l\u0131\u011f\u0131yla h\u0131zl\u0131 ve kolay rezervasyon yapman\u0131z\u0131 sa\u011flar.<\/p>\n                                    <\/div>\n                                <\/li>\n                                                                <li class=\"accordion block \">\n                                    <div class=\"acc-btn \">\n                                        <div class=\"icon-outer\">\n                                            <i class=\"icon-down-arrow\"><\/i>\n                                        <\/div>\n                                        <h3>Medjet hangi u\u00e7u\u015flar\u0131 kaps\u0131yor?<\/h3>\n                                    <\/div>\n                                    <div class=\"acc-content \">\n                                        <p>Medjet, yurt i\u00e7i ve yurt d\u0131\u015f\u0131ndaki geni\u015f u\u00e7u\u015f a\u011f\u0131 sayesinde \u00e7ok say\u0131da havayolunun biletlerini sunar.<\/p>\n                                    <\/div>\n                                <\/li>\n                                                                <li class=\"accordion block \">\n                                    <div class=\"acc-btn \">\n                                        <div class=\"icon-outer\">\n                                            <i class=\"icon-down-arrow\"><\/i>\n                                        <\/div>\n                                        <h3>Medjet u\u00e7ak bileti rezervasyonu neden avantajl\u0131?<\/h3>\n                                    <\/div>\n                                    <div class=\"acc-content \">\n                                        <p>Medjet, uygun fiyatlar, geni\u015f u\u00e7u\u015f se\u00e7enekleri ve kolay rezervasyon s\u00fcre\u00e7leri ile seyahatinizi daha rahat ve ekonomik hale getirir.<\/p>\n                                    <\/div>\n                                <\/li>\n                                                            <\/ul>\n                        <\/div>\n                    <\/div>\n                <\/div>\n                <!--End Service Details Content -->\n            <\/div>\n        <\/div>\n    <\/section>\n    <!--End Service Details area -->\n    \n    \t\t<\/div>\n\t\t\t\t<\/div>\n\t\t\t\t\t<\/div>\n\t\t<\/div>\n\t\t\t\t\t<\/div>\n\t\t<\/section>\n\t\t\t\t<section class=\"elementor-section elementor-top-section elementor-element elementor-element-e69d7a0 elementor-section-full_width elementor-section-height-default elementor-section-height-default\" data-id=\"e69d7a0\" data-element_type=\"section\">\n\t\t\t\t\t\t<div class=\"elementor-container elementor-column-gap-default\">\n\t\t\t\t\t<div class=\"elementor-column elementor-col-100 elementor-top-column elementor-element elementor-element-9b57a04\" data-id=\"9b57a04\" data-element_type=\"column\">\n\t\t\t<div class=\"elementor-widget-wrap elementor-element-populated\">\n\t\t\t\t\t\t<div class=\"elementor-element elementor-element-21c430b elementor-widget elementor-widget-ambons_slogan\" data-id=\"21c430b\" data-element_type=\"widget\" data-widget_type=\"ambons_slogan.default\">\n\t\t\t\t<div class=\"elementor-widget-container\">\n\t\t\t    \n    <!--Start slogan area-->\n    <section class=\"slogan-area\">\n                <div class=\"map-box wow slideInRight\" data-wow-delay=\"1400ms\" data-wow-duration=\"5500ms\">\n            <img decoding=\"async\" class=\"float-bob\" src=\"https:\/\/kodline.com\/fdemo\/wp-content\/uploads\/2022\/03\/map.png\" alt=\"Awesome Image\">\n        <\/div>\n                \n        <div class=\"container\">\n            <div class=\"row\">\n                                <div class=\"col-xl-5 col-lg-12\">\n                    <div class=\"slogan-img-box\">\n                        <div class=\"inner wow slideInLeft\" data-wow-delay=\"400ms\" data-wow-duration=\"3500ms\">\n                            <img decoding=\"async\" class=\"float-bob-y\" src=\"https:\/\/kodline.com\/fdemo\/wp-content\/uploads\/2024\/12\/Varlik-1@100x60-1.png\" alt=\"Awesome Image\">\n                        <\/div>\n                    <\/div>\n                <\/div>\n                                \n\t\t\t\t                <div class=\"col-xl-5 col-lg-12\">\n                    <div class=\"slogan-text-box\">\n                        <h2>U\u00e7mak Hi\u00e7 Bu Kadar Kolay ve Ekonomik Olmam\u0131\u015ft\u0131!<\/h2>                        <h4>7\/24 \u0130leti\u015fim <a href=\"tel:123456789\">+ 1- (246) 333-0089<\/a><\/h4>                    <\/div>\n                <\/div>\n                                \n                                <div class=\"col-xl-2 col-lg-12\">\n                    <div class=\"slogan-btn-box\">\n                        <a class=\"btn-one\" href=\"#\">\n                            <span class=\"txt\">\u0130leti\u015fime Ge\u00e7<\/span>\n                        <\/a>\n                    <\/div>\n                <\/div>\n                                \n            <\/div>\n        <\/div>\n    <\/section>\n    <!--End slogan area-->\n        \n\t\t\t<\/div>\n\t\t\t\t<\/div>\n\t\t\t\t\t<\/div>\n\t\t<\/div>\n\t\t\t\t\t<\/div>\n\t\t<\/section>\n\t\t\t\t<\/div>\n\t\t","protected":false},"excerpt":{"rendered":"<p>Anasayfa Hakk\u0131m\u0131zda Medikal Hizmetler Hava Ambulans Kara Ambulans Medical Eskort Sedyeli U\u00e7u\u015f Maliyet Kontrol Hasta Takip Hizmetleri Yol Yard\u0131m Hizmetleri \u00c7ekici ve Kurtarma Hizmetleri Ara\u00e7 Kiralama G\u00fcmr\u00fck \u0130\u015flemleri Transport Hizmetleri U\u00e7ak Bileti Rezervasyonlar\u0131 Turizm Hizmetleri U\u00e7ak Bileti Rezervasyonu Otel Rezervasyonlar\u0131 Ara\u00e7 Kiralama Charter U\u00e7u\u015f \u0130leti\u015fim Need Help? Speak with a human to filling out a [&hellip;]<\/p>\n","protected":false},"author":1,"featured_media":0,"parent":0,"menu_order":0,"comment_status":"closed","ping_status":"closed","template":"tpl-default-elementor.php","meta":{"footnotes":""},"class_list":["post-1715","page","type-page","status-publish","hentry"],"_links":{"self":[{"href":"https:\/\/kodline.com\/fdemo\/wp-json\/wp\/v2\/pages\/1715","targetHints":{"allow":["GET"]}}],"collection":[{"href":"https:\/\/kodline.com\/fdemo\/wp-json\/wp\/v2\/pages"}],"about":[{"href":"https:\/\/kodline.com\/fdemo\/wp-json\/wp\/v2\/types\/page"}],"author":[{"embeddable":true,"href":"https:\/\/kodline.com\/fdemo\/wp-json\/wp\/v2\/users\/1"}],"replies":[{"embeddable":true,"href":"https:\/\/kodline.com\/fdemo\/wp-json\/wp\/v2\/comments?post=1715"}],"version-history":[{"count":4,"href":"https:\/\/kodline.com\/fdemo\/wp-json\/wp\/v2\/pages\/1715\/revisions"}],"predecessor-version":[{"id":1722,"href":"https:\/\/kodline.com\/fdemo\/wp-json\/wp\/v2\/pages\/1715\/revisions\/1722"}],"wp:attachment":[{"href":"https:\/\/kodline.com\/fdemo\/wp-json\/wp\/v2\/media?parent=1715"}],"curies":[{"name":"wp","href":"https:\/\/api.w.org\/{rel}","templated":true}]}}