{"id":1737,"date":"2024-12-18T20:13:26","date_gmt":"2024-12-18T20:13:26","guid":{"rendered":"https:\/\/kodline.com\/fdemo\/?page_id=1737"},"modified":"2024-12-18T20:20:06","modified_gmt":"2024-12-18T20:20:06","slug":"yol-kenari","status":"publish","type":"page","link":"https:\/\/kodline.com\/fdemo\/yol-kenari\/","title":{"rendered":"Yol Kenar\u0131"},"content":{"rendered":"\t\t<div data-elementor-type=\"wp-page\" data-elementor-id=\"1737\" class=\"elementor elementor-1737\">\n\t\t\t\t\t\t<section class=\"elementor-section elementor-top-section elementor-element elementor-element-d3db85f elementor-section-full_width elementor-section-height-default elementor-section-height-default\" data-id=\"d3db85f\" data-element_type=\"section\">\n\t\t\t\t\t\t<div class=\"elementor-container elementor-column-gap-default\">\n\t\t\t\t\t<div class=\"elementor-column elementor-col-100 elementor-top-column elementor-element elementor-element-fee10dc\" data-id=\"fee10dc\" data-element_type=\"column\">\n\t\t\t<div class=\"elementor-widget-wrap\">\n\t\t\t\t\t\t\t<\/div>\n\t\t<\/div>\n\t\t\t\t\t<\/div>\n\t\t<\/section>\n\t\t\t\t<section class=\"elementor-section elementor-top-section elementor-element elementor-element-09887ca elementor-section-full_width elementor-section-height-default elementor-section-height-default\" data-id=\"09887ca\" data-element_type=\"section\">\n\t\t\t\t\t\t<div class=\"elementor-container elementor-column-gap-default\">\n\t\t\t\t\t<div class=\"elementor-column elementor-col-100 elementor-top-column elementor-element elementor-element-83a9ae2\" data-id=\"83a9ae2\" data-element_type=\"column\">\n\t\t\t<div class=\"elementor-widget-wrap elementor-element-populated\">\n\t\t\t\t\t\t<div class=\"elementor-element elementor-element-9920753 elementor-widget elementor-widget-ambons_service_detail\" data-id=\"9920753\" data-element_type=\"widget\" data-widget_type=\"ambons_service_detail.default\">\n\t\t\t\t<div class=\"elementor-widget-container\">\n\t\t\t  \t\n    <!--Start Service Details area -->\n    <section class=\"service-details-area\">\n        <div class=\"container\">\n            <div class=\"row\">\n\t\t\t\t                <!--Start Service Details Sidebar -->\n                <div class=\"col-xl-4 col-lg-5 order-box-2\">\n                    <div class=\"service-details__sidebar\">\n\t\t\t\t\t\t<div id=\"nav_menu-5\" class=\"service-widget widget_nav_menu\"><div class=\"menu-main_menu-container\"><ul id=\"menu-main_menu\" class=\"menu\"><li id=\"menu-item-128\" class=\"menu-item menu-item-type-custom menu-item-object-custom menu-item-home menu-item-128\"><a href=\"https:\/\/kodline.com\/fdemo\/\">Anasayfa<\/a><\/li>\n<li id=\"menu-item-1578\" class=\"menu-item menu-item-type-custom menu-item-object-custom menu-item-1578\"><a href=\"https:\/\/kodline.com\/fdemo\/ucak-bileti-rezervasyonlari\/\">U\u00e7ak Bileti Rezervasyonu<\/a><\/li>\n<li id=\"menu-item-1576\" class=\"menu-item menu-item-type-custom menu-item-object-custom menu-item-1576\"><a href=\"https:\/\/kodline.com\/fdemo\/otel-rezervasyonlari\/\">Otel Rezervasyonlar\u0131<\/a><\/li>\n<li id=\"menu-item-1577\" class=\"menu-item menu-item-type-custom menu-item-object-custom menu-item-1577\"><a href=\"https:\/\/kodline.com\/fdemo\/arac-kiralama\/\">Ara\u00e7 Kiralama<\/a><\/li>\n<li id=\"menu-item-173\" class=\"menu-item menu-item-type-custom menu-item-object-custom menu-item-173\"><a href=\"https:\/\/kodline.com\/fdemo\/charter-ucus\/\">Charter U\u00e7u\u015f<\/a><\/li>\n<li id=\"menu-item-1733\" class=\"menu-item menu-item-type-custom menu-item-object-custom menu-item-1733\"><a href=\"https:\/\/kodline.com\/fdemo\/contact\/\">\u0130leti\u015fim<\/a><\/li>\n<li id=\"menu-item-167\" class=\"menu-item menu-item-type-custom menu-item-object-custom menu-item-167\"><a href=\"#\">Hakk\u0131m\u0131zda<\/a><\/li>\n<\/ul><\/div><\/div><div id=\"ambons_need_help-1\" class=\"service-widget widget_ambons_need_help\">      \t\t\n\t\t\t<div class=\"service-details-contact-info\" data-aos=\"slide-up\" data-aos-easing=\"linear\" data-aos-duration=\"1000\">\n                <div class=\"sidebar-info-box-bg\" style=\"background-image: url(http:\/\/fastwpdemo.com\/newwp\/ambons\/wp-content\/uploads\/2022\/03\/sidebar-info-box-bg.jpg);\"><\/div>\n                <h3> Need Help?<\/h3>                <p>Speak with a human to filling out a form? call corporate office and we will connect you with a team member who can help.<\/p>                <h2><a href=\"tel:+1-(246)333-0089\">+1-(246)333-0089<\/a><\/h2>            <\/div>\n                        \n        <\/div><div id=\"ambons_brochures-1\" class=\"service-widget widget_ambons_brochures\">      \t\t\n        <!--Start Single sidebar-->\n        <div class=\"info-download-box\" data-aos=\"slide-up\" data-aos-easing=\"linear\" data-aos-duration=\"1000\">\n            <ul>\n                <li>\n                    <div class=\"icon\">\n                        <span class=\"icon-checked-1\"><\/span>\n                    <\/div>\n                    <div class=\"title\">\n                        <h5><a href=\"\">Download our Broucher<\/a><\/h5>\n                    <\/div>\n                <\/li>\n            <\/ul>\n        <\/div>\n            \n\t\t<\/div>                    <\/div>\n                <\/div>\n                <!--End Service Details Sidebar -->\n\t\t\t\t                \n                <!--Start Service Details Content -->\n                <div class=\"col-xl-8 col-lg-7 order-box-1\">\n                    <div class=\"service-details__content\">\n                        \t\t\t\t\t\n\t\t\t\t\t\t<div class=\"img-box1\">\n\t\t\t\t\t\t\t<img decoding=\"async\" src=\"https:\/\/kodline.com\/fdemo\/wp-content\/uploads\/2024\/12\/1-4.jpg\" alt=\"Awesome Image\" \/>\n\t\t\t\t\t\t<\/div>\t\t\t\t\t\t\n\t\t\t\t\t  \t\t\t\t\t\t\t\n                        \t\t\t\t\t\t<div class=\"text-box1\">\t\t\t\t\t\t\n\t\t\t\t\t\t\t<h2>Yol Yard\u0131m<\/h2>\t\t\t\t\t\t\tMedjet, yaln\u0131zca acil t\u0131bbi hizmetler ve ara\u00e7 kurtarma sa\u011flamakla kalmaz, ayn\u0131 zamanda yol kenar\u0131nda ara\u00e7 tamiri hizmeti de sunarak, s\u00fcr\u00fcc\u00fclere g\u00fcvenli ve h\u0131zl\u0131 bir \u00e7\u00f6z\u00fcm sa\u011flar. Yol kenar\u0131nda ara\u00e7 tamiri, \u00f6zellikle uzun yolculuklar s\u0131ras\u0131nda veya \u0131ss\u0131z b\u00f6lgelerde ara\u00e7 ar\u0131zas\u0131 ya\u015fayan s\u00fcr\u00fcc\u00fcler i\u00e7in b\u00fcy\u00fck \u00f6nem ta\u015f\u0131r. Medjet'in sundu\u011fu bu hizmet, ara\u00e7lar\u0131n m\u00fcmk\u00fcn olan en k\u0131sa s\u00fcrede \u00e7al\u0131\u015f\u0131r duruma getirilmesini sa\u011flayarak, s\u00fcr\u00fcc\u00fcn\u00fcn zaman kayb\u0131 ya\u015famadan yola devam etmesine olanak tan\u0131r.\t\t\t\t\t\t<\/div>\n\t\t\t\t\t\t\n                        <div class=\"text-box2\">\n                            <div class=\"row\">\n                                                                <div class=\"col-xl-6\">\n                                    <div class=\"text-box2-single\" data-aos=\"fade-right\" data-aos-easing=\"linear\"\n                                        data-aos-duration=\"2500\">\n                                        <h4>\n                                            <span class=\"icon-right-arrow\"><\/span> Medjet\u2019in Acil Durum Hizmetleri                                        <\/h4>\n                                        <p>Medjet, acil t\u0131bbi yard\u0131m ve ara\u00e7 kurtarma hizmetleri sunarak, s\u00fcr\u00fcc\u00fclerin zor anlar\u0131nda g\u00fcvenilir bir destek sa\u011flar<\/p>\n                                    <\/div>\n                                <\/div>\n\t\t\t\t\t\t\t\t                                <div class=\"col-xl-6\">\n                                    <div class=\"text-box2-single\" data-aos=\"fade-left\" data-aos-easing=\"linear\"\n                                        data-aos-duration=\"2500\">\n                                        <h4>\n                                            <span class=\"icon-right-arrow\"><\/span> Yol Kenar\u0131 Ara\u00e7 Tamiri Hizmeti                                        <\/h4>\n                                        <p>Medjet, yaln\u0131zca kurtarma hizmetleriyle s\u0131n\u0131rl\u0131 kalmaz; ara\u00e7 ar\u0131zas\u0131 durumlar\u0131nda yol kenar\u0131nda tamir hizmeti sa\u011flayarak s\u00fcr\u00fcc\u00fclere h\u0131zl\u0131 ve g\u00fcvenli \u00e7\u00f6z\u00fcmler sunar.<\/p>\n                                    <\/div>\n                                <\/div>\n\t\t\t\t\t\t\t\t                            <\/div>\n                        <\/div>\n\n                       \n                        <div class=\"text-box4\">\n                            <div class=\"row\">\n                                <div class=\"col-xl-6\">\n                                    <div class=\"content-box\">\n                                        <h2>Bizimle Farkl\u0131<\/h2>                                        <p>Medjet, ar\u0131zalanan ara\u00e7lar\u0131 yerinde onararak s\u00fcr\u00fcc\u00fclerin zaman kaybetmeden yollar\u0131na devam etmelerini sa\u011flar. Bu hizmet, \u00f6zellikle uzun yolculuklarda veya eri\u015fimi zor b\u00f6lgelerde b\u00fcy\u00fck kolayl\u0131k sunar.<\/p>\t\t\t\t\t\t\t\t\t\t\t\t\t\t\t\t\t\t\t\t<ul>\n\t\t\t\t\t\t\t\t\t\t\t\t\t\t\t\t\t\t\t\t\t   \t<li><span class=\"icon-checked\"><\/span> H\u0131zl\u0131 M\u00fcdahale<\/li>\n\t\t\t\t\t\t\t\t\t\t\t\t\t\t\t\t\t\t\t\t\t   \t<li><span class=\"icon-checked\"><\/span> Uzmanl\u0131k<\/li>\n\t\t\t\t\t\t\t\t\t\t\t\t\t\t\t\t\t\t\t\t\t   \t<li><span class=\"icon-checked\"><\/span> G\u00fcvenli Seyahat<\/li>\n\t\t\t\t\t\t\t\t\t\t\t\t\t\t\t\t\t\t\t\t\t   \t<li><span class=\"icon-checked\"><\/span> 24\/7 Hizmet<\/li>\n\t\t\t\t\t\t\t\t\t\t\t\t\t\t\t\t\t\t\t\t\t<\/ul>\n\t\t\t\t\t\t\t\t\t\t                                    <\/div>\n                                <\/div>\n\t\t\t\t\t\t\t\t                                <div class=\"col-xl-6\">\n                                    <div class=\"img-box\">\n                                        <img decoding=\"async\" src=\"https:\/\/kodline.com\/fdemo\/wp-content\/uploads\/2024\/12\/yolyardim.jpg\" alt=\"Awesome Image\" \/>\n                                    <\/div>\n                                <\/div>\n\t\t\t\t\t\t\t\t                            <\/div>\n                        <\/div>\n\n                        <div class=\"faq-style1__content\">\n                            <ul class=\"accordion-box\">\n                                                                <li class=\"accordion block active-block\">\n                                    <div class=\"acc-btn active\">\n                                        <div class=\"icon-outer\">\n                                            <i class=\"icon-down-arrow\"><\/i>\n                                        <\/div>\n                                        <h3>Medjet\u2019in yol kenar\u0131 ara\u00e7 tamiri hizmetinin temel amac\u0131 nedir?<\/h3>\n                                    <\/div>\n                                    <div class=\"acc-content current\">\n                                        <p>Medjet\u2019in temel amac\u0131, m\u00fc\u015fterilerimizin seyahat s\u00fcreklili\u011fini sa\u011flamak ve beklenmedik ar\u0131za durumlar\u0131nda h\u0131zl\u0131, g\u00fcvenilir ve profesyonel \u00e7\u00f6z\u00fcmler sunmakt\u0131r.<\/p>\n                                    <\/div>\n                                <\/li>\n                                                                <li class=\"accordion block \">\n                                    <div class=\"acc-btn \">\n                                        <div class=\"icon-outer\">\n                                            <i class=\"icon-down-arrow\"><\/i>\n                                        <\/div>\n                                        <h3>Bu hizmet hangi ko\u015fullarda devreye al\u0131nmaktad\u0131r?<\/h3>\n                                    <\/div>\n                                    <div class=\"acc-content \">\n                                        <p>Yol kenar\u0131 ara\u00e7 tamiri hizmetimiz, m\u00fc\u015fterilerimizin yolda kar\u015f\u0131la\u015ft\u0131\u011f\u0131 teknik aksakl\u0131klar\u0131n h\u0131zl\u0131ca \u00e7\u00f6z\u00fclebilece\u011fi durumlarda, yerinde m\u00fcdahale prensibiyle devreye al\u0131n\u0131r.<\/p>\n                                    <\/div>\n                                <\/li>\n                                                                <li class=\"accordion block \">\n                                    <div class=\"acc-btn \">\n                                        <div class=\"icon-outer\">\n                                            <i class=\"icon-down-arrow\"><\/i>\n                                        <\/div>\n                                        <h3>Medjet\u2019in hizmet fark\u0131 nedir?<\/h3>\n                                    <\/div>\n                                    <div class=\"acc-content \">\n                                        <p>Medjet, teknik uzmanl\u0131\u011f\u0131 ve h\u0131zl\u0131 operasyonel s\u00fcre\u00e7leri ile m\u00fc\u015fterilerine g\u00fcvenli, ekonomik ve zaman kazand\u0131ran bir hizmet deneyimi sunar.<\/p>\n                                    <\/div>\n                                <\/li>\n                                                            <\/ul>\n                        <\/div>\n                    <\/div>\n                <\/div>\n                <!--End Service Details Content -->\n            <\/div>\n        <\/div>\n    <\/section>\n    <!--End Service Details area -->\n    \n    \t\t<\/div>\n\t\t\t\t<\/div>\n\t\t\t\t\t<\/div>\n\t\t<\/div>\n\t\t\t\t\t<\/div>\n\t\t<\/section>\n\t\t\t\t<\/div>\n\t\t","protected":false},"excerpt":{"rendered":"<p>Anasayfa Hakk\u0131m\u0131zda Medikal Hizmetler Hava Ambulans Kara Ambulans Medical Eskort Sedyeli U\u00e7u\u015f Maliyet Kontrol Hasta Takip Hizmetleri Yol Yard\u0131m Hizmetleri \u00c7ekici ve Kurtarma Hizmetleri Yol Kenar\u0131 Teknik Servis Ara\u00e7 Kiralama G\u00fcmr\u00fck \u0130\u015flemleri Transport Hizmetleri U\u00e7ak Bileti Rezervasyonlar\u0131 Turizm Hizmetleri U\u00e7ak Bileti Rezervasyonu Otel Rezervasyonlar\u0131 Ara\u00e7 Kiralama Charter U\u00e7u\u015f \u0130leti\u015fim Need Help? Speak with a human [&hellip;]<\/p>\n","protected":false},"author":1,"featured_media":0,"parent":0,"menu_order":0,"comment_status":"closed","ping_status":"closed","template":"tpl-default-elementor.php","meta":{"footnotes":""},"class_list":["post-1737","page","type-page","status-publish","hentry"],"_links":{"self":[{"href":"https:\/\/kodline.com\/fdemo\/wp-json\/wp\/v2\/pages\/1737","targetHints":{"allow":["GET"]}}],"collection":[{"href":"https:\/\/kodline.com\/fdemo\/wp-json\/wp\/v2\/pages"}],"about":[{"href":"https:\/\/kodline.com\/fdemo\/wp-json\/wp\/v2\/types\/page"}],"author":[{"embeddable":true,"href":"https:\/\/kodline.com\/fdemo\/wp-json\/wp\/v2\/users\/1"}],"replies":[{"embeddable":true,"href":"https:\/\/kodline.com\/fdemo\/wp-json\/wp\/v2\/comments?post=1737"}],"version-history":[{"count":7,"href":"https:\/\/kodline.com\/fdemo\/wp-json\/wp\/v2\/pages\/1737\/revisions"}],"predecessor-version":[{"id":1745,"href":"https:\/\/kodline.com\/fdemo\/wp-json\/wp\/v2\/pages\/1737\/revisions\/1745"}],"wp:attachment":[{"href":"https:\/\/kodline.com\/fdemo\/wp-json\/wp\/v2\/media?parent=1737"}],"curies":[{"name":"wp","href":"https:\/\/api.w.org\/{rel}","templated":true}]}}