{"id":1779,"date":"2024-12-18T21:48:55","date_gmt":"2024-12-18T21:48:55","guid":{"rendered":"https:\/\/kodline.com\/fdemo\/?page_id=1779"},"modified":"2024-12-18T21:52:05","modified_gmt":"2024-12-18T21:52:05","slug":"charter-ucus","status":"publish","type":"page","link":"https:\/\/kodline.com\/fdemo\/charter-ucus\/","title":{"rendered":"Charter U\u00e7u\u015f"},"content":{"rendered":"\t\t<div data-elementor-type=\"wp-page\" data-elementor-id=\"1779\" class=\"elementor elementor-1779\">\n\t\t\t\t\t\t<section class=\"elementor-section elementor-top-section elementor-element elementor-element-40db587 elementor-section-full_width elementor-section-height-default elementor-section-height-default\" data-id=\"40db587\" data-element_type=\"section\">\n\t\t\t\t\t\t<div class=\"elementor-container elementor-column-gap-default\">\n\t\t\t\t\t<div class=\"elementor-column elementor-col-100 elementor-top-column elementor-element elementor-element-c2033a1\" data-id=\"c2033a1\" data-element_type=\"column\">\n\t\t\t<div class=\"elementor-widget-wrap\">\n\t\t\t\t\t\t\t<\/div>\n\t\t<\/div>\n\t\t\t\t\t<\/div>\n\t\t<\/section>\n\t\t\t\t<section class=\"elementor-section elementor-top-section elementor-element elementor-element-a5b2b9a elementor-section-full_width elementor-section-height-default elementor-section-height-default\" data-id=\"a5b2b9a\" data-element_type=\"section\">\n\t\t\t\t\t\t<div class=\"elementor-container elementor-column-gap-default\">\n\t\t\t\t\t<div class=\"elementor-column elementor-col-100 elementor-top-column elementor-element elementor-element-3b9d3d2\" data-id=\"3b9d3d2\" data-element_type=\"column\">\n\t\t\t<div class=\"elementor-widget-wrap elementor-element-populated\">\n\t\t\t\t\t\t<div class=\"elementor-element elementor-element-fa32ee8 elementor-widget elementor-widget-ambons_service_detail\" data-id=\"fa32ee8\" data-element_type=\"widget\" data-widget_type=\"ambons_service_detail.default\">\n\t\t\t\t<div class=\"elementor-widget-container\">\n\t\t\t  \t\n    <!--Start Service Details area -->\n    <section class=\"service-details-area\">\n        <div class=\"container\">\n            <div class=\"row\">\n\t\t\t\t                <!--Start Service Details Sidebar -->\n                <div class=\"col-xl-4 col-lg-5 order-box-2\">\n                    <div class=\"service-details__sidebar\">\n\t\t\t\t\t\t<div id=\"nav_menu-5\" class=\"service-widget widget_nav_menu\"><div class=\"menu-main_menu-container\"><ul id=\"menu-main_menu\" class=\"menu\"><li id=\"menu-item-128\" class=\"menu-item menu-item-type-custom menu-item-object-custom menu-item-home menu-item-128\"><a href=\"https:\/\/kodline.com\/fdemo\/\">Anasayfa<\/a><\/li>\n<li id=\"menu-item-1578\" class=\"menu-item menu-item-type-custom menu-item-object-custom menu-item-1578\"><a href=\"https:\/\/kodline.com\/fdemo\/ucak-bileti-rezervasyonlari\/\">U\u00e7ak Bileti Rezervasyonu<\/a><\/li>\n<li id=\"menu-item-1576\" class=\"menu-item menu-item-type-custom menu-item-object-custom menu-item-1576\"><a href=\"https:\/\/kodline.com\/fdemo\/otel-rezervasyonlari\/\">Otel Rezervasyonlar\u0131<\/a><\/li>\n<li id=\"menu-item-1577\" class=\"menu-item menu-item-type-custom menu-item-object-custom menu-item-1577\"><a href=\"https:\/\/kodline.com\/fdemo\/arac-kiralama\/\">Ara\u00e7 Kiralama<\/a><\/li>\n<li id=\"menu-item-173\" class=\"menu-item menu-item-type-custom menu-item-object-custom menu-item-173\"><a href=\"https:\/\/kodline.com\/fdemo\/charter-ucus\/\">Charter U\u00e7u\u015f<\/a><\/li>\n<li id=\"menu-item-1733\" class=\"menu-item menu-item-type-custom menu-item-object-custom menu-item-1733\"><a href=\"https:\/\/kodline.com\/fdemo\/contact\/\">\u0130leti\u015fim<\/a><\/li>\n<li id=\"menu-item-167\" class=\"menu-item menu-item-type-custom menu-item-object-custom menu-item-167\"><a href=\"#\">Hakk\u0131m\u0131zda<\/a><\/li>\n<\/ul><\/div><\/div><div id=\"ambons_need_help-1\" class=\"service-widget widget_ambons_need_help\">      \t\t\n\t\t\t<div class=\"service-details-contact-info\" data-aos=\"slide-up\" data-aos-easing=\"linear\" data-aos-duration=\"1000\">\n                <div class=\"sidebar-info-box-bg\" style=\"background-image: url(http:\/\/fastwpdemo.com\/newwp\/ambons\/wp-content\/uploads\/2022\/03\/sidebar-info-box-bg.jpg);\"><\/div>\n                <h3> Need Help?<\/h3>                <p>Speak with a human to filling out a form? call corporate office and we will connect you with a team member who can help.<\/p>                <h2><a href=\"tel:+1-(246)333-0089\">+1-(246)333-0089<\/a><\/h2>            <\/div>\n                        \n        <\/div><div id=\"ambons_brochures-1\" class=\"service-widget widget_ambons_brochures\">      \t\t\n        <!--Start Single sidebar-->\n        <div class=\"info-download-box\" data-aos=\"slide-up\" data-aos-easing=\"linear\" data-aos-duration=\"1000\">\n            <ul>\n                <li>\n                    <div class=\"icon\">\n                        <span class=\"icon-checked-1\"><\/span>\n                    <\/div>\n                    <div class=\"title\">\n                        <h5><a href=\"\">Download our Broucher<\/a><\/h5>\n                    <\/div>\n                <\/li>\n            <\/ul>\n        <\/div>\n            \n\t\t<\/div>                    <\/div>\n                <\/div>\n                <!--End Service Details Sidebar -->\n\t\t\t\t                \n                <!--Start Service Details Content -->\n                <div class=\"col-xl-8 col-lg-7 order-box-1\">\n                    <div class=\"service-details__content\">\n                        \t\t\t\t\t\n\t\t\t\t\t\t<div class=\"img-box1\">\n\t\t\t\t\t\t\t<img decoding=\"async\" src=\"https:\/\/kodline.com\/fdemo\/wp-content\/uploads\/2024\/12\/charterrr.jpg\" alt=\"Awesome Image\" \/>\n\t\t\t\t\t\t<\/div>\t\t\t\t\t\t\n\t\t\t\t\t  \t\t\t\t\t\t\t\n                        \t\t\t\t\t\t<div class=\"text-box1\">\t\t\t\t\t\t\n\t\t\t\t\t\t\t<h2>Charter U\u00e7u\u015f<\/h2>\t\t\t\t\t\t\tMedJet t\u00fcm d\u00fcnyada faaliyet g\u00f6stererek geni\u015f tedarik\u00e7i zinciriyle \u00d6zel u\u00e7ak kiralamalarda , konforlu, g\u00fcvenli ve ki\u015fiselle\u015ftirilmi\u015f bir seyahat deneyimi sunan premium bir hizmettir. Zaman\u0131n de\u011ferli oldu\u011fu, esneklik ve \u00f6zel bir ortam\u0131n \u00f6ncelikli oldu\u011fu durumlarda, bireyler veya \u015firketler taraf\u0131ndan s\u0131kl\u0131kla tercih edilir.\t\t\t\t\t\t<\/div>\n\t\t\t\t\t\t\n                        <div class=\"text-box2\">\n                            <div class=\"row\">\n                                                                <div class=\"col-xl-6\">\n                                    <div class=\"text-box2-single\" data-aos=\"fade-right\" data-aos-easing=\"linear\"\n                                        data-aos-duration=\"2500\">\n                                        <h4>\n                                            <span class=\"icon-right-arrow\"><\/span> Medjet\u2019in \u00d6zel U\u00e7ak Kiralama Hizmeti                                        <\/h4>\n                                        <p>Medjet, d\u00fcnya \u00e7ap\u0131ndaki geni\u015f tedarik\u00e7i a\u011f\u0131yla \u00f6zel u\u00e7ak kiralama hizmetlerinde konfor, g\u00fcvenlik ve ki\u015fiselle\u015ftirme odakl\u0131 premium bir deneyim sunar.<\/p>\n                                    <\/div>\n                                <\/div>\n\t\t\t\t\t\t\t\t                                <div class=\"col-xl-6\">\n                                    <div class=\"text-box2-single\" data-aos=\"fade-left\" data-aos-easing=\"linear\"\n                                        data-aos-duration=\"2500\">\n                                        <h4>\n                                            <span class=\"icon-right-arrow\"><\/span> Konforlu ve G\u00fcvenli Charter U\u00e7u\u015flar                                        <\/h4>\n                                        <p>Medjet, zaman\u0131n de\u011ferli oldu\u011fu durumlarda bireyler ve \u015firketler i\u00e7in esnek, \u00f6zel bir ortam sa\u011flayarak charter u\u00e7u\u015flar\u0131n\u0131 tercih edilen bir \u00e7\u00f6z\u00fcm haline getirir.<\/p>\n                                    <\/div>\n                                <\/div>\n\t\t\t\t\t\t\t\t                            <\/div>\n                        <\/div>\n\n                       \n                        <div class=\"text-box4\">\n                            <div class=\"row\">\n                                <div class=\"col-xl-6\">\n                                    <div class=\"content-box\">\n                                        <h2>Bizimle Farkl\u0131<\/h2>                                        <p>Medjet\u2019in charter u\u00e7u\u015f hizmeti, ki\u015fiye \u00f6zel bir deneyimle m\u00fc\u015fterilerinin ihtiya\u00e7lar\u0131na tam uyum sa\u011flar ve premium bir seyahat deneyimi sunar.<\/p>\t\t\t\t\t\t\t\t\t\t\t\t\t\t\t\t\t\t\t\t<ul>\n\t\t\t\t\t\t\t\t\t\t\t\t\t\t\t\t\t\t\t\t\t   \t<li><span class=\"icon-checked\"><\/span> Ki\u015fiselle\u015ftirilmi\u015f Deneyim<\/li>\n\t\t\t\t\t\t\t\t\t\t\t\t\t\t\t\t\t\t\t\t\t   \t<li><span class=\"icon-checked\"><\/span> Zaman Tasarrufu<\/li>\n\t\t\t\t\t\t\t\t\t\t\t\t\t\t\t\t\t\t\t\t\t   \t<li><span class=\"icon-checked\"><\/span> G\u00fcvenlik ve Gizlilik<\/li>\n\t\t\t\t\t\t\t\t\t\t\t\t\t\t\t\t\t\t\t\t\t   \t<li><span class=\"icon-checked\"><\/span> Global A\u011f<\/li>\n\t\t\t\t\t\t\t\t\t\t\t\t\t\t\t\t\t\t\t\t\t   \t<li><span class=\"icon-checked\"><\/span> Konforlu Seyahat<\/li>\n\t\t\t\t\t\t\t\t\t\t\t\t\t\t\t\t\t\t\t\t\t<\/ul>\n\t\t\t\t\t\t\t\t\t\t                                    <\/div>\n                                <\/div>\n\t\t\t\t\t\t\t\t                                <div class=\"col-xl-6\">\n                                    <div class=\"img-box\">\n                                        <img decoding=\"async\" src=\"https:\/\/kodline.com\/fdemo\/wp-content\/uploads\/2024\/12\/charterrr333.jpg\" alt=\"Awesome Image\" \/>\n                                    <\/div>\n                                <\/div>\n\t\t\t\t\t\t\t\t                            <\/div>\n                        <\/div>\n\n                        <div class=\"faq-style1__content\">\n                            <ul class=\"accordion-box\">\n                                                                <li class=\"accordion block active-block\">\n                                    <div class=\"acc-btn active\">\n                                        <div class=\"icon-outer\">\n                                            <i class=\"icon-down-arrow\"><\/i>\n                                        <\/div>\n                                        <h3>Medjet\u2019in charter u\u00e7u\u015f hizmetinin temel avantaj\u0131 nedir?<\/h3>\n                                    <\/div>\n                                    <div class=\"acc-content current\">\n                                        <p>Medjet, m\u00fc\u015fterilerine zaman kazand\u0131ran, g\u00fcvenli, esnek ve tamamen ki\u015fiselle\u015ftirilmi\u015f bir seyahat deneyimi sunar.<\/p>\n                                    <\/div>\n                                <\/li>\n                                                                <li class=\"accordion block \">\n                                    <div class=\"acc-btn \">\n                                        <div class=\"icon-outer\">\n                                            <i class=\"icon-down-arrow\"><\/i>\n                                        <\/div>\n                                        <h3>Charter u\u00e7u\u015flar kimler taraf\u0131ndan tercih edilmektedir?<\/h3>\n                                    <\/div>\n                                    <div class=\"acc-content \">\n                                        <p>Zaman y\u00f6netiminin kritik oldu\u011fu, \u00f6zel bir ortam ve esnekli\u011fin \u00f6ncelikli oldu\u011fu durumlarda, bireyler ve \u015firketler taraf\u0131ndan s\u0131kl\u0131kla tercih edilmektedir.<\/p>\n                                    <\/div>\n                                <\/li>\n                                                                <li class=\"accordion block \">\n                                    <div class=\"acc-btn \">\n                                        <div class=\"icon-outer\">\n                                            <i class=\"icon-down-arrow\"><\/i>\n                                        <\/div>\n                                        <h3>Medjet, charter u\u00e7u\u015f hizmetinde nas\u0131l bir fark yarat\u0131yor?<\/h3>\n                                    <\/div>\n                                    <div class=\"acc-content \">\n                                        <p>Medjet, global tedarik\u00e7i a\u011f\u0131 ve ki\u015fiselle\u015ftirilmi\u015f hizmet yakla\u015f\u0131m\u0131yla, charter u\u00e7u\u015f kategorisinde konforlu ve premium bir deneyim sunmaktad\u0131r.<\/p>\n                                    <\/div>\n                                <\/li>\n                                                            <\/ul>\n                        <\/div>\n                    <\/div>\n                <\/div>\n                <!--End Service Details Content -->\n            <\/div>\n        <\/div>\n    <\/section>\n    <!--End Service Details area -->\n    \n    \t\t<\/div>\n\t\t\t\t<\/div>\n\t\t\t\t\t<\/div>\n\t\t<\/div>\n\t\t\t\t\t<\/div>\n\t\t<\/section>\n\t\t\t\t<\/div>\n\t\t","protected":false},"excerpt":{"rendered":"<p>Anasayfa Hakk\u0131m\u0131zda Medikal Hizmetler Hava Ambulans Kara Ambulans Medical Eskort Sedyeli U\u00e7u\u015f Maliyet Kontrol Hasta Takip Hizmetleri Yol Yard\u0131m Hizmetleri \u00c7ekici ve Kurtarma Hizmetleri Yol Kenar\u0131 Teknik Servis Otel Rezervasyonlar\u0131 Ara\u00e7 Kiralama G\u00fcmr\u00fck \u0130\u015flemleri Transport Hizmetleri U\u00e7ak Bileti Rezervasyonlar\u0131 Turizm Hizmetleri U\u00e7ak Bileti Rezervasyonu Otel Rezervasyonlar\u0131 Ara\u00e7 Kiralama Charter U\u00e7u\u015f \u0130leti\u015fim Need Help? Speak with [&hellip;]<\/p>\n","protected":false},"author":1,"featured_media":0,"parent":0,"menu_order":0,"comment_status":"closed","ping_status":"closed","template":"tpl-default-elementor.php","meta":{"footnotes":""},"class_list":["post-1779","page","type-page","status-publish","hentry"],"_links":{"self":[{"href":"https:\/\/kodline.com\/fdemo\/wp-json\/wp\/v2\/pages\/1779","targetHints":{"allow":["GET"]}}],"collection":[{"href":"https:\/\/kodline.com\/fdemo\/wp-json\/wp\/v2\/pages"}],"about":[{"href":"https:\/\/kodline.com\/fdemo\/wp-json\/wp\/v2\/types\/page"}],"author":[{"embeddable":true,"href":"https:\/\/kodline.com\/fdemo\/wp-json\/wp\/v2\/users\/1"}],"replies":[{"embeddable":true,"href":"https:\/\/kodline.com\/fdemo\/wp-json\/wp\/v2\/comments?post=1779"}],"version-history":[{"count":4,"href":"https:\/\/kodline.com\/fdemo\/wp-json\/wp\/v2\/pages\/1779\/revisions"}],"predecessor-version":[{"id":1785,"href":"https:\/\/kodline.com\/fdemo\/wp-json\/wp\/v2\/pages\/1779\/revisions\/1785"}],"wp:attachment":[{"href":"https:\/\/kodline.com\/fdemo\/wp-json\/wp\/v2\/media?parent=1779"}],"curies":[{"name":"wp","href":"https:\/\/api.w.org\/{rel}","templated":true}]}}