{"id":54,"date":"2022-01-29T12:26:05","date_gmt":"2022-01-29T12:26:05","guid":{"rendered":"http:\/\/fastwpdemo.com\/newwp\/ambons\/?page_id=54"},"modified":"2024-12-17T01:03:18","modified_gmt":"2024-12-17T01:03:18","slug":"advance-life-support","status":"publish","type":"page","link":"https:\/\/kodline.com\/fdemo\/advance-life-support\/","title":{"rendered":"Sedyeli U\u00e7u\u015f Hizmetleri"},"content":{"rendered":"\t\t<div data-elementor-type=\"wp-page\" data-elementor-id=\"54\" class=\"elementor elementor-54\">\n\t\t\t\t\t\t<section class=\"elementor-section elementor-top-section elementor-element elementor-element-40db587 elementor-section-full_width elementor-section-height-default elementor-section-height-default\" data-id=\"40db587\" data-element_type=\"section\">\n\t\t\t\t\t\t<div class=\"elementor-container elementor-column-gap-default\">\n\t\t\t\t\t<div class=\"elementor-column elementor-col-100 elementor-top-column elementor-element elementor-element-c2033a1\" data-id=\"c2033a1\" data-element_type=\"column\">\n\t\t\t<div class=\"elementor-widget-wrap\">\n\t\t\t\t\t\t\t<\/div>\n\t\t<\/div>\n\t\t\t\t\t<\/div>\n\t\t<\/section>\n\t\t\t\t<section class=\"elementor-section elementor-top-section elementor-element elementor-element-a5b2b9a elementor-section-full_width elementor-section-height-default elementor-section-height-default\" data-id=\"a5b2b9a\" data-element_type=\"section\">\n\t\t\t\t\t\t<div class=\"elementor-container elementor-column-gap-default\">\n\t\t\t\t\t<div class=\"elementor-column elementor-col-100 elementor-top-column elementor-element elementor-element-3b9d3d2\" data-id=\"3b9d3d2\" data-element_type=\"column\">\n\t\t\t<div class=\"elementor-widget-wrap elementor-element-populated\">\n\t\t\t\t\t\t<div class=\"elementor-element elementor-element-fa32ee8 elementor-widget elementor-widget-ambons_service_detail\" data-id=\"fa32ee8\" data-element_type=\"widget\" data-widget_type=\"ambons_service_detail.default\">\n\t\t\t\t<div class=\"elementor-widget-container\">\n\t\t\t  \t\n    <!--Start Service Details area -->\n    <section class=\"service-details-area\">\n        <div class=\"container\">\n            <div class=\"row\">\n\t\t\t\t                <!--Start Service Details Sidebar -->\n                <div class=\"col-xl-4 col-lg-5 order-box-2\">\n                    <div class=\"service-details__sidebar\">\n\t\t\t\t\t\t<div id=\"nav_menu-5\" class=\"service-widget widget_nav_menu\"><div class=\"menu-main_menu-container\"><ul id=\"menu-main_menu\" class=\"menu\"><li id=\"menu-item-128\" class=\"menu-item menu-item-type-custom menu-item-object-custom menu-item-home menu-item-128\"><a href=\"https:\/\/kodline.com\/fdemo\/\">Anasayfa<\/a><\/li>\n<li id=\"menu-item-1578\" class=\"menu-item menu-item-type-custom menu-item-object-custom menu-item-1578\"><a href=\"https:\/\/kodline.com\/fdemo\/ucak-bileti-rezervasyonlari\/\">U\u00e7ak Bileti Rezervasyonu<\/a><\/li>\n<li id=\"menu-item-1576\" class=\"menu-item menu-item-type-custom menu-item-object-custom menu-item-1576\"><a href=\"https:\/\/kodline.com\/fdemo\/otel-rezervasyonlari\/\">Otel Rezervasyonlar\u0131<\/a><\/li>\n<li id=\"menu-item-1577\" class=\"menu-item menu-item-type-custom menu-item-object-custom menu-item-1577\"><a href=\"https:\/\/kodline.com\/fdemo\/arac-kiralama\/\">Ara\u00e7 Kiralama<\/a><\/li>\n<li id=\"menu-item-173\" class=\"menu-item menu-item-type-custom menu-item-object-custom menu-item-173\"><a href=\"https:\/\/kodline.com\/fdemo\/charter-ucus\/\">Charter U\u00e7u\u015f<\/a><\/li>\n<li id=\"menu-item-1733\" class=\"menu-item menu-item-type-custom menu-item-object-custom menu-item-1733\"><a href=\"https:\/\/kodline.com\/fdemo\/contact\/\">\u0130leti\u015fim<\/a><\/li>\n<li id=\"menu-item-167\" class=\"menu-item menu-item-type-custom menu-item-object-custom menu-item-167\"><a href=\"#\">Hakk\u0131m\u0131zda<\/a><\/li>\n<\/ul><\/div><\/div><div id=\"ambons_need_help-1\" class=\"service-widget widget_ambons_need_help\">      \t\t\n\t\t\t<div class=\"service-details-contact-info\" data-aos=\"slide-up\" data-aos-easing=\"linear\" data-aos-duration=\"1000\">\n                <div class=\"sidebar-info-box-bg\" style=\"background-image: url(http:\/\/fastwpdemo.com\/newwp\/ambons\/wp-content\/uploads\/2022\/03\/sidebar-info-box-bg.jpg);\"><\/div>\n                <h3> Need Help?<\/h3>                <p>Speak with a human to filling out a form? call corporate office and we will connect you with a team member who can help.<\/p>                <h2><a href=\"tel:+1-(246)333-0089\">+1-(246)333-0089<\/a><\/h2>            <\/div>\n                        \n        <\/div><div id=\"ambons_brochures-1\" class=\"service-widget widget_ambons_brochures\">      \t\t\n        <!--Start Single sidebar-->\n        <div class=\"info-download-box\" data-aos=\"slide-up\" data-aos-easing=\"linear\" data-aos-duration=\"1000\">\n            <ul>\n                <li>\n                    <div class=\"icon\">\n                        <span class=\"icon-checked-1\"><\/span>\n                    <\/div>\n                    <div class=\"title\">\n                        <h5><a href=\"\">Download our Broucher<\/a><\/h5>\n                    <\/div>\n                <\/li>\n            <\/ul>\n        <\/div>\n            \n\t\t<\/div>                    <\/div>\n                <\/div>\n                <!--End Service Details Sidebar -->\n\t\t\t\t                \n                <!--Start Service Details Content -->\n                <div class=\"col-xl-8 col-lg-7 order-box-1\">\n                    <div class=\"service-details__content\">\n                        \t\t\t\t\t\n\t\t\t\t\t\t<div class=\"img-box1\">\n\t\t\t\t\t\t\t<img decoding=\"async\" src=\"https:\/\/kodline.com\/fdemo\/wp-content\/uploads\/2024\/12\/1-2.jpg\" alt=\"Awesome Image\" \/>\n\t\t\t\t\t\t<\/div>\t\t\t\t\t\t\n\t\t\t\t\t  \t\t\t\t\t\t\t\n                        \t\t\t\t\t\t<div class=\"text-box1\">\t\t\t\t\t\t\n\t\t\t\t\t\t\t<h2>Sedyeli U\u00e7u\u015f Hizmetleri<\/h2>\t\t\t\t\t\t\tMedjet , t\u0131bbi gereksinimleri nedeniyle sedye ile seyahat etmesi gereken yolcular i\u00e7in T\u00fcrk Hava Yollar\u0131 (THY) ve bir \u00e7ok hava yolu \u015firketinde sedyeli bilet rezervasyonlar\u0131 hizmetleri sunmaktad\u0131r. Bu hizmet, hastalar\u0131n ve refakat\u00e7ilerinin u\u00e7u\u015f s\u0131ras\u0131nda konforlu ve g\u00fcvenli bir \u015fekilde seyahat etmelerini sa\u011flamak i\u00e7in tasarlanm\u0131\u015ft\u0131r.\t\t\t\t\t\t<\/div>\n\t\t\t\t\t\t\n                        <div class=\"text-box2\">\n                            <div class=\"row\">\n                                                                <div class=\"col-xl-6\">\n                                    <div class=\"text-box2-single\" data-aos=\"fade-right\" data-aos-easing=\"linear\"\n                                        data-aos-duration=\"2500\">\n                                        <h4>\n                                            <span class=\"icon-right-arrow\"><\/span> G\u00fcvenli Seyahat Deste\u011fi                                        <\/h4>\n                                        <p>MedJet, sedye ile seyahat eden hastalar\u0131, sa\u011fl\u0131k profesyonelleriyle g\u00fcvenli bir \u015fekilde ta\u015f\u0131r.<\/p>\n                                    <\/div>\n                                <\/div>\n\t\t\t\t\t\t\t\t                                <div class=\"col-xl-6\">\n                                    <div class=\"text-box2-single\" data-aos=\"fade-left\" data-aos-easing=\"linear\"\n                                        data-aos-duration=\"2500\">\n                                        <h4>\n                                            <span class=\"icon-right-arrow\"><\/span> Kolay Rezervasyon                                        <\/h4>\n                                        <p>MedJet, sedyeli u\u00e7u\u015flar i\u00e7in h\u0131zl\u0131 ve kolay rezervasyon hizmeti sunar.<\/p>\n                                    <\/div>\n                                <\/div>\n\t\t\t\t\t\t\t\t                            <\/div>\n                        <\/div>\n\n                       \n                        <div class=\"text-box4\">\n                            <div class=\"row\">\n                                <div class=\"col-xl-6\">\n                                    <div class=\"content-box\">\n                                        <h2>Bizimle Farkl\u0131<\/h2>                                        <p>MedJet, sedye ile seyahat etmesi gereken hastalar i\u00e7in T\u00fcrk Hava Yollar\u0131 (THY) ve di\u011fer hava yollar\u0131yla sedyeli bilet rezervasyonu hizmeti sunar. Bu hizmet, hastalar\u0131n konforlu ve g\u00fcvenli bir \u015fekilde seyahat etmelerini sa\u011flar.<\/p>\t\t\t\t\t\t\t\t\t\t\t\t\t\t\t\t\t\t\t\t<ul>\n\t\t\t\t\t\t\t\t\t\t\t\t\t\t\t\t\t\t\t\t\t   \t<li><span class=\"icon-checked\"><\/span> G\u00fcvenli ve Konforlu Seyahat<\/li>\n\t\t\t\t\t\t\t\t\t\t\t\t\t\t\t\t\t\t\t\t\t   \t<li><span class=\"icon-checked\"><\/span> U\u00e7u\u015f S\u00fcresince Sa\u011fl\u0131k Deste\u011fi<\/li>\n\t\t\t\t\t\t\t\t\t\t\t\t\t\t\t\t\t\t\t\t\t   \t<li><span class=\"icon-checked\"><\/span> Uzman Ekip ve Medikal Donan\u0131m<\/li>\n\t\t\t\t\t\t\t\t\t\t\t\t\t\t\t\t\t\t\t\t\t   \t<li><span class=\"icon-checked\"><\/span> Refakat\u00e7i Deste\u011fi<\/li>\n\t\t\t\t\t\t\t\t\t\t\t\t\t\t\t\t\t\t\t\t\t   \t<li><span class=\"icon-checked\"><\/span> U\u00e7u\u015fta Medikal \u0130zleme<\/li>\n\t\t\t\t\t\t\t\t\t\t\t\t\t\t\t\t\t\t\t\t\t<\/ul>\n\t\t\t\t\t\t\t\t\t\t                                    <\/div>\n                                <\/div>\n\t\t\t\t\t\t\t\t                                <div class=\"col-xl-6\">\n                                    <div class=\"img-box\">\n                                        <img decoding=\"async\" src=\"https:\/\/kodline.com\/fdemo\/wp-content\/uploads\/2024\/12\/2-2.jpg\" alt=\"Awesome Image\" \/>\n                                    <\/div>\n                                <\/div>\n\t\t\t\t\t\t\t\t                            <\/div>\n                        <\/div>\n\n                        <div class=\"faq-style1__content\">\n                            <ul class=\"accordion-box\">\n                                                                <li class=\"accordion block active-block\">\n                                    <div class=\"acc-btn active\">\n                                        <div class=\"icon-outer\">\n                                            <i class=\"icon-down-arrow\"><\/i>\n                                        <\/div>\n                                        <h3>Sedyeli u\u00e7u\u015f hizmeti nedir?<\/h3>\n                                    <\/div>\n                                    <div class=\"acc-content current\">\n                                        <p>MedJet, t\u0131bbi gereksinimleri nedeniyle sedye ile seyahat etmesi gereken yolcular i\u00e7in \u00f6zel u\u00e7u\u015flar ve hizmetler sunar.<\/p>\n                                    <\/div>\n                                <\/li>\n                                                                <li class=\"accordion block \">\n                                    <div class=\"acc-btn \">\n                                        <div class=\"icon-outer\">\n                                            <i class=\"icon-down-arrow\"><\/i>\n                                        <\/div>\n                                        <h3>Sedyeli u\u00e7u\u015f hizmeti hangi havayollar\u0131nda sa\u011flan\u0131r?<\/h3>\n                                    <\/div>\n                                    <div class=\"acc-content \">\n                                        <p>MedJet, T\u00fcrk Hava Yollar\u0131 (THY) ve bir \u00e7ok di\u011fer hava yolu \u015firketiyle sedyeli bilet rezervasyonu yapmaktad\u0131r.<\/p>\n                                    <\/div>\n                                <\/li>\n                                                                <li class=\"accordion block \">\n                                    <div class=\"acc-btn \">\n                                        <div class=\"icon-outer\">\n                                            <i class=\"icon-down-arrow\"><\/i>\n                                        <\/div>\n                                        <h3>Sedyeli u\u00e7u\u015fta sa\u011fl\u0131k deste\u011fi sa\u011flan\u0131r m\u0131?<\/h3>\n                                    <\/div>\n                                    <div class=\"acc-content \">\n                                        <p>Evet, u\u00e7u\u015f s\u0131ras\u0131nda hastalar, e\u011fitimli sa\u011fl\u0131k personeli e\u015fli\u011finde t\u0131bbi destek al\u0131r.<\/p>\n                                    <\/div>\n                                <\/li>\n                                                            <\/ul>\n                        <\/div>\n                    <\/div>\n                <\/div>\n                <!--End Service Details Content -->\n            <\/div>\n        <\/div>\n    <\/section>\n    <!--End Service Details area -->\n    \n    \t\t<\/div>\n\t\t\t\t<\/div>\n\t\t\t\t\t<\/div>\n\t\t<\/div>\n\t\t\t\t\t<\/div>\n\t\t<\/section>\n\t\t\t\t<\/div>\n\t\t","protected":false},"excerpt":{"rendered":"<p>Anasayfa Hakk\u0131m\u0131zda Medikal Hizmetler Hava Ambulans Kara Ambulans Medical Eskort Sedyeli U\u00e7u\u015f Maliyet Kontrol Hasta Takip Hizmetleri Yol Yard\u0131m Hizmetleri \u00c7ekici ve Kurtarma Hizmetleri Ara\u00e7 Kiralama G\u00fcmr\u00fck \u0130\u015flemleri Transport Hizmetleri U\u00e7ak Bileti Rezervasyonlar\u0131 Turizm Hizmetleri U\u00e7ak Bileti Rezervasyonu Otel Rezervasyonlar\u0131 Ara\u00e7 Kiralama Charter U\u00e7u\u015f \u0130leti\u015fim Need Help? Speak with a human to filling out a [&hellip;]<\/p>\n","protected":false},"author":1,"featured_media":0,"parent":0,"menu_order":0,"comment_status":"closed","ping_status":"closed","template":"tpl-default-elementor.php","meta":{"footnotes":""},"class_list":["post-54","page","type-page","status-publish","hentry"],"_links":{"self":[{"href":"https:\/\/kodline.com\/fdemo\/wp-json\/wp\/v2\/pages\/54","targetHints":{"allow":["GET"]}}],"collection":[{"href":"https:\/\/kodline.com\/fdemo\/wp-json\/wp\/v2\/pages"}],"about":[{"href":"https:\/\/kodline.com\/fdemo\/wp-json\/wp\/v2\/types\/page"}],"author":[{"embeddable":true,"href":"https:\/\/kodline.com\/fdemo\/wp-json\/wp\/v2\/users\/1"}],"replies":[{"embeddable":true,"href":"https:\/\/kodline.com\/fdemo\/wp-json\/wp\/v2\/comments?post=54"}],"version-history":[{"count":5,"href":"https:\/\/kodline.com\/fdemo\/wp-json\/wp\/v2\/pages\/54\/revisions"}],"predecessor-version":[{"id":1643,"href":"https:\/\/kodline.com\/fdemo\/wp-json\/wp\/v2\/pages\/54\/revisions\/1643"}],"wp:attachment":[{"href":"https:\/\/kodline.com\/fdemo\/wp-json\/wp\/v2\/media?parent=54"}],"curies":[{"name":"wp","href":"https:\/\/api.w.org\/{rel}","templated":true}]}}