{"id":55,"date":"2022-01-29T12:25:35","date_gmt":"2022-01-29T12:25:35","guid":{"rendered":"http:\/\/fastwpdemo.com\/newwp\/ambons\/?page_id=55"},"modified":"2024-12-17T00:50:26","modified_gmt":"2024-12-17T00:50:26","slug":"medical-escort","status":"publish","type":"page","link":"https:\/\/kodline.com\/fdemo\/medical-escort\/","title":{"rendered":"Medikal Eskort"},"content":{"rendered":"\t\t<div data-elementor-type=\"wp-page\" data-elementor-id=\"55\" class=\"elementor elementor-55\">\n\t\t\t\t\t\t<section class=\"elementor-section elementor-top-section elementor-element elementor-element-0490e44 elementor-section-full_width elementor-section-height-default elementor-section-height-default\" data-id=\"0490e44\" data-element_type=\"section\">\n\t\t\t\t\t\t<div class=\"elementor-container elementor-column-gap-default\">\n\t\t\t\t\t<div class=\"elementor-column elementor-col-100 elementor-top-column elementor-element elementor-element-4e43356\" data-id=\"4e43356\" data-element_type=\"column\">\n\t\t\t<div class=\"elementor-widget-wrap\">\n\t\t\t\t\t\t\t<\/div>\n\t\t<\/div>\n\t\t\t\t\t<\/div>\n\t\t<\/section>\n\t\t\t\t<section class=\"elementor-section elementor-top-section elementor-element elementor-element-098cd11 elementor-section-full_width elementor-section-height-default elementor-section-height-default\" data-id=\"098cd11\" data-element_type=\"section\">\n\t\t\t\t\t\t<div class=\"elementor-container elementor-column-gap-default\">\n\t\t\t\t\t<div class=\"elementor-column elementor-col-100 elementor-top-column elementor-element elementor-element-2f12789\" data-id=\"2f12789\" data-element_type=\"column\">\n\t\t\t<div class=\"elementor-widget-wrap elementor-element-populated\">\n\t\t\t\t\t\t<div class=\"elementor-element elementor-element-43bddee elementor-widget elementor-widget-ambons_service_detail\" data-id=\"43bddee\" data-element_type=\"widget\" data-widget_type=\"ambons_service_detail.default\">\n\t\t\t\t<div class=\"elementor-widget-container\">\n\t\t\t  \t\n    <!--Start Service Details area -->\n    <section class=\"service-details-area\">\n        <div class=\"container\">\n            <div class=\"row\">\n\t\t\t\t                <!--Start Service Details Sidebar -->\n                <div class=\"col-xl-4 col-lg-5 order-box-2\">\n                    <div class=\"service-details__sidebar\">\n\t\t\t\t\t\t<div id=\"nav_menu-5\" class=\"service-widget widget_nav_menu\"><div class=\"menu-main_menu-container\"><ul id=\"menu-main_menu\" class=\"menu\"><li id=\"menu-item-128\" class=\"menu-item menu-item-type-custom menu-item-object-custom menu-item-home menu-item-128\"><a href=\"https:\/\/kodline.com\/fdemo\/\">Anasayfa<\/a><\/li>\n<li id=\"menu-item-1578\" class=\"menu-item menu-item-type-custom menu-item-object-custom menu-item-1578\"><a href=\"https:\/\/kodline.com\/fdemo\/ucak-bileti-rezervasyonlari\/\">U\u00e7ak Bileti Rezervasyonu<\/a><\/li>\n<li id=\"menu-item-1576\" class=\"menu-item menu-item-type-custom menu-item-object-custom menu-item-1576\"><a href=\"https:\/\/kodline.com\/fdemo\/otel-rezervasyonlari\/\">Otel Rezervasyonlar\u0131<\/a><\/li>\n<li id=\"menu-item-1577\" class=\"menu-item menu-item-type-custom menu-item-object-custom menu-item-1577\"><a href=\"https:\/\/kodline.com\/fdemo\/arac-kiralama\/\">Ara\u00e7 Kiralama<\/a><\/li>\n<li id=\"menu-item-173\" class=\"menu-item menu-item-type-custom menu-item-object-custom menu-item-173\"><a href=\"https:\/\/kodline.com\/fdemo\/charter-ucus\/\">Charter U\u00e7u\u015f<\/a><\/li>\n<li id=\"menu-item-1733\" class=\"menu-item menu-item-type-custom menu-item-object-custom menu-item-1733\"><a href=\"https:\/\/kodline.com\/fdemo\/contact\/\">\u0130leti\u015fim<\/a><\/li>\n<li id=\"menu-item-167\" class=\"menu-item menu-item-type-custom menu-item-object-custom menu-item-167\"><a href=\"#\">Hakk\u0131m\u0131zda<\/a><\/li>\n<\/ul><\/div><\/div><div id=\"ambons_need_help-1\" class=\"service-widget widget_ambons_need_help\">      \t\t\n\t\t\t<div class=\"service-details-contact-info\" data-aos=\"slide-up\" data-aos-easing=\"linear\" data-aos-duration=\"1000\">\n                <div class=\"sidebar-info-box-bg\" style=\"background-image: url(http:\/\/fastwpdemo.com\/newwp\/ambons\/wp-content\/uploads\/2022\/03\/sidebar-info-box-bg.jpg);\"><\/div>\n                <h3> Need Help?<\/h3>                <p>Speak with a human to filling out a form? call corporate office and we will connect you with a team member who can help.<\/p>                <h2><a href=\"tel:+1-(246)333-0089\">+1-(246)333-0089<\/a><\/h2>            <\/div>\n                        \n        <\/div><div id=\"ambons_brochures-1\" class=\"service-widget widget_ambons_brochures\">      \t\t\n        <!--Start Single sidebar-->\n        <div class=\"info-download-box\" data-aos=\"slide-up\" data-aos-easing=\"linear\" data-aos-duration=\"1000\">\n            <ul>\n                <li>\n                    <div class=\"icon\">\n                        <span class=\"icon-checked-1\"><\/span>\n                    <\/div>\n                    <div class=\"title\">\n                        <h5><a href=\"\">Download our Broucher<\/a><\/h5>\n                    <\/div>\n                <\/li>\n            <\/ul>\n        <\/div>\n            \n\t\t<\/div>                    <\/div>\n                <\/div>\n                <!--End Service Details Sidebar -->\n\t\t\t\t                \n                <!--Start Service Details Content -->\n                <div class=\"col-xl-8 col-lg-7 order-box-1\">\n                    <div class=\"service-details__content\">\n                        \t\t\t\t\t\n\t\t\t\t\t\t<div class=\"img-box1\">\n\t\t\t\t\t\t\t<img decoding=\"async\" src=\"https:\/\/kodline.com\/fdemo\/wp-content\/uploads\/2024\/12\/1-1.jpg\" alt=\"Awesome Image\" \/>\n\t\t\t\t\t\t<\/div>\t\t\t\t\t\t\n\t\t\t\t\t  \t\t\t\t\t\t\t\n                        \t\t\t\t\t\t<div class=\"text-box1\">\t\t\t\t\t\t\n\t\t\t\t\t\t\t<h2>Medikal Eskort<\/h2>\t\t\t\t\t\t\tMedJet t\u00fcm d\u00fcnyada faaliyet g\u00f6stererek kendi b\u00fcnyesindeki Medical escortlar\u0131 ile  t\u0131bbi durumu nedeniyle seyahat s\u0131ras\u0131nda destek almas\u0131 gereken hastalar i\u00e7in sunulan profesyonel bir sa\u011fl\u0131k hizmetidir. Bu hizmet, genellikle ticari u\u00e7u\u015flarda ger\u00e7ekle\u015fir ve hasta, e\u011fitimli bir sa\u011fl\u0131k profesyoneli e\u015fli\u011finde seyahat eder.\t\t\t\t\t\t<\/div>\n\t\t\t\t\t\t\n                        <div class=\"text-box2\">\n                            <div class=\"row\">\n                                                                <div class=\"col-xl-6\">\n                                    <div class=\"text-box2-single\" data-aos=\"fade-right\" data-aos-easing=\"linear\"\n                                        data-aos-duration=\"2500\">\n                                        <h4>\n                                            <span class=\"icon-right-arrow\"><\/span> Seyahatte T\u0131bbi Destek                                        <\/h4>\n                                        <p>MedJet, t\u0131bbi durumu nedeniyle seyahat ederken deste\u011fe ihtiya\u00e7 duyan hastalar i\u00e7in e\u011fitimli sa\u011fl\u0131k profesyonelleriyle destek sunar.<\/p>\n                                    <\/div>\n                                <\/div>\n\t\t\t\t\t\t\t\t                                <div class=\"col-xl-6\">\n                                    <div class=\"text-box2-single\" data-aos=\"fade-left\" data-aos-easing=\"linear\"\n                                        data-aos-duration=\"2500\">\n                                        <h4>\n                                            <span class=\"icon-right-arrow\"><\/span>  G\u00fcvenli ve Konforlu Seyahat                                        <\/h4>\n                                        <p>E\u011fitimli sa\u011fl\u0131k ekibiyle hasta, seyahat boyunca g\u00fcvenli ve konforlu bir \u015fekilde nakledilir.<\/p>\n                                    <\/div>\n                                <\/div>\n\t\t\t\t\t\t\t\t                            <\/div>\n                        <\/div>\n\n                       \n                        <div class=\"text-box4\">\n                            <div class=\"row\">\n                                <div class=\"col-xl-6\">\n                                    <div class=\"content-box\">\n                                        <h2>Bizimle Farkl\u0131<\/h2>                                        <p>MedJet, d\u00fcnya \u00e7ap\u0131nda faaliyet g\u00f6stererek, t\u0131bbi durumu nedeniyle seyahat s\u0131ras\u0131nda deste\u011fe ihtiya\u00e7 duyan hastalar i\u00e7in Medical Escort hizmeti sunar. Bu hizmet, genellikle ticari u\u00e7u\u015flarda ger\u00e7ekle\u015fir ve hasta, e\u011fitimli sa\u011fl\u0131k profesyoneli e\u015fli\u011finde g\u00fcvenli bir \u015fekilde seyahat eder.<\/p>\t\t\t\t\t\t\t\t\t\t\t\t\t\t\t\t\t\t\t\t<ul>\n\t\t\t\t\t\t\t\t\t\t\t\t\t\t\t\t\t\t\t\t\t   \t<li><span class=\"icon-checked\"><\/span> T\u0131bbi Destek ile G\u00fcvenli Seyahat<\/li>\n\t\t\t\t\t\t\t\t\t\t\t\t\t\t\t\t\t\t\t\t\t   \t<li><span class=\"icon-checked\"><\/span> Seyahatte Huzur ve G\u00fcven<\/li>\n\t\t\t\t\t\t\t\t\t\t\t\t\t\t\t\t\t\t\t\t\t   \t<li><span class=\"icon-checked\"><\/span> U\u00e7u\u015f S\u00fcresince Medikal Ekipman<\/li>\n\t\t\t\t\t\t\t\t\t\t\t\t\t\t\t\t\t\t\t\t\t   \t<li><span class=\"icon-checked\"><\/span> Kapsaml\u0131 Hizmet<\/li>\n\t\t\t\t\t\t\t\t\t\t\t\t\t\t\t\t\t\t\t\t\t   \t<li><span class=\"icon-checked\"><\/span> Yerel ve Uluslararas\u0131 Hizmet<\/li>\n\t\t\t\t\t\t\t\t\t\t\t\t\t\t\t\t\t\t\t\t\t<\/ul>\n\t\t\t\t\t\t\t\t\t\t                                    <\/div>\n                                <\/div>\n\t\t\t\t\t\t\t\t                                <div class=\"col-xl-6\">\n                                    <div class=\"img-box\">\n                                        <img decoding=\"async\" src=\"https:\/\/kodline.com\/fdemo\/wp-content\/uploads\/2024\/12\/2-1.jpg\" alt=\"Awesome Image\" \/>\n                                    <\/div>\n                                <\/div>\n\t\t\t\t\t\t\t\t                            <\/div>\n                        <\/div>\n\n                        <div class=\"faq-style1__content\">\n                            <ul class=\"accordion-box\">\n                                                                <li class=\"accordion block active-block\">\n                                    <div class=\"acc-btn active\">\n                                        <div class=\"icon-outer\">\n                                            <i class=\"icon-down-arrow\"><\/i>\n                                        <\/div>\n                                        <h3>MedJet Medical Escort hizmeti nedir?<\/h3>\n                                    <\/div>\n                                    <div class=\"acc-content current\">\n                                        <p>MedJet, t\u0131bbi durumu nedeniyle seyahat ederken deste\u011fe ihtiya\u00e7 duyan hastalara, e\u011fitimli sa\u011fl\u0131k profesyonelleri e\u015fli\u011finde g\u00fcvenli bir yolculuk sunar.<\/p>\n                                    <\/div>\n                                <\/li>\n                                                                <li class=\"accordion block \">\n                                    <div class=\"acc-btn \">\n                                        <div class=\"icon-outer\">\n                                            <i class=\"icon-down-arrow\"><\/i>\n                                        <\/div>\n                                        <h3>Medical Escort hizmeti hangi u\u00e7u\u015flarda sa\u011flan\u0131r?<\/h3>\n                                    <\/div>\n                                    <div class=\"acc-content \">\n                                        <p>Genellikle ticari u\u00e7u\u015flarda sunulan bu hizmet, hastalar\u0131n sa\u011fl\u0131k durumuna g\u00f6re \u00f6zel u\u00e7u\u015flarla da sa\u011flanabilir.<\/p>\n                                    <\/div>\n                                <\/li>\n                                                                <li class=\"accordion block \">\n                                    <div class=\"acc-btn \">\n                                        <div class=\"icon-outer\">\n                                            <i class=\"icon-down-arrow\"><\/i>\n                                        <\/div>\n                                        <h3>Medical Escort hizmeti hangi durumlarda kullan\u0131l\u0131r?<\/h3>\n                                    <\/div>\n                                    <div class=\"acc-content \">\n                                        <p>Bu hizmet, t\u0131bbi durumu nedeniyle seyahat s\u0131ras\u0131nda profesyonel sa\u011fl\u0131k deste\u011fine ihtiya\u00e7 duyan hastalar i\u00e7in sa\u011flan\u0131r.<\/p>\n                                    <\/div>\n                                <\/li>\n                                                            <\/ul>\n                        <\/div>\n                    <\/div>\n                <\/div>\n                <!--End Service Details Content -->\n            <\/div>\n        <\/div>\n    <\/section>\n    <!--End Service Details area -->\n    \n    \t\t<\/div>\n\t\t\t\t<\/div>\n\t\t\t\t\t<\/div>\n\t\t<\/div>\n\t\t\t\t\t<\/div>\n\t\t<\/section>\n\t\t\t\t<\/div>\n\t\t","protected":false},"excerpt":{"rendered":"<p>Anasayfa Hakk\u0131m\u0131zda Medikal Hizmetler Hava Ambulans Kara Ambulans Medical Eskort Sedyeli U\u00e7u\u015f Maliyet Kontrol Hasta Takip Hizmetleri Yol Yard\u0131m Hizmetleri \u00c7ekici ve Kurtarma Hizmetleri Ara\u00e7 Kiralama G\u00fcmr\u00fck \u0130\u015flemleri Transport Hizmetleri U\u00e7ak Bileti Rezervasyonlar\u0131 Turizm Hizmetleri U\u00e7ak Bileti Rezervasyonu Otel Rezervasyonlar\u0131 Ara\u00e7 Kiralama Charter U\u00e7u\u015f \u0130leti\u015fim Need Help? Speak with a human to filling out a [&hellip;]<\/p>\n","protected":false},"author":1,"featured_media":0,"parent":0,"menu_order":0,"comment_status":"closed","ping_status":"closed","template":"tpl-default-elementor.php","meta":{"footnotes":""},"class_list":["post-55","page","type-page","status-publish","hentry"],"_links":{"self":[{"href":"https:\/\/kodline.com\/fdemo\/wp-json\/wp\/v2\/pages\/55","targetHints":{"allow":["GET"]}}],"collection":[{"href":"https:\/\/kodline.com\/fdemo\/wp-json\/wp\/v2\/pages"}],"about":[{"href":"https:\/\/kodline.com\/fdemo\/wp-json\/wp\/v2\/types\/page"}],"author":[{"embeddable":true,"href":"https:\/\/kodline.com\/fdemo\/wp-json\/wp\/v2\/users\/1"}],"replies":[{"embeddable":true,"href":"https:\/\/kodline.com\/fdemo\/wp-json\/wp\/v2\/comments?post=55"}],"version-history":[{"count":5,"href":"https:\/\/kodline.com\/fdemo\/wp-json\/wp\/v2\/pages\/55\/revisions"}],"predecessor-version":[{"id":1636,"href":"https:\/\/kodline.com\/fdemo\/wp-json\/wp\/v2\/pages\/55\/revisions\/1636"}],"wp:attachment":[{"href":"https:\/\/kodline.com\/fdemo\/wp-json\/wp\/v2\/media?parent=55"}],"curies":[{"name":"wp","href":"https:\/\/api.w.org\/{rel}","templated":true}]}}