{"id":81,"date":"2022-01-29T12:28:58","date_gmt":"2022-01-29T12:28:58","guid":{"rendered":"http:\/\/fastwpdemo.com\/newwp\/ambons\/?page_id=81"},"modified":"2024-12-18T00:15:35","modified_gmt":"2024-12-18T00:15:35","slug":"contact","status":"publish","type":"page","link":"https:\/\/kodline.com\/fdemo\/contact\/","title":{"rendered":"\u0130leti\u015fim"},"content":{"rendered":"\t\t<div data-elementor-type=\"wp-page\" data-elementor-id=\"81\" class=\"elementor elementor-81\">\n\t\t\t\t\t\t<section class=\"elementor-section elementor-top-section elementor-element elementor-element-c6c10cf elementor-section-full_width elementor-section-height-default elementor-section-height-default\" data-id=\"c6c10cf\" data-element_type=\"section\">\n\t\t\t\t\t\t<div class=\"elementor-container elementor-column-gap-default\">\n\t\t\t\t\t<div class=\"elementor-column elementor-col-100 elementor-top-column elementor-element elementor-element-8a0d3ac\" data-id=\"8a0d3ac\" data-element_type=\"column\">\n\t\t\t<div class=\"elementor-widget-wrap elementor-element-populated\">\n\t\t\t\t\t\t<div class=\"elementor-element elementor-element-724b667 elementor-widget elementor-widget-ambons_get_in_touch\" data-id=\"724b667\" data-element_type=\"widget\" data-widget_type=\"ambons_get_in_touch.default\">\n\t\t\t\t<div class=\"elementor-widget-container\">\n\t\t\t   \n\t<!--Start Contact Info Style2 Area-->\n\t<section class=\"contact-info-style2-area\">\n\t\t<div class=\"container\">\n\t\t\t<div class=\"row text-right-rtl\">\n\t\t\t\t                <div class=\"col-xl-6\">\n\t\t\t\t\t<div class=\"contact-info-style2__image\">\t\t\t\t\t\n\t\t\t\t\t\t<div class=\"inner\">\t\t\t\t\t\t\n\t\t\t\t\t\t\t<img decoding=\"async\" src=\"https:\/\/kodline.com\/fdemo\/wp-content\/uploads\/2024\/12\/Basliksiz-4.jpg\" alt=\"Awesome Image\">\t\t\t\t\t\t\t\n\t\t\t\t\t\t<\/div>\n\t\t\t\t\t<\/div>\n\t\t\t\t<\/div>\n                \t\t\t\t<div class=\"col-xl-6\">\n\t\t\t\t\t<div class=\"contact-info-style1__content\">\n\t\t\t\t\t\t                        <div class=\"sec-title\">\n\t\t\t\t\t\t\t\t\t\t\t\t\t\t<div class=\"icon\">\n\t\t\t\t\t\t\t\t<span class=\"icon-heartbeat\"><\/span>\n\t\t\t\t\t\t\t<\/div>\n\t\t\t\t\t\t\t                            \t\t\t\t\t\t\t<div class=\"sub-title\">\n\t\t\t\t\t\t\t\t<h3>Medjet Medical Assistance<\/h3>\n\t\t\t\t\t\t\t<\/div>\n\t\t\t\t\t\t\t\t\t\t\t\t\t\t<h2>Her Zaman Yan\u0131n\u0131zday\u0131z!<\/h2>\t\t\t\t\t\t<\/div>\n                        \t\t\t\t\t\t<div class=\"inner-content\">\n\t\t\t\t\t\t\t\t\t\t\t\t\t\t<div class=\"text\">\n\t\t\t\t\t\t\t\t<p>Medjet olarak her zaman yan\u0131n\u0131zday\u0131z! Hizmetlerimizle ilgili sorular\u0131n\u0131z, talepleriniz veya geri bildirimleriniz i\u00e7in bize kolayca ula\u015fabilirsiniz. Alan\u0131nda uzman ekibimiz, ihtiya\u00e7lar\u0131n\u0131za en h\u0131zl\u0131 ve etkili \u00e7\u00f6z\u00fcmleri sunmak i\u00e7in haz\u0131r.<\/p>\n\t\t\t\t\t\t\t<\/div>\n                            \t\t\t\t\t\t\t\n\t\t\t\t\t\t\t<h3>Merkez Ofis<\/h3>\t\t\t\t\t\t\t<p>Ayd\u0131nl\u0131 mah.  Patlay\u0131c\u0131 Maddeler Yolu Cad. <br>7\/B Blok No:16 Palmiye Park Tuzla - \u0130stanbul\/T\u00fcrkiye<\/p>\t\t\t\t\t\t\t<h2><a href=\"tel:+1-(246)333-0089\">+1-(246)333-0089<\/a><\/h2>\t\t\t\t\t\t\t<h4><a href=\"mailto:info@example.com\">info@example.com<\/a><\/h4>\t\t\t\t\t\t\t\n\t\t\t\t\t\t<\/div>\n\t\t\t\t\t<\/div>\n\t\t\t\t<\/div>\n\t\t\t<\/div>\n\t\t<\/div>\n\t<\/section>\n\t<!--End Contact Info Style2 Area-->\n\t\t\t<\/div>\n\t\t\t\t<\/div>\n\t\t\t\t\t<\/div>\n\t\t<\/div>\n\t\t\t\t\t<\/div>\n\t\t<\/section>\n\t\t\t\t<section class=\"elementor-section elementor-top-section elementor-element elementor-element-d4cfe74 elementor-section-full_width elementor-section-height-default elementor-section-height-default\" data-id=\"d4cfe74\" data-element_type=\"section\">\n\t\t\t\t\t\t<div class=\"elementor-container elementor-column-gap-default\">\n\t\t\t\t\t<div class=\"elementor-column elementor-col-100 elementor-top-column elementor-element elementor-element-fac9fe9\" data-id=\"fac9fe9\" data-element_type=\"column\">\n\t\t\t<div class=\"elementor-widget-wrap elementor-element-populated\">\n\t\t\t\t\t\t<div class=\"elementor-element elementor-element-84199f5 elementor-widget elementor-widget-ambons_contact_us\" data-id=\"84199f5\" data-element_type=\"widget\" data-widget_type=\"ambons_contact_us.default\">\n\t\t\t\t<div class=\"elementor-widget-container\">\n\t\t\t\t\n    <!--Start Main Contact Form Area-->\n\t<section class=\"main-contact-form-area \" id=\"contact\">\n\t\t<div class=\"container\">\n\t\t\t            <div class=\"sec-title text-center\">\n\t\t\t\t                <div class=\"icon\">\n\t\t\t\t\t<span class=\"icon-heartbeat\"><\/span>\n\t\t\t\t<\/div>\n\t\t\t\t                                <div class=\"sub-title\">\n\t\t\t\t\t<h3>Medjet Medical Assistance<\/h3>\n\t\t\t\t<\/div>\n\t\t\t\t                <h2>Bizimle Hemen \u0130leti\u015fime Ge\u00e7in!<\/h2>\t\t\t<\/div>\n\t\t\t            \n\t\t\t\t\t\t<div class=\"row\">\n\t\t\t\t<div class=\"col-xl-12\">\n\t\t\t\t\t<div class=\"contact-form\">\n\t\t\t\t\t\t<div class=\"default-form2\">\n\t\t\t\t\t\t\t\n<div class=\"wpcf7 no-js\" id=\"wpcf7-f452-o1\" lang=\"en-US\" dir=\"ltr\" data-wpcf7-id=\"452\">\n<div class=\"screen-reader-response\"><p role=\"status\" aria-live=\"polite\" aria-atomic=\"true\"><\/p> <ul><\/ul><\/div>\n<form action=\"\/fdemo\/wp-json\/wp\/v2\/pages\/81#wpcf7-f452-o1\" method=\"post\" class=\"wpcf7-form init\" aria-label=\"Contact form\" novalidate=\"novalidate\" data-status=\"init\">\n<div style=\"display: none;\">\n<input type=\"hidden\" name=\"_wpcf7\" value=\"452\" \/>\n<input type=\"hidden\" name=\"_wpcf7_version\" value=\"6.0.1\" \/>\n<input type=\"hidden\" name=\"_wpcf7_locale\" value=\"en_US\" \/>\n<input type=\"hidden\" name=\"_wpcf7_unit_tag\" value=\"wpcf7-f452-o1\" \/>\n<input type=\"hidden\" name=\"_wpcf7_container_post\" value=\"0\" \/>\n<input type=\"hidden\" name=\"_wpcf7_posted_data_hash\" value=\"\" \/>\n<\/div>\n<div class=\"row\">\n\t<div class=\"col-xl-6\">\n\t\t<div class=\"form-group\">\n\t\t\t<div class=\"input-box\">\n\t\t\t\t<p><span class=\"wpcf7-form-control-wrap\" data-name=\"text-463\"><input size=\"40\" maxlength=\"400\" class=\"wpcf7-form-control wpcf7-text wpcf7-validates-as-required\" aria-required=\"true\" aria-invalid=\"false\" placeholder=\"Full Name\" value=\"\" type=\"text\" name=\"text-463\" \/><\/span>\n\t\t\t\t<\/p>\n\t\t\t<\/div>\n\t\t<\/div>\n\t<\/div>\n\t<div class=\"col-xl-6\">\n\t\t<div class=\"form-group\">\n\t\t\t<div class=\"input-box\">\n\t\t\t\t<p><span class=\"wpcf7-form-control-wrap\" data-name=\"email-762\"><input size=\"40\" maxlength=\"400\" class=\"wpcf7-form-control wpcf7-email wpcf7-validates-as-required wpcf7-text wpcf7-validates-as-email\" aria-required=\"true\" aria-invalid=\"false\" placeholder=\"Email Address\" value=\"\" type=\"email\" name=\"email-762\" \/><\/span>\n\t\t\t\t<\/p>\n\t\t\t<\/div>\n\t\t<\/div>\n\t<\/div>\n<\/div>\n<div class=\"row\">\n\t<div class=\"col-xl-6\">\n\t\t<div class=\"form-group\">\n\t\t\t<div class=\"input-box\">\n\t\t\t\t<p><span class=\"wpcf7-form-control-wrap\" data-name=\"text-464\"><input size=\"40\" maxlength=\"400\" class=\"wpcf7-form-control wpcf7-text\" aria-invalid=\"false\" placeholder=\"Phone\" value=\"\" type=\"text\" name=\"text-464\" \/><\/span>\n\t\t\t\t<\/p>\n\t\t\t<\/div>\n\t\t<\/div>\n\t<\/div>\n\t<div class=\"col-xl-6\">\n\t\t<div class=\"form-group\">\n\t\t\t<div class=\"input-box\">\n\t\t\t\t<p><span class=\"wpcf7-form-control-wrap\" data-name=\"text-465\"><input size=\"40\" maxlength=\"400\" class=\"wpcf7-form-control wpcf7-text\" aria-invalid=\"false\" placeholder=\"Subject\" value=\"\" type=\"text\" name=\"text-465\" \/><\/span>\n\t\t\t\t<\/p>\n\t\t\t<\/div>\n\t\t<\/div>\n\t<\/div>\n<\/div>\n<div class=\"row\">\n\t<div class=\"col-xl-12\">\n\t\t<div class=\"form-group\">\n\t\t\t<div class=\"input-box\">\n\t\t\t\t<p><span class=\"wpcf7-form-control-wrap\" data-name=\"textarea-290\"><textarea cols=\"40\" rows=\"10\" maxlength=\"2000\" class=\"wpcf7-form-control wpcf7-textarea\" aria-invalid=\"false\" placeholder=\"Write a Message\" name=\"textarea-290\"><\/textarea><\/span>\n\t\t\t\t<\/p>\n\t\t\t<\/div>\n\t\t<\/div>\n\t<\/div>\n<\/div>\n<div class=\"row\">\n\t<div class=\"col-xl-12 text-center\">\n\t\t<div class=\"button-box\">\n\t\t\t<p><button class=\"btn-one\" type=\"submit\" data-loading-text=\"Please wait...\"><span class=\"txt\">send a message<\/span><\/button>\n\t\t\t<\/p>\n\t\t<\/div>\n\t<\/div>\n<\/div><div class=\"wpcf7-response-output\" aria-hidden=\"true\"><\/div>\n<\/form>\n<\/div>\n\t\t\t\t\t\t<\/div>\n\t\t\t\t\t<\/div>\n\t\t\t\t<\/div>\n\t\t\t<\/div>\n                        \n\t\t<\/div>\n\t<\/section>\n\t<!--End Main Contact Form Area-->\n    \n\t\t\t<\/div>\n\t\t\t\t<\/div>\n\t\t\t\t\t<\/div>\n\t\t<\/div>\n\t\t\t\t\t<\/div>\n\t\t<\/section>\n\t\t\t\t<section class=\"elementor-section elementor-top-section elementor-element elementor-element-ccce3c7 elementor-section-full_width elementor-section-height-default elementor-section-height-default\" data-id=\"ccce3c7\" data-element_type=\"section\">\n\t\t\t\t\t\t<div class=\"elementor-container elementor-column-gap-default\">\n\t\t\t\t\t<div class=\"elementor-column elementor-col-100 elementor-top-column elementor-element elementor-element-800de17\" data-id=\"800de17\" data-element_type=\"column\">\n\t\t\t<div class=\"elementor-widget-wrap elementor-element-populated\">\n\t\t\t\t\t\t<div class=\"elementor-element elementor-element-0881a48 elementor-widget elementor-widget-ambons_google_map\" data-id=\"0881a48\" data-element_type=\"widget\" data-widget_type=\"ambons_google_map.default\">\n\t\t\t\t<div class=\"elementor-widget-container\">\n\t\t\t\n\t<!--Start Google Map Style2 Area-->\n    <section class=\"google-map-area\">\n        <div class=\"auto-container\">\n            <div class=\"contact-page-map-outer\">\n                <!--Map Canvas-->\n                <iframe src=\"https:\/\/www.google.com\/maps\/embed?pb=!1m18!1m12!1m3!1d3017.3537741509726!2d29.335073811538575!3d40.86410982817031!2m3!1f0!2f0!3f0!3m2!1i1024!2i768!4f13.1!3m3!1m2!1s0x14cad94e3c131fe3%3A0x8b6e3f249b1940dc!2zQXlkxLFubMSxLCBQYXRsYXnEsWPEsSBNYWRkZWxlciBZb2x1IENkIE5vOjcgTm86MiBBLCAzNDk1MyBUdXpsYS_EsHN0YW5idWw!5e0!3m2!1str!2str!4v1734480773260!5m2!1str!2str\" width=\"600\" height=\"450\" style=\"border:0;\" allowfullscreen=\"\" loading=\"lazy\" referrerpolicy=\"no-referrer-when-downgrade\"><\/iframe>            <\/div>\n        <\/div>\n    <\/section>\n    <!--End Google Map Style2 Area-->\n    \n\t\t\t<\/div>\n\t\t\t\t<\/div>\n\t\t\t\t\t<\/div>\n\t\t<\/div>\n\t\t\t\t\t<\/div>\n\t\t<\/section>\n\t\t\t\t<\/div>\n\t\t","protected":false},"excerpt":{"rendered":"<p>Medjet Medical Assistance Her Zaman Yan\u0131n\u0131zday\u0131z! Medjet olarak her zaman yan\u0131n\u0131zday\u0131z! Hizmetlerimizle ilgili sorular\u0131n\u0131z, talepleriniz veya geri bildirimleriniz i\u00e7in bize kolayca ula\u015fabilirsiniz. Alan\u0131nda uzman ekibimiz, ihtiya\u00e7lar\u0131n\u0131za en h\u0131zl\u0131 ve etkili \u00e7\u00f6z\u00fcmleri sunmak i\u00e7in haz\u0131r. Merkez Ofis Ayd\u0131nl\u0131 mah. Patlay\u0131c\u0131 Maddeler Yolu Cad. 7\/B Blok No:16 Palmiye Park Tuzla &#8211; \u0130stanbul\/T\u00fcrkiye +1-(246)333-0089 info@example.com Medjet Medical Assistance [&hellip;]<\/p>\n","protected":false},"author":1,"featured_media":0,"parent":0,"menu_order":0,"comment_status":"closed","ping_status":"closed","template":"tpl-default-elementor.php","meta":{"footnotes":""},"class_list":["post-81","page","type-page","status-publish","hentry"],"_links":{"self":[{"href":"https:\/\/kodline.com\/fdemo\/wp-json\/wp\/v2\/pages\/81","targetHints":{"allow":["GET"]}}],"collection":[{"href":"https:\/\/kodline.com\/fdemo\/wp-json\/wp\/v2\/pages"}],"about":[{"href":"https:\/\/kodline.com\/fdemo\/wp-json\/wp\/v2\/types\/page"}],"author":[{"embeddable":true,"href":"https:\/\/kodline.com\/fdemo\/wp-json\/wp\/v2\/users\/1"}],"replies":[{"embeddable":true,"href":"https:\/\/kodline.com\/fdemo\/wp-json\/wp\/v2\/comments?post=81"}],"version-history":[{"count":8,"href":"https:\/\/kodline.com\/fdemo\/wp-json\/wp\/v2\/pages\/81\/revisions"}],"predecessor-version":[{"id":1732,"href":"https:\/\/kodline.com\/fdemo\/wp-json\/wp\/v2\/pages\/81\/revisions\/1732"}],"wp:attachment":[{"href":"https:\/\/kodline.com\/fdemo\/wp-json\/wp\/v2\/media?parent=81"}],"curies":[{"name":"wp","href":"https:\/\/api.w.org\/{rel}","templated":true}]}}