{"id":13327,"date":"2023-08-22T09:30:45","date_gmt":"2023-08-22T09:30:45","guid":{"rendered":"https:\/\/kodline.com\/ozdemir\/?page_id=13327"},"modified":"2023-08-22T09:30:45","modified_gmt":"2023-08-22T09:30:45","slug":"directory-filter","status":"publish","type":"page","link":"https:\/\/kodline.com\/ozdemir\/directory-filter\/","title":{"rendered":"Directory Filter"},"content":{"rendered":"\t\t<div data-elementor-type=\"wp-page\" data-elementor-id=\"13327\" class=\"elementor elementor-13327\" data-elementor-post-type=\"page\">\n\t\t\t\t\t\t<section class=\"elementor-section elementor-top-section elementor-element elementor-element-839718b elementor-section-boxed elementor-section-height-default elementor-section-height-default\" data-id=\"839718b\" data-element_type=\"section\">\n\t\t\t\t\t\t<div class=\"elementor-container elementor-column-gap-no\">\n\t\t\t\t\t<div class=\"elementor-column elementor-col-100 elementor-top-column elementor-element elementor-element-08bcfa8\" data-id=\"08bcfa8\" data-element_type=\"column\">\n\t\t\t<div class=\"elementor-widget-wrap elementor-element-populated\">\n\t\t\t\t\t\t<div class=\"elementor-element elementor-element-411a26a elementor-widget elementor-widget-ova_dir_archive\" data-id=\"411a26a\" data-element_type=\"widget\" data-settings=\"{&quot;posts_per_page&quot;:6,&quot;cate&quot;:&quot;0&quot;}\" data-widget_type=\"ova_dir_archive.default\">\n\t\t\t\t<div class=\"elementor-widget-container\">\n\t\t\t\n<div class=\"ova-dir-archive template_1 three_column\" \n\tdata-query=\"{&quot;order_by&quot;:&quot;title&quot;,&quot;order&quot;:&quot;ASC&quot;,&quot;posts_per_page&quot;:6,&quot;cate&quot;:0}\"\n\tdata-args_show=\"{&quot;show_map&quot;:&quot;yes&quot;,&quot;show_image&quot;:&quot;yes&quot;,&quot;show_title&quot;:&quot;yes&quot;,&quot;show_location&quot;:&quot;yes&quot;,&quot;show_category&quot;:&quot;yes&quot;,&quot;show_short_desc&quot;:&quot;yes&quot;,&quot;show_link_to&quot;:&quot;yes&quot;}\"\n>\n\t\t\t<ul class=\"list-cat-dir\">\n\t\t\t<li class=\"item active\">\n\t\t\t\t<a href=\"https:\/\/kodline.com\/ozdemir\/ova_dir\/\"\n\t\t\t\t\tdata-id=\"0\" class=\"cate_name\"\n\t\t\t\t>\n\t\t\t\t\tAll\t\t\t\t<\/a>\n\t\t\t<\/li>\n\t\t\t\t\t\t\t\t\t\t\t\t<li class=\"item \">\n\t\t\t\t\t\t<a href=\"https:\/\/kodline.com\/ozdemir\/cat_dir\/avustralya-dil-okullari\/\"\n\t\t\t\t\t\t\tdata-id=\"132\"\n\t\t\t\t\t\t\tclass=\"cate_name\" title=\"Avustralya Dil Okullar\u0131\"\n\t\t\t\t\t\t>\n\t\t\t\t\t\t\tAvustralya Dil Okullar\u0131\t\t\t\t\t\t<\/a>\n\t\t\t\t\t<\/li>\n\t\t\t\t\t\t\t\t\t<li class=\"item \">\n\t\t\t\t\t\t<a href=\"https:\/\/kodline.com\/ozdemir\/cat_dir\/dubai-dil-okullari\/\"\n\t\t\t\t\t\t\tdata-id=\"131\"\n\t\t\t\t\t\t\tclass=\"cate_name\" title=\"Dubai Dil Okullar\u0131\"\n\t\t\t\t\t\t>\n\t\t\t\t\t\t\tDubai Dil Okullar\u0131\t\t\t\t\t\t<\/a>\n\t\t\t\t\t<\/li>\n\t\t\t\t\t\t\t\t\t<li class=\"item \">\n\t\t\t\t\t\t<a href=\"https:\/\/kodline.com\/ozdemir\/cat_dir\/ingiltere-dil-okullari\/\"\n\t\t\t\t\t\t\tdata-id=\"56\"\n\t\t\t\t\t\t\tclass=\"cate_name\" title=\"\u0130ngiltere Dil Okullar\u0131\"\n\t\t\t\t\t\t>\n\t\t\t\t\t\t\t\u0130ngiltere Dil Okullar\u0131\t\t\t\t\t\t<\/a>\n\t\t\t\t\t<\/li>\n\t\t\t\t\t\t\t\t\t<li class=\"item \">\n\t\t\t\t\t\t<a href=\"https:\/\/kodline.com\/ozdemir\/cat_dir\/irlanda-dil-okullari\/\"\n\t\t\t\t\t\t\tdata-id=\"130\"\n\t\t\t\t\t\t\tclass=\"cate_name\" title=\"\u0130rlanda Dil Okullar\u0131\"\n\t\t\t\t\t\t>\n\t\t\t\t\t\t\t\u0130rlanda Dil Okullar\u0131\t\t\t\t\t\t<\/a>\n\t\t\t\t\t<\/li>\n\t\t\t\t\t\t\t\t\t<li class=\"item \">\n\t\t\t\t\t\t<a href=\"https:\/\/kodline.com\/ozdemir\/cat_dir\/kanada-dil-okullari\/\"\n\t\t\t\t\t\t\tdata-id=\"90\"\n\t\t\t\t\t\t\tclass=\"cate_name\" title=\"Kanada Dil Okullar\u0131\"\n\t\t\t\t\t\t>\n\t\t\t\t\t\t\tKanada Dil Okullar\u0131\t\t\t\t\t\t<\/a>\n\t\t\t\t\t<\/li>\n\t\t\t\t\t\t\t\t\t<li class=\"item \">\n\t\t\t\t\t\t<a href=\"https:\/\/kodline.com\/ozdemir\/cat_dir\/malta-dil-okullari\/\"\n\t\t\t\t\t\t\tdata-id=\"52\"\n\t\t\t\t\t\t\tclass=\"cate_name\" title=\"Malta Dil Okullar\u0131\"\n\t\t\t\t\t\t>\n\t\t\t\t\t\t\tMalta Dil Okullar\u0131\t\t\t\t\t\t<\/a>\n\t\t\t\t\t<\/li>\n\t\t\t\t\t\t\t\t\t<\/ul>\n\t\n\t<div class=\"ova-dir-loader\">\n\t\t<div class=\"loader\"><\/div>\n\t<\/div>\n\n\t<div class=\"ova_dir_archive_content\">\n\t\t\n\t\t\n\t\t<div class=\"ova-dir-items\">\n\t\t\t\t\t\t\t<div class=\"item\">\n\t\t\t\t\t\t\t\t\t\t\t\t\t\t\t\t\t\t<a href=\"https:\/\/kodline.com\/ozdemir\/ova_dir\/ace-english-malta\/\" class=\"thumbnail\" title=\"ACE English Malta\">\n\t\t\t\t\t\t\t\t<img fetchpriority=\"high\" decoding=\"async\" width=\"520\" height=\"360\" src=\"https:\/\/kodline.com\/ozdemir\/wp-content\/uploads\/2024\/11\/16449295101-520x360.jpg\" class=\"attachment-gimont_medium size-gimont_medium wp-post-image\" alt=\"\" \/>\t\t\t\t\t\t\t<\/a>\n\t\t\t\t\t\t\t\t\t\t\t\n\t\t\t\t\t<div class=\"content\">\n\t\t\t\t\t\t\t\t\t\t\t\t\t\t\t\t\t\t\t\t\t<a href=\"https:\/\/kodline.com\/ozdemir\/ova_dir\/ace-english-malta\/\" title=\"ACE English Malta\">\n\t\t\t\t\t\t\t\t\t\t\t\t\t\t\t<h2 class=\"title\">\n\t\t\t\t\t\t\t\t\tACE English Malta\t\n\t\t\t\t\t\t\t\t<\/h2>\n\t\t\t\t\t\t\t\t\t\t\t\t\t\t\t<\/a>\n\t\t\t\t\t\t\t\t\t\t\t\t\t\n\t\t\t\t\t\t\t\t\t\t\t\t\t<p class=\"description\">\n\t\t\t\t\t\t\t\tACE English Malta, Malta\u2019n\u0131n en pop\u00fcler \u015fehri St. Julian\u2019s\u2019\u0131n merkezinde yer alan..\t\t\t\t\t\t\t<\/p>\n\t\t\t\t\t\t\n\t\t\t\t\t\t\t\t\t\t\t\t\t<ul class=\"info\">\n\t\t\t\t\t\t\t\t\t\t\t\t\t\t\t\t\t<li>\n\t\t\t\t\t\t\t\t\t\t<i class=\"fas fa-map-marker-alt\" aria-hidden=\"true\"><\/i>\n\t\t\t\t\t\t\t\t\t\t<div class=\"text\">\n\t\t\t\t\t\t\t\t\t\t\t197 Park Street, Montclair, NJ, USA\t\t\t\t\t\t\t\t\t\t<\/div>\n\t\t\t\t\t\t\t\t\t<\/li>\n\t\t\t\t\t\t\t\t\t\t\t\t\t\t\t\t\t\t\t\t\t\t\t\t<li>\n\t\t\t\t\t\t\t\t\t<i class=\"far fa-folder\" aria-hidden=\"true\"><\/i>\n\t\t\t\t\t\t\t\t\t<div class=\"text\"><a href=\"https:\/\/kodline.com\/ozdemir\/cat_dir\/malta-dil-okullari\/\" rel=\"tag\">Malta Dil Okullar\u0131<\/a><\/div>\n\t\t\t\t\t\t\t\t<\/li>\n\t\t\t\t\t\t\t\t\t\t\t\t\t\t\t<\/ul>\n\t\t\t\t\t\t\t\t\t\t\t<\/div>\n\t\t\t\t<\/div>\n\t\t\t\t\t\t\t<div class=\"item\">\n\t\t\t\t\t\t\t\t\t\t\t\t\t\t\t\t\t\t<a href=\"https:\/\/kodline.com\/ozdemir\/ova_dir\/atlas-language-school-dublin\/\" class=\"thumbnail\" title=\"Atlas Language School Dublin\">\n\t\t\t\t\t\t\t\t<img decoding=\"async\" width=\"520\" height=\"360\" src=\"https:\/\/kodline.com\/ozdemir\/wp-content\/uploads\/2024\/11\/Atlas-Portobello-1-scaled-1-520x360.jpg\" class=\"attachment-gimont_medium size-gimont_medium wp-post-image\" alt=\"\" \/>\t\t\t\t\t\t\t<\/a>\n\t\t\t\t\t\t\t\t\t\t\t\n\t\t\t\t\t<div class=\"content\">\n\t\t\t\t\t\t\t\t\t\t\t\t\t\t\t\t\t\t\t\t\t<a href=\"https:\/\/kodline.com\/ozdemir\/ova_dir\/atlas-language-school-dublin\/\" title=\"Atlas Language School Dublin\">\n\t\t\t\t\t\t\t\t\t\t\t\t\t\t\t<h2 class=\"title\">\n\t\t\t\t\t\t\t\t\tAtlas Language School Dublin\t\n\t\t\t\t\t\t\t\t<\/h2>\n\t\t\t\t\t\t\t\t\t\t\t\t\t\t\t<\/a>\n\t\t\t\t\t\t\t\t\t\t\t\t\t\n\t\t\t\t\t\t\t\t\t\t\t\t\t<p class=\"description\">\n\t\t\t\t\t\t\t\tAtlas Language School, 2003 y\u0131l\u0131nda Dublin\u2019de kurulmu\u015f ve \u00f6\u011frencilere y\u00fcksek kalitede dil..\t\t\t\t\t\t\t<\/p>\n\t\t\t\t\t\t\n\t\t\t\t\t\t\t\t\t\t\t\t\t<ul class=\"info\">\n\t\t\t\t\t\t\t\t\t\t\t\t\t\t\t\t\t<li>\n\t\t\t\t\t\t\t\t\t\t<i class=\"fas fa-map-marker-alt\" aria-hidden=\"true\"><\/i>\n\t\t\t\t\t\t\t\t\t\t<div class=\"text\">\n\t\t\t\t\t\t\t\t\t\t\t197 Park Street, Montclair, NJ, USA\t\t\t\t\t\t\t\t\t\t<\/div>\n\t\t\t\t\t\t\t\t\t<\/li>\n\t\t\t\t\t\t\t\t\t\t\t\t\t\t\t\t\t\t\t\t\t\t\t\t<li>\n\t\t\t\t\t\t\t\t\t<i class=\"far fa-folder\" aria-hidden=\"true\"><\/i>\n\t\t\t\t\t\t\t\t\t<div class=\"text\"><a href=\"https:\/\/kodline.com\/ozdemir\/cat_dir\/irlanda-dil-okullari\/\" rel=\"tag\">\u0130rlanda Dil Okullar\u0131<\/a><\/div>\n\t\t\t\t\t\t\t\t<\/li>\n\t\t\t\t\t\t\t\t\t\t\t\t\t\t\t<\/ul>\n\t\t\t\t\t\t\t\t\t\t\t<\/div>\n\t\t\t\t<\/div>\n\t\t\t\t\t\t\t<div class=\"item\">\n\t\t\t\t\t\t\t\t\t\t\t\t\t\t\t\t\t\t<a href=\"https:\/\/kodline.com\/ozdemir\/ova_dir\/ec-english-malta\/\" class=\"thumbnail\" title=\"EC English Malta\">\n\t\t\t\t\t\t\t\t<img decoding=\"async\" width=\"520\" height=\"360\" src=\"https:\/\/kodline.com\/ozdemir\/wp-content\/uploads\/2023\/08\/EC-English-Malta-Image-520x360.webp\" class=\"attachment-gimont_medium size-gimont_medium wp-post-image\" alt=\"\" \/>\t\t\t\t\t\t\t<\/a>\n\t\t\t\t\t\t\t\t\t\t\t\n\t\t\t\t\t<div class=\"content\">\n\t\t\t\t\t\t\t\t\t\t\t\t\t\t\t\t\t\t\t\t\t<a href=\"https:\/\/kodline.com\/ozdemir\/ova_dir\/ec-english-malta\/\" title=\"EC English Malta\">\n\t\t\t\t\t\t\t\t\t\t\t\t\t\t\t<h2 class=\"title\">\n\t\t\t\t\t\t\t\t\tEC English Malta\t\n\t\t\t\t\t\t\t\t<\/h2>\n\t\t\t\t\t\t\t\t\t\t\t\t\t\t\t<\/a>\n\t\t\t\t\t\t\t\t\t\t\t\t\t\n\t\t\t\t\t\t\t\t\t\t\t\t\t<p class=\"description\">\n\t\t\t\t\t\t\t\tEC Malta, d\u00fcnya genelinde tan\u0131nm\u0131\u015f EC English dil okullar\u0131n\u0131n bir par\u00e7as\u0131 olarak,..\t\t\t\t\t\t\t<\/p>\n\t\t\t\t\t\t\n\t\t\t\t\t\t\t\t\t\t\t\t\t<ul class=\"info\">\n\t\t\t\t\t\t\t\t\t\t\t\t\t\t\t\t\t<li>\n\t\t\t\t\t\t\t\t\t\t<i class=\"fas fa-map-marker-alt\" aria-hidden=\"true\"><\/i>\n\t\t\t\t\t\t\t\t\t\t<div class=\"text\">\n\t\t\t\t\t\t\t\t\t\t\t197 Park Street, Montclair, NJ, USA\t\t\t\t\t\t\t\t\t\t<\/div>\n\t\t\t\t\t\t\t\t\t<\/li>\n\t\t\t\t\t\t\t\t\t\t\t\t\t\t\t\t\t\t\t\t\t\t\t\t<li>\n\t\t\t\t\t\t\t\t\t<i class=\"far fa-folder\" aria-hidden=\"true\"><\/i>\n\t\t\t\t\t\t\t\t\t<div class=\"text\"><a href=\"https:\/\/kodline.com\/ozdemir\/cat_dir\/malta-dil-okullari\/\" rel=\"tag\">Malta Dil Okullar\u0131<\/a><\/div>\n\t\t\t\t\t\t\t\t<\/li>\n\t\t\t\t\t\t\t\t\t\t\t\t\t\t\t<\/ul>\n\t\t\t\t\t\t\t\t\t\t\t<\/div>\n\t\t\t\t<\/div>\n\t\t\t\t\t\t\t<div class=\"item\">\n\t\t\t\t\t\t\t\t\t\t\t\t\t\t\t\t\t\t<a href=\"https:\/\/kodline.com\/ozdemir\/ova_dir\/es-dubai\/\" class=\"thumbnail\" title=\"ES Dubai\">\n\t\t\t\t\t\t\t\t<img loading=\"lazy\" decoding=\"async\" width=\"520\" height=\"360\" src=\"https:\/\/kodline.com\/ozdemir\/wp-content\/uploads\/2024\/11\/EC-Dubai-1_r720x570-520x360.jpg\" class=\"attachment-gimont_medium size-gimont_medium wp-post-image\" alt=\"\" \/>\t\t\t\t\t\t\t<\/a>\n\t\t\t\t\t\t\t\t\t\t\t\n\t\t\t\t\t<div class=\"content\">\n\t\t\t\t\t\t\t\t\t\t\t\t\t\t\t\t\t\t\t\t\t<a href=\"https:\/\/kodline.com\/ozdemir\/ova_dir\/es-dubai\/\" title=\"ES Dubai\">\n\t\t\t\t\t\t\t\t\t\t\t\t\t\t\t<h2 class=\"title\">\n\t\t\t\t\t\t\t\t\tES Dubai\t\n\t\t\t\t\t\t\t\t<\/h2>\n\t\t\t\t\t\t\t\t\t\t\t\t\t\t\t<\/a>\n\t\t\t\t\t\t\t\t\t\t\t\t\t\n\t\t\t\t\t\t\t\t\t\t\t\t\t<p class=\"description\">\n\t\t\t\t\t\t\t\tES Dubai, uluslararas\u0131 \u00f6\u011frencilere \u0130ngilizce dil becerilerini geli\u015ftirme f\u0131rsat\u0131 sunan kaliteli bir..\t\t\t\t\t\t\t<\/p>\n\t\t\t\t\t\t\n\t\t\t\t\t\t\t\t\t\t\t\t\t<ul class=\"info\">\n\t\t\t\t\t\t\t\t\t\t\t\t\t\t\t\t\t<li>\n\t\t\t\t\t\t\t\t\t\t<i class=\"fas fa-map-marker-alt\" aria-hidden=\"true\"><\/i>\n\t\t\t\t\t\t\t\t\t\t<div class=\"text\">\n\t\t\t\t\t\t\t\t\t\t\t197 Park Street, Montclair, NJ, USA\t\t\t\t\t\t\t\t\t\t<\/div>\n\t\t\t\t\t\t\t\t\t<\/li>\n\t\t\t\t\t\t\t\t\t\t\t\t\t\t\t\t\t\t\t\t\t\t\t\t<li>\n\t\t\t\t\t\t\t\t\t<i class=\"far fa-folder\" aria-hidden=\"true\"><\/i>\n\t\t\t\t\t\t\t\t\t<div class=\"text\"><a href=\"https:\/\/kodline.com\/ozdemir\/cat_dir\/dubai-dil-okullari\/\" rel=\"tag\">Dubai Dil Okullar\u0131<\/a><\/div>\n\t\t\t\t\t\t\t\t<\/li>\n\t\t\t\t\t\t\t\t\t\t\t\t\t\t\t<\/ul>\n\t\t\t\t\t\t\t\t\t\t\t<\/div>\n\t\t\t\t<\/div>\n\t\t\t\t\t\t\t<div class=\"item\">\n\t\t\t\t\t\t\t\t\t\t\t\t\t\t\t\t\t\t<a href=\"https:\/\/kodline.com\/ozdemir\/ova_dir\/ilac-toronto\/\" class=\"thumbnail\" title=\"ILAC Toronto\">\n\t\t\t\t\t\t\t\t<img loading=\"lazy\" decoding=\"async\" width=\"520\" height=\"360\" src=\"https:\/\/kodline.com\/ozdemir\/wp-content\/uploads\/2024\/11\/TORONTO-slide1-520x360.webp\" class=\"attachment-gimont_medium size-gimont_medium wp-post-image\" alt=\"\" \/>\t\t\t\t\t\t\t<\/a>\n\t\t\t\t\t\t\t\t\t\t\t\n\t\t\t\t\t<div class=\"content\">\n\t\t\t\t\t\t\t\t\t\t\t\t\t\t\t\t\t\t\t\t\t<a href=\"https:\/\/kodline.com\/ozdemir\/ova_dir\/ilac-toronto\/\" title=\"ILAC Toronto\">\n\t\t\t\t\t\t\t\t\t\t\t\t\t\t\t<h2 class=\"title\">\n\t\t\t\t\t\t\t\t\tILAC Toronto\t\n\t\t\t\t\t\t\t\t<\/h2>\n\t\t\t\t\t\t\t\t\t\t\t\t\t\t\t<\/a>\n\t\t\t\t\t\t\t\t\t\t\t\t\t\n\t\t\t\t\t\t\t\t\t\t\t\t\t<p class=\"description\">\n\t\t\t\t\t\t\t\tILAC (International Language Academy of Canada), 1997 y\u0131l\u0131nda Kanada\u2019da kurulan ve \u00fclkenin..\t\t\t\t\t\t\t<\/p>\n\t\t\t\t\t\t\n\t\t\t\t\t\t\t\t\t\t\t\t\t<ul class=\"info\">\n\t\t\t\t\t\t\t\t\t\t\t\t\t\t\t\t\t<li>\n\t\t\t\t\t\t\t\t\t\t<i class=\"fas fa-map-marker-alt\" aria-hidden=\"true\"><\/i>\n\t\t\t\t\t\t\t\t\t\t<div class=\"text\">\n\t\t\t\t\t\t\t\t\t\t\t197 Park Street, Montclair, NJ, USA\t\t\t\t\t\t\t\t\t\t<\/div>\n\t\t\t\t\t\t\t\t\t<\/li>\n\t\t\t\t\t\t\t\t\t\t\t\t\t\t\t\t\t\t\t\t\t\t\t\t<li>\n\t\t\t\t\t\t\t\t\t<i class=\"far fa-folder\" aria-hidden=\"true\"><\/i>\n\t\t\t\t\t\t\t\t\t<div class=\"text\"><a href=\"https:\/\/kodline.com\/ozdemir\/cat_dir\/kanada-dil-okullari\/\" rel=\"tag\">Kanada Dil Okullar\u0131<\/a><\/div>\n\t\t\t\t\t\t\t\t<\/li>\n\t\t\t\t\t\t\t\t\t\t\t\t\t\t\t<\/ul>\n\t\t\t\t\t\t\t\t\t\t\t<\/div>\n\t\t\t\t<\/div>\n\t\t\t\t\t\t\t<div class=\"item\">\n\t\t\t\t\t\t\t\t\t\t\t\t\t\t\t\t\t\t<a href=\"https:\/\/kodline.com\/ozdemir\/ova_dir\/ilsc-sydney\/\" class=\"thumbnail\" title=\"ILSC Sydney\">\n\t\t\t\t\t\t\t\t<img loading=\"lazy\" decoding=\"async\" width=\"520\" height=\"360\" src=\"https:\/\/kodline.com\/ozdemir\/wp-content\/uploads\/2024\/11\/ILSC-Sydney-top-520x360.jpg\" class=\"attachment-gimont_medium size-gimont_medium wp-post-image\" alt=\"\" \/>\t\t\t\t\t\t\t<\/a>\n\t\t\t\t\t\t\t\t\t\t\t\n\t\t\t\t\t<div class=\"content\">\n\t\t\t\t\t\t\t\t\t\t\t\t\t\t\t\t\t\t\t\t\t<a href=\"https:\/\/kodline.com\/ozdemir\/ova_dir\/ilsc-sydney\/\" title=\"ILSC Sydney\">\n\t\t\t\t\t\t\t\t\t\t\t\t\t\t\t<h2 class=\"title\">\n\t\t\t\t\t\t\t\t\tILSC Sydney\t\n\t\t\t\t\t\t\t\t<\/h2>\n\t\t\t\t\t\t\t\t\t\t\t\t\t\t\t<\/a>\n\t\t\t\t\t\t\t\t\t\t\t\t\t\n\t\t\t\t\t\t\t\t\t\t\t\t\t<p class=\"description\">\n\t\t\t\t\t\t\t\tILSC Dil Okullar\u0131, 1991 y\u0131l\u0131nda Kanada&#8217;n\u0131n Vancouver \u015fehrinde kurulmu\u015f olup, g\u00fcn\u00fcm\u00fcze kadar..\t\t\t\t\t\t\t<\/p>\n\t\t\t\t\t\t\n\t\t\t\t\t\t\t\t\t\t\t\t\t<ul class=\"info\">\n\t\t\t\t\t\t\t\t\t\t\t\t\t\t\t\t\t<li>\n\t\t\t\t\t\t\t\t\t\t<i class=\"fas fa-map-marker-alt\" aria-hidden=\"true\"><\/i>\n\t\t\t\t\t\t\t\t\t\t<div class=\"text\">\n\t\t\t\t\t\t\t\t\t\t\t197 Park Street, Montclair, NJ, USA\t\t\t\t\t\t\t\t\t\t<\/div>\n\t\t\t\t\t\t\t\t\t<\/li>\n\t\t\t\t\t\t\t\t\t\t\t\t\t\t\t\t\t\t\t\t\t\t\t\t<li>\n\t\t\t\t\t\t\t\t\t<i class=\"far fa-folder\" aria-hidden=\"true\"><\/i>\n\t\t\t\t\t\t\t\t\t<div class=\"text\"><a href=\"https:\/\/kodline.com\/ozdemir\/cat_dir\/avustralya-dil-okullari\/\" rel=\"tag\">Avustralya Dil Okullar\u0131<\/a><\/div>\n\t\t\t\t\t\t\t\t<\/li>\n\t\t\t\t\t\t\t\t\t\t\t\t\t\t\t<\/ul>\n\t\t\t\t\t\t\t\t\t\t\t<\/div>\n\t\t\t\t<\/div>\n\t\t\t\t\t<\/div>\n\n\t\t<div class=\"ova_dir_pagination_ajax\"\n\t\tdata-args=\"{&quot;order_by&quot;:&quot;title&quot;,&quot;order&quot;:&quot;ASC&quot;,&quot;posts_per_page&quot;:6,&quot;cate&quot;:0}\">\n\t\t<nav class=\"navigation pagination\">\n\t\t\t<div class=\"nav-links\">\n\t\t\t\t<ul class=\"page-numbers\">\n\t\t\t\t\t\t\t\t\t\t\t<li>\n\t\t\t\t\t\t\t\t\t\t\t\t\t\t\t<span aria-current=\"page\" class=\"page-numbers current\">\n\t\t\t\t\t\t\t\t\t1\t\t\t\t\t\t\t\t<\/span>\n\t\t\t\t\t\t\t\t\t\t\t\t\t<\/li>\n\t\t\t\t\t\t\t\t\t\t\t<li>\n\t\t\t\t\t\t\t\t\t\t\t\t\t\t\t\t\t\t\t\t\t<a href=\"#\" class=\"page-numbers\"\n\t\t\t\t\t\t\t\tdata-offset=\"6\"\n\t\t\t\t\t\t\t\tdata-page=\"2\">\n\t\t\t\t\t\t\t\t2\t\t\t\t\t\t\t<\/a>\n\t\t\t\t\t\t\t\t\t\t\t\t\t<\/li>\n\t\t\t\t\t\n\t\t\t\t\t\t\t\t\t\t\t<li>\n\t\t\t\t\t\t\t<a class=\"next page-numbers\" href=\"#\"\n\t\t\t\t\t\t\t\taria-label=\"Next Page\"\n\t\t\t\t\t\t\t\tdata-offset=\"6\"\n\t\t\t\t\t\t\t\tdata-page=\"2\"\n\t\t\t\t\t\t\t>\n\t\t\t\t\t\t\t\t<i class=\"ovaicon-next\"><\/i>\n\t\t\t\t\t\t\t<\/a>\n\t\t\t\t\t\t<\/li>\n\t\t\t\t\t\n\t\t\t\t<\/ul>\n\t\t\t<\/div>\n\t\t<\/nav>\n\t<\/div>\n\t<\/div>\n<\/div>\t\t<\/div>\n\t\t\t\t<\/div>\n\t\t\t\t\t<\/div>\n\t\t<\/div>\n\t\t\t\t\t<\/div>\n\t\t<\/section>\n\t\t\t\t<\/div>\n\t\t","protected":false},"excerpt":{"rendered":"<p>All Education Entertainment Public Services Bowling Point 165 Main Street, Cambridge, Massachusetts, USA Entertainment Community Centre 65 Park Street, Lawrence, MA, USA Public Services Downtown Cinema 279 Main Street, Frisco, TX, USA Entertainment Elementary School 197 Park Street, Montclair, NJ, USA Education High School 90 Pond St, Stowe, VT 05672, USA Education Post Office 105 [&hellip;]<\/p>\n","protected":false},"author":1,"featured_media":0,"parent":0,"menu_order":0,"comment_status":"closed","ping_status":"closed","template":"elementor_header_footer","meta":{"footnotes":""},"class_list":["post-13327","page","type-page","status-publish","hentry"],"_links":{"self":[{"href":"https:\/\/kodline.com\/ozdemir\/wp-json\/wp\/v2\/pages\/13327","targetHints":{"allow":["GET"]}}],"collection":[{"href":"https:\/\/kodline.com\/ozdemir\/wp-json\/wp\/v2\/pages"}],"about":[{"href":"https:\/\/kodline.com\/ozdemir\/wp-json\/wp\/v2\/types\/page"}],"author":[{"embeddable":true,"href":"https:\/\/kodline.com\/ozdemir\/wp-json\/wp\/v2\/users\/1"}],"replies":[{"embeddable":true,"href":"https:\/\/kodline.com\/ozdemir\/wp-json\/wp\/v2\/comments?post=13327"}],"version-history":[{"count":0,"href":"https:\/\/kodline.com\/ozdemir\/wp-json\/wp\/v2\/pages\/13327\/revisions"}],"wp:attachment":[{"href":"https:\/\/kodline.com\/ozdemir\/wp-json\/wp\/v2\/media?parent=13327"}],"curies":[{"name":"wp","href":"https:\/\/api.w.org\/{rel}","templated":true}]}}