{"id":18811,"date":"2023-06-08T07:15:57","date_gmt":"2023-06-08T07:15:57","guid":{"rendered":"https:\/\/kodline.com\/ozdemir\/?page_id=13"},"modified":"2024-11-03T19:33:12","modified_gmt":"2024-11-03T19:33:12","slug":"bilgi-almak-istiyorum","status":"publish","type":"page","link":"https:\/\/kodline.com\/ozdemir\/bilgi-almak-istiyorum\/","title":{"rendered":"Bilgi Almak \u0130stiyorum"},"content":{"rendered":"\t\t<div data-elementor-type=\"wp-page\" data-elementor-id=\"18811\" class=\"elementor elementor-18811\" data-elementor-post-type=\"page\">\n\t\t\t\t\t\t<section class=\"elementor-section elementor-top-section elementor-element elementor-element-f565e6e elementor-section-boxed elementor-section-height-default elementor-section-height-default\" data-id=\"f565e6e\" data-element_type=\"section\">\n\t\t\t\t\t\t<div class=\"elementor-container elementor-column-gap-default\">\n\t\t\t\t\t<div class=\"elementor-column elementor-col-100 elementor-top-column elementor-element elementor-element-3c652c4\" data-id=\"3c652c4\" data-element_type=\"column\">\n\t\t\t<div class=\"elementor-widget-wrap elementor-element-populated\">\n\t\t\t\t\t\t<div class=\"elementor-element elementor-element-700841f elementor-widget elementor-widget-gimont_elementor_heading\" data-id=\"700841f\" data-element_type=\"widget\" data-widget_type=\"gimont_elementor_heading.default\">\n\t\t\t\t<div class=\"elementor-widget-container\">\n\t\t\t\n\t\t\t<div class=\"ova-heading template_1\">\n\t\t\t\t\t\t\t\t\t\t\t\t\t\t\t<span class=\"line\"><\/span>\n\t\t\t\t\t\t\t\t\t\t<span class=\"subtitle\">\u00d6ZDEM\u0130R YURTDI\u015eI E\u011e\u0130T\u0130M<\/span>\n\t\t\t\t\t\t\t\t\t\t\t\t\t\n\t\t\t\t\t\t\t\t\t\t\t\t\t\t\t<h2 class=\"title\">\u00dcCRETS\u0130Z B\u0130LG\u0130 TALEP FORMU<\/h2>\n\t\t\t\t\t\t\t\t\t\t\n\t\t\t\t\t\t\t\t\n\t\t\t\t\n\t\t\t<\/div>\n\n\t\t\t\t<\/div>\n\t\t\t\t<\/div>\n\t\t\t\t\t<\/div>\n\t\t<\/div>\n\t\t\t\t\t<\/div>\n\t\t<\/section>\n\t\t<div class=\"elementor-element elementor-element-2325dfc e-flex e-con-boxed e-con e-parent\" data-id=\"2325dfc\" data-element_type=\"container\">\n\t\t\t\t\t<div class=\"e-con-inner\">\n\t\t<div class=\"elementor-element elementor-element-96886f3 e-con-full e-flex e-con e-child\" data-id=\"96886f3\" data-element_type=\"container\">\n\t\t\t\t<\/div>\n\t\t<div class=\"elementor-element elementor-element-58fd3e7 e-con-full e-flex e-con e-child\" data-id=\"58fd3e7\" data-element_type=\"container\">\n\t\t\t\t<div class=\"elementor-element elementor-element-84253f1 elementor-widget elementor-widget-shortcode\" data-id=\"84253f1\" data-element_type=\"widget\" data-widget_type=\"shortcode.default\">\n\t\t\t\t<div class=\"elementor-widget-container\">\n\t\t\t\t\t<div class=\"elementor-shortcode\">\n<div class=\"wpcf7 no-js\" id=\"wpcf7-f18798-o1\" lang=\"en-US\" dir=\"ltr\">\n<div class=\"screen-reader-response\"><p role=\"status\" aria-live=\"polite\" aria-atomic=\"true\"><\/p> <ul><\/ul><\/div>\n<form action=\"\/ozdemir\/wp-json\/wp\/v2\/pages\/18811#wpcf7-f18798-o1\" method=\"post\" class=\"wpcf7-form init\" aria-label=\"Contact form\" novalidate=\"novalidate\" data-status=\"init\">\n<div style=\"display: none;\">\n<input type=\"hidden\" name=\"_wpcf7\" value=\"18798\" \/>\n<input type=\"hidden\" name=\"_wpcf7_version\" value=\"5.9.8\" \/>\n<input type=\"hidden\" name=\"_wpcf7_locale\" value=\"en_US\" \/>\n<input type=\"hidden\" name=\"_wpcf7_unit_tag\" value=\"wpcf7-f18798-o1\" \/>\n<input type=\"hidden\" name=\"_wpcf7_container_post\" value=\"0\" \/>\n<input type=\"hidden\" name=\"_wpcf7_posted_data_hash\" value=\"\" \/>\n<\/div>\n<div class=\"ova-ctform\">\n\t<h3 class=\"heading\">L\u00fctfen Formu Eksiksiz Doldurunuz!\n\t<\/h3>\n\t<div class=\"name-info ova_wrap_input\">\n\t\t<p><span class=\"wpcf7-form-control-wrap\" data-name=\"fullname\"><input size=\"40\" maxlength=\"400\" class=\"wpcf7-form-control wpcf7-text wpcf7-validates-as-required\" aria-required=\"true\" aria-invalid=\"false\" placeholder=\"Ad\u0131n\u0131z Soyad\u0131n\u0131z\" value=\"\" type=\"text\" name=\"fullname\" \/><\/span>\n\t\t<\/p>\n\t<\/div>\n\t<div class=\"email ova_wrap_input\">\n\t\t<p><span class=\"wpcf7-form-control-wrap\" data-name=\"your-email\"><input size=\"40\" maxlength=\"400\" class=\"wpcf7-form-control wpcf7-email wpcf7-validates-as-required wpcf7-text wpcf7-validates-as-email\" aria-required=\"true\" aria-invalid=\"false\" placeholder=\"Eposta Adresiniz\" value=\"\" type=\"email\" name=\"your-email\" \/><\/span>\n\t\t<\/p>\n\t<\/div>\n\t<div class=\"phone ova_wrap_input\">\n\t\t<p><span class=\"wpcf7-form-control-wrap\" data-name=\"your-phone\"><input size=\"40\" maxlength=\"400\" class=\"wpcf7-form-control wpcf7-tel wpcf7-validates-as-required wpcf7-text wpcf7-validates-as-tel\" aria-required=\"true\" aria-invalid=\"false\" placeholder=\"Telefon Numaran\u0131z\" value=\"\" type=\"tel\" name=\"your-phone\" \/><\/span>\n\t\t<\/p>\n\t<\/div>\n\t<div class=\"phone ova_wrap_input\">\n\t\t<p><span class=\"wpcf7-form-control-wrap\" data-name=\"your-sehir\"><input size=\"40\" maxlength=\"400\" class=\"wpcf7-form-control wpcf7-text wpcf7-validates-as-required\" aria-required=\"true\" aria-invalid=\"false\" placeholder=\"Bulundu\u011funuz \u015eehir\" value=\"\" type=\"text\" name=\"your-sehir\" \/><\/span>\n\t\t<\/p>\n\t<\/div>\n\t<div class=\"phone ova_wrap_input\">\n\t\t<p><span class=\"wpcf7-form-control-wrap\" data-name=\"menu-92\"><select class=\"wpcf7-form-control wpcf7-select wpcf7-validates-as-required\" aria-required=\"true\" aria-invalid=\"false\" name=\"menu-92\"><option value=\"\u00dcniversite E\u011fitimi\">\u00dcniversite E\u011fitimi<\/option><option value=\"Dil E\u011fitimi\">Dil E\u011fitimi<\/option><option value=\"Vize Dan\u0131\u015fmanl\u0131\u011f\u0131\">Vize Dan\u0131\u015fmanl\u0131\u011f\u0131<\/option><option value=\"\u0130\u015f Dan\u0131\u015fmanl\u0131\u011f\u0131\">\u0130\u015f Dan\u0131\u015fmanl\u0131\u011f\u0131<\/option><\/select><\/span>\n\t\t<\/p>\n\t<\/div>\n\t<p><button type=\"submit\" class=\"wpcf7-form-control has-spinner wpcf7-submit\">G\u00f6nder<i class=\"surancy-arrow-right\"><\/i><\/button>\n\t<\/p>\n\t<div class=\"phone ova_wrap_input\">\n\t\t<p><span class=\"wpcf7-form-control-wrap\" data-name=\"acceptance-317\"><span class=\"wpcf7-form-control wpcf7-acceptance optional\"><span class=\"wpcf7-list-item\"><label><input type=\"checkbox\" name=\"acceptance-317\" value=\"1\" aria-invalid=\"false\" \/><span class=\"wpcf7-list-item-label\">KVKK Bilgilendirmesi'ni ve A\u00e7\u0131k R\u0131za Beyan Metni'ni okudum, kabul ediyorum.<\/span><\/label><\/span><\/span><\/span>\n\t\t<\/p>\n\t<\/div>\n<\/div><div class=\"wpcf7-response-output\" aria-hidden=\"true\"><\/div>\n<\/form>\n<\/div>\n<\/div>\n\t\t\t\t<\/div>\n\t\t\t\t<\/div>\n\t\t\t\t<\/div>\n\t\t<div class=\"elementor-element elementor-element-2d7e948 e-con-full e-flex e-con e-child\" data-id=\"2d7e948\" data-element_type=\"container\">\n\t\t\t\t<\/div>\n\t\t\t\t\t<\/div>\n\t\t\t\t<\/div>\n\t\t\t\t<\/div>\n\t\t","protected":false},"excerpt":{"rendered":"<p>\u00d6ZDEM\u0130R YURTDI\u015eI E\u011e\u0130T\u0130M \u00dcCRETS\u0130Z B\u0130LG\u0130 TALEP FORMU<\/p>\n","protected":false},"author":1,"featured_media":0,"parent":0,"menu_order":0,"comment_status":"closed","ping_status":"closed","template":"elementor_header_footer","meta":{"footnotes":""},"class_list":["post-18811","page","type-page","status-publish","hentry"],"_links":{"self":[{"href":"https:\/\/kodline.com\/ozdemir\/wp-json\/wp\/v2\/pages\/18811","targetHints":{"allow":["GET"]}}],"collection":[{"href":"https:\/\/kodline.com\/ozdemir\/wp-json\/wp\/v2\/pages"}],"about":[{"href":"https:\/\/kodline.com\/ozdemir\/wp-json\/wp\/v2\/types\/page"}],"author":[{"embeddable":true,"href":"https:\/\/kodline.com\/ozdemir\/wp-json\/wp\/v2\/users\/1"}],"replies":[{"embeddable":true,"href":"https:\/\/kodline.com\/ozdemir\/wp-json\/wp\/v2\/comments?post=18811"}],"version-history":[{"count":5,"href":"https:\/\/kodline.com\/ozdemir\/wp-json\/wp\/v2\/pages\/18811\/revisions"}],"predecessor-version":[{"id":19853,"href":"https:\/\/kodline.com\/ozdemir\/wp-json\/wp\/v2\/pages\/18811\/revisions\/19853"}],"wp:attachment":[{"href":"https:\/\/kodline.com\/ozdemir\/wp-json\/wp\/v2\/media?parent=18811"}],"curies":[{"name":"wp","href":"https:\/\/api.w.org\/{rel}","templated":true}]}}