{"id":19184,"date":"2024-10-22T14:03:34","date_gmt":"2024-10-22T14:03:34","guid":{"rendered":"https:\/\/kodline.com\/ozdemir\/?page_id=19184"},"modified":"2024-10-22T14:40:26","modified_gmt":"2024-10-22T14:40:26","slug":"dil-okulu-rehberi","status":"publish","type":"page","link":"https:\/\/kodline.com\/ozdemir\/dil-okulu-rehberi\/","title":{"rendered":"Dil okulu Rehberi"},"content":{"rendered":"\t\t<div data-elementor-type=\"wp-page\" data-elementor-id=\"19184\" class=\"elementor elementor-19184\" data-elementor-post-type=\"page\">\n\t\t\t\t\t\t<section class=\"elementor-section elementor-top-section elementor-element elementor-element-af19f3d elementor-section-boxed elementor-section-height-default elementor-section-height-default\" data-id=\"af19f3d\" data-element_type=\"section\">\n\t\t\t\t\t\t\t<div class=\"elementor-background-overlay\"><\/div>\n\t\t\t\t\t\t\t<div class=\"elementor-container elementor-column-gap-default\">\n\t\t\t\t\t<div class=\"elementor-column elementor-col-50 elementor-top-column elementor-element elementor-element-4f6562c\" data-id=\"4f6562c\" data-element_type=\"column\">\n\t\t\t<div class=\"elementor-widget-wrap elementor-element-populated\">\n\t\t\t\t\t\t<div class=\"elementor-element elementor-element-d534213 elementor-widget__width-auto elementor-widget elementor-widget-image\" data-id=\"d534213\" data-element_type=\"widget\" data-widget_type=\"image.default\">\n\t\t\t\t<div class=\"elementor-widget-container\">\n\t\t\t\t\t\t\t\t\t\t\t\t\t<img fetchpriority=\"high\" decoding=\"async\" width=\"800\" height=\"999\" src=\"https:\/\/kodline.com\/ozdemir\/wp-content\/uploads\/2024\/10\/7dde829f67bca6db57f46d7e022f8b81-820x1024.jpg\" class=\"attachment-large size-large wp-image-19190\" alt=\"\" srcset=\"https:\/\/kodline.com\/ozdemir\/wp-content\/uploads\/2024\/10\/7dde829f67bca6db57f46d7e022f8b81-820x1024.jpg 820w, https:\/\/kodline.com\/ozdemir\/wp-content\/uploads\/2024\/10\/7dde829f67bca6db57f46d7e022f8b81-240x300.jpg 240w, https:\/\/kodline.com\/ozdemir\/wp-content\/uploads\/2024\/10\/7dde829f67bca6db57f46d7e022f8b81-768x959.jpg 768w, https:\/\/kodline.com\/ozdemir\/wp-content\/uploads\/2024\/10\/7dde829f67bca6db57f46d7e022f8b81-300x375.jpg 300w, https:\/\/kodline.com\/ozdemir\/wp-content\/uploads\/2024\/10\/7dde829f67bca6db57f46d7e022f8b81-600x749.jpg 600w, https:\/\/kodline.com\/ozdemir\/wp-content\/uploads\/2024\/10\/7dde829f67bca6db57f46d7e022f8b81.jpg 1000w\" sizes=\"(max-width: 800px) 100vw, 800px\" \/>\t\t\t\t\t\t\t\t\t\t\t\t\t<\/div>\n\t\t\t\t<\/div>\n\t\t\t\t<div class=\"elementor-element elementor-element-18841ba elementor-absolute elementor-widget__width-auto elementor-widget elementor-widget-gimont_elementor_icon_box_2\" data-id=\"18841ba\" data-element_type=\"widget\" data-settings=\"{&quot;_position&quot;:&quot;absolute&quot;}\" data-widget_type=\"gimont_elementor_icon_box_2.default\">\n\t\t\t\t<div class=\"elementor-widget-container\">\n\t\t\t\n\t\t\t<div class=\"ova-icon-box-2\">\n\t\t\t\t<div class=\"icon\">\n\t\t\t\t\t<i aria-hidden=\"true\" class=\"flaticon flaticon-quotation\"><\/i>\t\t\t\t<\/div>\n\t\t\t\t<div class=\"info\">\n\t\t\t\t\t\t\t\t\t\t\t<h2 class=\"title\">Yurtd\u0131\u015f\u0131 dil e\u011fitimi, sadece bir dil \u00f6\u011frenmek de\u011fil, ayn\u0131 zamanda kendinizi ke\u015ffetmek i\u00e7in harika bir f\u0131rsatt\u0131r.<\/h2>\n\t\t\t\t\t\n\t\t\t\t\t\n\t\t\t\t\t\n\t\t\t\t<\/div>\n\t\t\t<\/div>\n\n\t\t\t\t<\/div>\n\t\t\t\t<\/div>\n\t\t\t\t\t<\/div>\n\t\t<\/div>\n\t\t\t\t<div class=\"elementor-column elementor-col-50 elementor-top-column elementor-element elementor-element-7b5f3e2\" data-id=\"7b5f3e2\" data-element_type=\"column\">\n\t\t\t<div class=\"elementor-widget-wrap elementor-element-populated\">\n\t\t\t\t\t\t<div class=\"elementor-element elementor-element-9409648 elementor-widget elementor-widget-gimont_elementor_heading\" data-id=\"9409648\" data-element_type=\"widget\" data-widget_type=\"gimont_elementor_heading.default\">\n\t\t\t\t<div class=\"elementor-widget-container\">\n\t\t\t\n\t\t\t<div class=\"ova-heading template_1\">\n\t\t\t\t\t\t\t\t\t\t\t\t\t\t\t<span class=\"line\"><\/span>\n\t\t\t\t\t\t\t\t\t\t<span class=\"subtitle\">Yurtd\u0131\u015f\u0131 Dil Okulu Rehberi<\/span>\n\t\t\t\t\t\t\t\t\t\t\t\t\t\n\t\t\t\t\t\t\t\t\t\t\t\t\t\t\t<h2 class=\"title\">\u00d6zdemir ile Yeni Bir Dil D\u00fcnyas\u0131na A\u00e7\u0131l\u0131n!<\/h2>\n\t\t\t\t\t\t\t\t\t\t\n\t\t\t\t\t\t\t\t\n\t\t\t\t\t\t\t\t\t<p class=\"desc\">Yurtd\u0131\u015f\u0131 dil e\u011fitimi almak, yeni bir dil \u00f6\u011frenmenin en etkili yollar\u0131ndan biridir. Ancak bu kadar \u00e7ok se\u00e7enek varken, do\u011fru okulu se\u00e7mek zor olabilir. \u00d6zdemir Yurtd\u0131\u015f\u0131 E\u011fitim olarak, size bu konuda yard\u0131mc\u0131 olmak i\u00e7in kapsaml\u0131 bir rehber haz\u0131rlad\u0131k.<\/p>\n\t\t\t\t\n\t\t\t<\/div>\n\n\t\t\t\t<\/div>\n\t\t\t\t<\/div>\n\t\t\t\t<div class=\"elementor-element elementor-element-eb51729 elementor-widget elementor-widget-text-editor\" data-id=\"eb51729\" data-element_type=\"widget\" data-widget_type=\"text-editor.default\">\n\t\t\t\t<div class=\"elementor-widget-container\">\n\t\t\t\t\t\t\t<h3 data-sourcepos=\"28:1-28:33\">Hangi Dilde E\u011fitim Almal\u0131y\u0131m?<\/h3><p data-sourcepos=\"30:1-30:272\">En \u00e7ok tercih edilen diller \u0130ngilizce, Almanca, Frans\u0131zca ve \u0130spanyolcad\u0131r. Ancak \u0130talyanca, \u00c7ince, Japonca gibi di\u011fer diller de olduk\u00e7a pop\u00fclerdir. Hangi dili \u00f6\u011frenmek istedi\u011finize karar verirken, kariyer hedeflerinizi ve ilgi alanlar\u0131n\u0131z\u0131 g\u00f6z \u00f6n\u00fcnde bulundurabilirsiniz.<\/p><p data-sourcepos=\"30:1-30:272\">\u00a0<\/p><p data-sourcepos=\"32:1-32:165\"><strong>\u00d6zdemir Yurtd\u0131\u015f\u0131 E\u011fitim<\/strong> olarak, size en uygun dil e\u011fitimi program\u0131n\u0131 bulmak i\u00e7in buraday\u0131z. <strong>\u00dccretsiz dan\u0131\u015fmanl\u0131k<\/strong> almak i\u00e7in bizimle ileti\u015fime ge\u00e7ebilirsiniz.<\/p>\t\t\t\t\t\t<\/div>\n\t\t\t\t<\/div>\n\t\t\t\t\t<\/div>\n\t\t<\/div>\n\t\t\t\t\t<\/div>\n\t\t<\/section>\n\t\t\t\t<section class=\"elementor-section elementor-top-section elementor-element elementor-element-a7e67e3 elementor-section-boxed elementor-section-height-default elementor-section-height-default\" data-id=\"a7e67e3\" data-element_type=\"section\" data-settings=\"{&quot;background_background&quot;:&quot;classic&quot;}\">\n\t\t\t\t\t\t<div class=\"elementor-container elementor-column-gap-default\">\n\t\t\t\t\t<div class=\"elementor-column elementor-col-50 elementor-top-column elementor-element elementor-element-79b5e7c\" data-id=\"79b5e7c\" data-element_type=\"column\">\n\t\t\t<div class=\"elementor-widget-wrap elementor-element-populated\">\n\t\t\t\t\t\t<div class=\"elementor-element elementor-element-a75756f elementor-widget elementor-widget-text-editor\" data-id=\"a75756f\" data-element_type=\"widget\" data-widget_type=\"text-editor.default\">\n\t\t\t\t<div class=\"elementor-widget-container\">\n\t\t\t\t\t\t\t<h3>\u00d6zdemir Yurtd\u0131\u015f\u0131 E\u011fitim ile Neler Kazan\u0131rs\u0131n\u0131z?<\/h3><ul><li data-sourcepos=\"14:1-14:133\"><p><strong>Uzman dan\u0131\u015fmanl\u0131k:<\/strong> E\u011fitim dan\u0131\u015fmanlar\u0131m\u0131z, size en uygun dil okulu ve program\u0131n\u0131 se\u00e7meniz i\u00e7in ki\u015fiselle\u015ftirilmi\u015f destek sunar.<\/p><\/li><li data-sourcepos=\"15:1-15:118\"><p><strong>Geni\u015f okul a\u011f\u0131:<\/strong> D\u00fcnyan\u0131n en iyi dil okullar\u0131ndan olu\u015fan geni\u015f bir a\u011f\u0131m\u0131z sayesinde, size bir\u00e7ok se\u00e7enek sunar\u0131z.<\/p><\/li><li data-sourcepos=\"16:1-16:135\"><p><strong>Vize deste\u011fi:<\/strong> Vize s\u00fcrecinde size ad\u0131m ad\u0131m yard\u0131mc\u0131 olarak, vize alman\u0131z i\u00e7in gereken t\u00fcm belgeleri haz\u0131rlaman\u0131za destek oluruz.<\/p><\/li><li data-sourcepos=\"17:1-17:155\"><p><strong>Konaklama se\u00e7enekleri:<\/strong> Okul yurtlar\u0131, aile yan\u0131 veya payla\u015f\u0131ml\u0131 daire gibi farkl\u0131 konaklama se\u00e7enekleri aras\u0131ndan size en uygun olan\u0131 se\u00e7ebilirsiniz.<\/p><\/li><li data-sourcepos=\"18:1-19:0\"><p><strong>Ekstra etkinlikler:<\/strong> Dil e\u011fitiminizin yan\u0131 s\u0131ra, k\u00fclt\u00fcrel etkinliklere kat\u0131larak yeni yerler ke\u015ffedebilir ve arkada\u015flar\u0131n\u0131zla vakit ge\u00e7irebilirsiniz.<\/p><\/li><\/ul>\t\t\t\t\t\t<\/div>\n\t\t\t\t<\/div>\n\t\t\t\t\t<\/div>\n\t\t<\/div>\n\t\t\t\t<div class=\"elementor-column elementor-col-50 elementor-top-column elementor-element elementor-element-1b76aae\" data-id=\"1b76aae\" data-element_type=\"column\" data-settings=\"{&quot;background_background&quot;:&quot;classic&quot;}\">\n\t\t\t<div class=\"elementor-widget-wrap elementor-element-populated\">\n\t\t\t\t\t\t<div class=\"elementor-element elementor-element-c8d6097 elementor-widget elementor-widget-gimont_elementor_icon_box\" data-id=\"c8d6097\" data-element_type=\"widget\" data-widget_type=\"gimont_elementor_icon_box.default\">\n\t\t\t\t<div class=\"elementor-widget-container\">\n\t\t\t\n\t\t<div class=\"ova-icon-box template_2\">\n\t\t\t<div class=\"icon\">\n\t\t\t\t<i aria-hidden=\"true\" class=\"flaticon flaticon-graduation\"><\/i>\t\t\t<\/div>\n\n\t\t\t<div class=\"info\">\n\t\t\t\t\n\t\t\t\t<h3 class=\"title\">D\u00fcnyan\u0131n en iyi dil okullar\u0131<\/h3>\n\n\t\t\t\t\t\t\t\t\t<p class=\"desc\">\n\t\t\t\t\t\t\u0130ngiltere, Amerika, Kanada, Avustralya, Malta, \u0130spanya gibi bir\u00e7ok \u00fclkede bulunan prestijli dil okullar\u0131yla \u00e7al\u0131\u015f\u0131yoruz.\t\t\t\t\t<\/p>\n\t\t\t\t\t\t\t<\/div>\n\t\t<\/div>\n\n\t\t\t\t<\/div>\n\t\t\t\t<\/div>\n\t\t\t\t<div class=\"elementor-element elementor-element-23f0253 elementor-widget elementor-widget-gimont_elementor_icon_box\" data-id=\"23f0253\" data-element_type=\"widget\" data-widget_type=\"gimont_elementor_icon_box.default\">\n\t\t\t\t<div class=\"elementor-widget-container\">\n\t\t\t\n\t\t<div class=\"ova-icon-box template_2\">\n\t\t\t<div class=\"icon\">\n\t\t\t\t<i aria-hidden=\"true\" class=\"flaticon flaticon-graduation\"><\/i>\t\t\t<\/div>\n\n\t\t\t<div class=\"info\">\n\t\t\t\t\n\t\t\t\t<h3 class=\"title\">Uluslararas\u0131 ge\u00e7erli sertifikalar<\/h3>\n\n\t\t\t\t\t\t\t\t\t<p class=\"desc\">\n\t\t\t\t\t\tDil e\u011fitimin sonunda alaca\u011f\u0131n\u0131z sertifikalar, yurt i\u00e7inde ve yurt d\u0131\u015f\u0131nda bir\u00e7ok kurumda ge\u00e7erli olacak.\t\t\t\t\t<\/p>\n\t\t\t\t\t\t\t<\/div>\n\t\t<\/div>\n\n\t\t\t\t<\/div>\n\t\t\t\t<\/div>\n\t\t\t\t<div class=\"elementor-element elementor-element-a495617 elementor-widget elementor-widget-gimont_elementor_icon_box\" data-id=\"a495617\" data-element_type=\"widget\" data-widget_type=\"gimont_elementor_icon_box.default\">\n\t\t\t\t<div class=\"elementor-widget-container\">\n\t\t\t\n\t\t<div class=\"ova-icon-box template_2\">\n\t\t\t<div class=\"icon\">\n\t\t\t\t<i aria-hidden=\"true\" class=\"flaticon flaticon-graduation\"><\/i>\t\t\t<\/div>\n\n\t\t\t<div class=\"info\">\n\t\t\t\t\n\t\t\t\t<h3 class=\"title\">Vize s\u00fcrecinde destek<\/h3>\n\n\t\t\t\t\t\t\t\t\t<p class=\"desc\">\n\t\t\t\t\t\tT\u00fcm vize belgelerinizi haz\u0131rlaman\u0131zda ve ba\u015fvuru s\u00fcrecinde size ad\u0131m ad\u0131m rehberlik ediyorlar.\t\t\t\t\t<\/p>\n\t\t\t\t\t\t\t<\/div>\n\t\t<\/div>\n\n\t\t\t\t<\/div>\n\t\t\t\t<\/div>\n\t\t\t\t\t<\/div>\n\t\t<\/div>\n\t\t\t\t\t<\/div>\n\t\t<\/section>\n\t\t<div class=\"elementor-element elementor-element-14493a3 e-flex e-con-boxed e-con e-parent\" data-id=\"14493a3\" data-element_type=\"container\">\n\t\t\t\t\t<div class=\"e-con-inner\">\n\t\t\t\t<div class=\"elementor-element elementor-element-e51d15a elementor-widget elementor-widget-spacer\" data-id=\"e51d15a\" data-element_type=\"widget\" data-widget_type=\"spacer.default\">\n\t\t\t\t<div class=\"elementor-widget-container\">\n\t\t\t\t\t<div class=\"elementor-spacer\">\n\t\t\t<div class=\"elementor-spacer-inner\"><\/div>\n\t\t<\/div>\n\t\t\t\t<\/div>\n\t\t\t\t<\/div>\n\t\t\t\t\t<\/div>\n\t\t\t\t<\/div>\n\t\t<div class=\"elementor-element elementor-element-c62378e e-flex e-con-boxed e-con e-parent\" data-id=\"c62378e\" data-element_type=\"container\">\n\t\t\t\t\t<div class=\"e-con-inner\">\n\t\t\t\t<div class=\"elementor-element elementor-element-ede8899 elementor-invisible elementor-widget elementor-widget-image\" data-id=\"ede8899\" data-element_type=\"widget\" data-settings=\"{&quot;_animation&quot;:&quot;bounceIn&quot;}\" data-widget_type=\"image.default\">\n\t\t\t\t<div class=\"elementor-widget-container\">\n\t\t\t\t\t\t\t\t\t\t\t\t\t<img decoding=\"async\" width=\"2560\" height=\"240\" src=\"https:\/\/kodline.com\/ozdemir\/wp-content\/uploads\/2024\/10\/OZDEMI\u0307R-ALT-scaled.jpg\" class=\"attachment-full size-full wp-image-19010\" alt=\"\" srcset=\"https:\/\/kodline.com\/ozdemir\/wp-content\/uploads\/2024\/10\/OZDEMI\u0307R-ALT-scaled.jpg 2560w, https:\/\/kodline.com\/ozdemir\/wp-content\/uploads\/2024\/10\/OZDEMI\u0307R-ALT-300x28.jpg 300w, https:\/\/kodline.com\/ozdemir\/wp-content\/uploads\/2024\/10\/OZDEMI\u0307R-ALT-1024x96.jpg 1024w, https:\/\/kodline.com\/ozdemir\/wp-content\/uploads\/2024\/10\/OZDEMI\u0307R-ALT-768x72.jpg 768w, https:\/\/kodline.com\/ozdemir\/wp-content\/uploads\/2024\/10\/OZDEMI\u0307R-ALT-1536x144.jpg 1536w, https:\/\/kodline.com\/ozdemir\/wp-content\/uploads\/2024\/10\/OZDEMI\u0307R-ALT-2048x192.jpg 2048w, https:\/\/kodline.com\/ozdemir\/wp-content\/uploads\/2024\/10\/OZDEMI\u0307R-ALT-600x56.jpg 600w\" sizes=\"(max-width: 2560px) 100vw, 2560px\" \/>\t\t\t\t\t\t\t\t\t\t\t\t\t<\/div>\n\t\t\t\t<\/div>\n\t\t\t\t\t<\/div>\n\t\t\t\t<\/div>\n\t\t<div class=\"elementor-element elementor-element-9fd309d e-flex e-con-boxed e-con e-parent\" data-id=\"9fd309d\" data-element_type=\"container\">\n\t\t\t\t\t<div class=\"e-con-inner\">\n\t\t\t\t<div class=\"elementor-element elementor-element-d42b77b elementor-widget elementor-widget-spacer\" data-id=\"d42b77b\" data-element_type=\"widget\" data-widget_type=\"spacer.default\">\n\t\t\t\t<div class=\"elementor-widget-container\">\n\t\t\t\t\t<div class=\"elementor-spacer\">\n\t\t\t<div class=\"elementor-spacer-inner\"><\/div>\n\t\t<\/div>\n\t\t\t\t<\/div>\n\t\t\t\t<\/div>\n\t\t\t\t\t<\/div>\n\t\t\t\t<\/div>\n\t\t\t\t<section class=\"elementor-section elementor-top-section elementor-element elementor-element-7222f05 elementor-section-boxed elementor-section-height-default elementor-section-height-default\" data-id=\"7222f05\" data-element_type=\"section\">\n\t\t\t\t\t\t\t<div class=\"elementor-background-overlay\"><\/div>\n\t\t\t\t\t\t\t<div class=\"elementor-container elementor-column-gap-no\">\n\t\t\t\t\t<div class=\"elementor-column elementor-col-100 elementor-top-column elementor-element elementor-element-95f5505\" data-id=\"95f5505\" data-element_type=\"column\">\n\t\t\t<div class=\"elementor-widget-wrap elementor-element-populated\">\n\t\t\t\t\t\t<div class=\"elementor-element elementor-element-11c4205 elementor-widget elementor-widget-spacer\" data-id=\"11c4205\" data-element_type=\"widget\" data-widget_type=\"spacer.default\">\n\t\t\t\t<div class=\"elementor-widget-container\">\n\t\t\t\t\t<div class=\"elementor-spacer\">\n\t\t\t<div class=\"elementor-spacer-inner\"><\/div>\n\t\t<\/div>\n\t\t\t\t<\/div>\n\t\t\t\t<\/div>\n\t\t\t\t<div class=\"elementor-element elementor-element-6d546bf elementor-widget elementor-widget-gimont_elementor_counter_list\" data-id=\"6d546bf\" data-element_type=\"widget\" data-widget_type=\"gimont_elementor_counter_list.default\">\n\t\t\t\t<div class=\"elementor-widget-container\">\n\t\t\t           \n            <div class=\"ova-counter-list-wrapper template_1 four_column\">\n\n            \t\n\t\t           <div class=\"ova-counter-list\" data-count=\"100\">\n\t\t                \n\t\t\t            \t\t\t            \t<div class=\"icon-wrapper\">\n\t\t\t            \t\t<div class=\"icon\">\n\t\t\t\t\t\t\t\t\t<i class=\"gimonticon gimonticon-high-school\"><\/i>\n\t\t\t\t\t\t\t\t<\/div>\n\t\t\t            \t<\/div>\n\t\t\t\t\t\t\t\t\t            \n\t\t                <div class=\"odometer-wrapper\">\n\t\t\t\t\t\t\t<span class=\"odometer\">0<\/span>\n\t\t\t\t\t\t\t<span class=\"suffix\">\n\t\t\t\t\t\t\t\t\t\t\t\t\t        <\/span>\n\t\t\t\t\t    <\/div>\n\t\t\t\t\t\t\n\t\t\t      \t     \t\t\t\t\t\t\t<h3 class=\"title\">ANLA\u015eMALI \u00dcN\u0130VERS\u0130TE<\/h3>\n\t\t\t\t\t\t\n\t\t           <\/div>\n\n\t           \n\t\t           <div class=\"ova-counter-list\" data-count=\"40\">\n\t\t                \n\t\t\t            \t\t\t            \t<div class=\"icon-wrapper\">\n\t\t\t            \t\t<div class=\"icon\">\n\t\t\t\t\t\t\t\t\t<i class=\"flaticon flaticon-world\"><\/i>\n\t\t\t\t\t\t\t\t<\/div>\n\t\t\t            \t<\/div>\n\t\t\t\t\t\t\t\t\t            \n\t\t                <div class=\"odometer-wrapper\">\n\t\t\t\t\t\t\t<span class=\"odometer\">0<\/span>\n\t\t\t\t\t\t\t<span class=\"suffix\">\n\t\t\t\t\t\t\t\t\t\t\t\t\t        <\/span>\n\t\t\t\t\t    <\/div>\n\t\t\t\t\t\t\n\t\t\t      \t     \t\t\t\t\t\t\t<h3 class=\"title\">ANLA\u015eMALI D\u0130L OKULU<\/h3>\n\t\t\t\t\t\t\n\t\t           <\/div>\n\n\t           \n\t\t           <div class=\"ova-counter-list\" data-count=\"2000\">\n\t\t                \n\t\t\t            \t\t\t            \t<div class=\"icon-wrapper\">\n\t\t\t            \t\t<div class=\"icon\">\n\t\t\t\t\t\t\t\t\t<i class=\"far fa-check-circle\"><\/i>\n\t\t\t\t\t\t\t\t<\/div>\n\t\t\t            \t<\/div>\n\t\t\t\t\t\t\t\t\t            \n\t\t                <div class=\"odometer-wrapper\">\n\t\t\t\t\t\t\t<span class=\"odometer\">0<\/span>\n\t\t\t\t\t\t\t<span class=\"suffix\">\n\t\t\t\t\t\t\t\t\t\t\t\t\t        <\/span>\n\t\t\t\t\t    <\/div>\n\t\t\t\t\t\t\n\t\t\t      \t     \t\t\t\t\t\t\t<h3 class=\"title\">YURTDI\u015eI \u00d6\u011eRENC\u0130 KAYDI<\/h3>\n\t\t\t\t\t\t\n\t\t           <\/div>\n\n\t           \n\t\t           <div class=\"ova-counter-list\" data-count=\"6\">\n\t\t                \n\t\t\t            \t\t\t            \t<div class=\"icon-wrapper\">\n\t\t\t            \t\t<div class=\"icon\">\n\t\t\t\t\t\t\t\t\t<i class=\"far fa-building\"><\/i>\n\t\t\t\t\t\t\t\t<\/div>\n\t\t\t            \t<\/div>\n\t\t\t\t\t\t\t\t\t            \n\t\t                <div class=\"odometer-wrapper\">\n\t\t\t\t\t\t\t<span class=\"odometer\">0<\/span>\n\t\t\t\t\t\t\t<span class=\"suffix\">\n\t\t\t\t\t\t\t\t\t\t\t\t\t        <\/span>\n\t\t\t\t\t    <\/div>\n\t\t\t\t\t\t\n\t\t\t      \t     \t\t\t\t\t\t\t<h3 class=\"title\">F\u0130RMA \u015eUBES\u0130<\/h3>\n\t\t\t\t\t\t\n\t\t           <\/div>\n\n\t           \n            <\/div>\n\t\t \t\n\t\t\t\t<\/div>\n\t\t\t\t<\/div>\n\t\t\t\t<div class=\"elementor-element elementor-element-88302fc elementor-widget elementor-widget-spacer\" data-id=\"88302fc\" data-element_type=\"widget\" data-widget_type=\"spacer.default\">\n\t\t\t\t<div class=\"elementor-widget-container\">\n\t\t\t\t\t<div class=\"elementor-spacer\">\n\t\t\t<div class=\"elementor-spacer-inner\"><\/div>\n\t\t<\/div>\n\t\t\t\t<\/div>\n\t\t\t\t<\/div>\n\t\t\t\t\t<\/div>\n\t\t<\/div>\n\t\t\t\t\t<\/div>\n\t\t<\/section>\n\t\t\t\t<\/div>\n\t\t","protected":false},"excerpt":{"rendered":"<p>Yurtd\u0131\u015f\u0131 dil e\u011fitimi, sadece bir dil \u00f6\u011frenmek de\u011fil, ayn\u0131 zamanda kendinizi ke\u015ffetmek i\u00e7in harika bir f\u0131rsatt\u0131r. Yurtd\u0131\u015f\u0131 Dil Okulu Rehberi \u00d6zdemir ile Yeni Bir Dil D\u00fcnyas\u0131na A\u00e7\u0131l\u0131n! Yurtd\u0131\u015f\u0131 dil e\u011fitimi almak, yeni bir dil \u00f6\u011frenmenin en etkili yollar\u0131ndan biridir. Ancak bu kadar \u00e7ok se\u00e7enek varken, do\u011fru okulu se\u00e7mek zor olabilir. \u00d6zdemir Yurtd\u0131\u015f\u0131 E\u011fitim olarak, size [&hellip;]<\/p>\n","protected":false},"author":1,"featured_media":0,"parent":0,"menu_order":0,"comment_status":"closed","ping_status":"closed","template":"elementor_header_footer","meta":{"footnotes":""},"class_list":["post-19184","page","type-page","status-publish","hentry"],"_links":{"self":[{"href":"https:\/\/kodline.com\/ozdemir\/wp-json\/wp\/v2\/pages\/19184","targetHints":{"allow":["GET"]}}],"collection":[{"href":"https:\/\/kodline.com\/ozdemir\/wp-json\/wp\/v2\/pages"}],"about":[{"href":"https:\/\/kodline.com\/ozdemir\/wp-json\/wp\/v2\/types\/page"}],"author":[{"embeddable":true,"href":"https:\/\/kodline.com\/ozdemir\/wp-json\/wp\/v2\/users\/1"}],"replies":[{"embeddable":true,"href":"https:\/\/kodline.com\/ozdemir\/wp-json\/wp\/v2\/comments?post=19184"}],"version-history":[{"count":10,"href":"https:\/\/kodline.com\/ozdemir\/wp-json\/wp\/v2\/pages\/19184\/revisions"}],"predecessor-version":[{"id":19197,"href":"https:\/\/kodline.com\/ozdemir\/wp-json\/wp\/v2\/pages\/19184\/revisions\/19197"}],"wp:attachment":[{"href":"https:\/\/kodline.com\/ozdemir\/wp-json\/wp\/v2\/media?parent=19184"}],"curies":[{"name":"wp","href":"https:\/\/api.w.org\/{rel}","templated":true}]}}