{"id":19201,"date":"2024-10-22T14:46:49","date_gmt":"2024-10-22T14:46:49","guid":{"rendered":"https:\/\/kodline.com\/ozdemir\/?page_id=19201"},"modified":"2024-10-22T15:23:10","modified_gmt":"2024-10-22T15:23:10","slug":"universite-rehberi","status":"publish","type":"page","link":"https:\/\/kodline.com\/ozdemir\/universite-rehberi\/","title":{"rendered":"\u00dcniversite Rehberi"},"content":{"rendered":"\t\t<div data-elementor-type=\"wp-page\" data-elementor-id=\"19201\" class=\"elementor elementor-19201\" data-elementor-post-type=\"page\">\n\t\t\t\t\t\t<section class=\"elementor-section elementor-top-section elementor-element elementor-element-af19f3d elementor-section-boxed elementor-section-height-default elementor-section-height-default\" data-id=\"af19f3d\" data-element_type=\"section\">\n\t\t\t\t\t\t\t<div class=\"elementor-background-overlay\"><\/div>\n\t\t\t\t\t\t\t<div class=\"elementor-container elementor-column-gap-default\">\n\t\t\t\t\t<div class=\"elementor-column elementor-col-50 elementor-top-column elementor-element elementor-element-4f6562c\" data-id=\"4f6562c\" data-element_type=\"column\">\n\t\t\t<div class=\"elementor-widget-wrap elementor-element-populated\">\n\t\t\t\t\t\t<div class=\"elementor-element elementor-element-d534213 elementor-widget__width-auto elementor-widget elementor-widget-image\" data-id=\"d534213\" data-element_type=\"widget\" data-widget_type=\"image.default\">\n\t\t\t\t<div class=\"elementor-widget-container\">\n\t\t\t\t\t\t\t\t\t\t\t\t\t<img fetchpriority=\"high\" decoding=\"async\" width=\"800\" height=\"751\" src=\"https:\/\/kodline.com\/ozdemir\/wp-content\/uploads\/2024\/10\/Ys000354-1024x961.jpg\" class=\"attachment-large size-large wp-image-19204\" alt=\"\" srcset=\"https:\/\/kodline.com\/ozdemir\/wp-content\/uploads\/2024\/10\/Ys000354-1024x961.jpg 1024w, https:\/\/kodline.com\/ozdemir\/wp-content\/uploads\/2024\/10\/Ys000354-300x281.jpg 300w, https:\/\/kodline.com\/ozdemir\/wp-content\/uploads\/2024\/10\/Ys000354-768x720.jpg 768w, https:\/\/kodline.com\/ozdemir\/wp-content\/uploads\/2024\/10\/Ys000354-600x563.jpg 600w, https:\/\/kodline.com\/ozdemir\/wp-content\/uploads\/2024\/10\/Ys000354.jpg 1500w\" sizes=\"(max-width: 800px) 100vw, 800px\" \/>\t\t\t\t\t\t\t\t\t\t\t\t\t<\/div>\n\t\t\t\t<\/div>\n\t\t\t\t<div class=\"elementor-element elementor-element-18841ba elementor-absolute elementor-widget__width-auto elementor-widget elementor-widget-gimont_elementor_icon_box_2\" data-id=\"18841ba\" data-element_type=\"widget\" data-settings=\"{&quot;_position&quot;:&quot;absolute&quot;}\" data-widget_type=\"gimont_elementor_icon_box_2.default\">\n\t\t\t\t<div class=\"elementor-widget-container\">\n\t\t\t\n\t\t\t<div class=\"ova-icon-box-2\">\n\t\t\t\t<div class=\"icon\">\n\t\t\t\t\t<i aria-hidden=\"true\" class=\"flaticon flaticon-quotation\"><\/i>\t\t\t\t<\/div>\n\t\t\t\t<div class=\"info\">\n\t\t\t\t\t\t\t\t\t\t\t<h2 class=\"title\">Yurtd\u0131\u015f\u0131 \u00fcniversite e\u011fitimi, sadece akademik bir ba\u015far\u0131 de\u011fil, ayn\u0131 zamanda ki\u015fisel geli\u015fiminiz i\u00e7in de b\u00fcy\u00fck bir f\u0131rsatt\u0131r.<\/h2>\n\t\t\t\t\t\n\t\t\t\t\t\n\t\t\t\t\t\n\t\t\t\t<\/div>\n\t\t\t<\/div>\n\n\t\t\t\t<\/div>\n\t\t\t\t<\/div>\n\t\t\t\t\t<\/div>\n\t\t<\/div>\n\t\t\t\t<div class=\"elementor-column elementor-col-50 elementor-top-column elementor-element elementor-element-7b5f3e2\" data-id=\"7b5f3e2\" data-element_type=\"column\">\n\t\t\t<div class=\"elementor-widget-wrap elementor-element-populated\">\n\t\t\t\t\t\t<div class=\"elementor-element elementor-element-9409648 elementor-widget elementor-widget-gimont_elementor_heading\" data-id=\"9409648\" data-element_type=\"widget\" data-widget_type=\"gimont_elementor_heading.default\">\n\t\t\t\t<div class=\"elementor-widget-container\">\n\t\t\t\n\t\t\t<div class=\"ova-heading template_1\">\n\t\t\t\t\t\t\t\t\t\t\t\t\t\t\t<span class=\"line\"><\/span>\n\t\t\t\t\t\t\t\t\t\t<span class=\"subtitle\">Yurtd\u0131\u015f\u0131 \u00dcniversite Rehberi<\/span>\n\t\t\t\t\t\t\t\t\t\t\t\t\t\n\t\t\t\t\t\t\t\t\t\t\t\t\t\t\t<h2 class=\"title\">\u00d6zdemir ile Yurtd\u0131\u015f\u0131 \u00dcniversite Hayaline Do\u011fru \u0130lk Ad\u0131m!<\/h2>\n\t\t\t\t\t\t\t\t\t\t\n\t\t\t\t\t\t\t\t\n\t\t\t\t\t\t\t\t\t<p class=\"desc\">Yurtd\u0131\u015f\u0131 \u00fcniversite e\u011fitimi, gelece\u011finizi \u015fekillendirmek ve global bir bak\u0131\u015f a\u00e7\u0131s\u0131 kazanmak i\u00e7in harika bir f\u0131rsat. Ancak bu kadar \u00e7ok se\u00e7enek varken, do\u011fru \u00fcniversiteyi se\u00e7mek zor olabilir. \u00d6zdemir Yurtd\u0131\u015f\u0131 E\u011fitim olarak, size bu s\u00fcre\u00e7te ad\u0131m ad\u0131m rehberlik ediyor ve hayallerinizi ger\u00e7e\u011fe d\u00f6n\u00fc\u015ft\u00fcrmenize yard\u0131mc\u0131 oluyoruz.<\/p>\n\t\t\t\t\n\t\t\t<\/div>\n\n\t\t\t\t<\/div>\n\t\t\t\t<\/div>\n\t\t\t\t<div class=\"elementor-element elementor-element-eb51729 elementor-widget elementor-widget-text-editor\" data-id=\"eb51729\" data-element_type=\"widget\" data-widget_type=\"text-editor.default\">\n\t\t\t\t<div class=\"elementor-widget-container\">\n\t\t\t\t\t\t\t<h3 data-sourcepos=\"28:1-28:34\">Hangi \u00dclkede \u00dcniversite E\u011fitimi Almal\u0131y\u0131m?<\/h3>\n<p data-sourcepos=\"30:1-30:252\">Rusya, Polonya, Makedonya, Almanya, \u0130talya gibi bir\u00e7ok \u00fclke, kaliteli \u00fcniversiteleri ve zengin k\u00fclt\u00fcrel deneyimleriyle \u00f6\u011frencileri cezbediyor. \u00dclke se\u00e7imi yaparken, e\u011fitim sistemini, ya\u015fam \u015fartlar\u0131n\u0131 ve maliyetleri g\u00f6z \u00f6n\u00fcnde bulundurun.<\/p>\n<p data-sourcepos=\"30:1-30:252\">\u00a0<\/p>\n<p data-sourcepos=\"32:1-32:131\"><strong>\u00d6zdemir Yurtd\u0131\u015f\u0131 E\u011fitim<\/strong> olarak, size en uygun \u00fclkeyi ve \u00fcniversiteyi bulman\u0131z i\u00e7in size \u00f6zel bir dan\u0131\u015fmanl\u0131k hizmeti sunuyoruz.<\/p>\t\t\t\t\t\t<\/div>\n\t\t\t\t<\/div>\n\t\t\t\t\t<\/div>\n\t\t<\/div>\n\t\t\t\t\t<\/div>\n\t\t<\/section>\n\t\t\t\t<section class=\"elementor-section elementor-top-section elementor-element elementor-element-a7e67e3 elementor-section-boxed elementor-section-height-default elementor-section-height-default\" data-id=\"a7e67e3\" data-element_type=\"section\" data-settings=\"{&quot;background_background&quot;:&quot;classic&quot;}\">\n\t\t\t\t\t\t<div class=\"elementor-container elementor-column-gap-default\">\n\t\t\t\t\t<div class=\"elementor-column elementor-col-50 elementor-top-column elementor-element elementor-element-79b5e7c\" data-id=\"79b5e7c\" data-element_type=\"column\">\n\t\t\t<div class=\"elementor-widget-wrap elementor-element-populated\">\n\t\t\t\t\t\t<div class=\"elementor-element elementor-element-a75756f elementor-widget elementor-widget-text-editor\" data-id=\"a75756f\" data-element_type=\"widget\" data-widget_type=\"text-editor.default\">\n\t\t\t\t<div class=\"elementor-widget-container\">\n\t\t\t\t\t\t\t<h3 data-sourcepos=\"12:1-12:51\">\u00d6zdemir Yurtd\u0131\u015f\u0131 E\u011fitim ile Neler Kazan\u0131rs\u0131n\u0131z?<\/h3>\n<ul data-sourcepos=\"14:1-19:0\">\n<li data-sourcepos=\"14:1-14:132\"><strong>Uzman dan\u0131\u015fmanl\u0131k:<\/strong> E\u011fitim dan\u0131\u015fmanlar\u0131m\u0131z, size en uygun \u00fcniversite ve program\u0131 se\u00e7meniz i\u00e7in ki\u015fiselle\u015ftirilmi\u015f destek sunar.<\/li>\n<li data-sourcepos=\"15:1-15:145\"><strong>Kapsaml\u0131 \u00fcniversite ara\u015ft\u0131rmas\u0131:<\/strong> D\u00fcnyan\u0131n en iyi \u00fcniversitelerini sizin i\u00e7in detayl\u0131 olarak ara\u015ft\u0131r\u0131r ve size en uygun se\u00e7enekleri sunar\u0131z.<\/li>\n<li data-sourcepos=\"16:1-16:137\"><strong>Ba\u015fvuru s\u00fcrecinde tam destek:<\/strong> T\u00fcm ba\u015fvuru belgelerinizi haz\u0131rlaman\u0131zda ve \u00fcniversitelerle ileti\u015fim kurman\u0131zda size yard\u0131mc\u0131 oluruz.<\/li>\n<li data-sourcepos=\"17:1-17:136\"><strong>Vize deste\u011fi:<\/strong> Vize s\u00fcrecinde size ad\u0131m ad\u0131m rehberlik ederek, vize alman\u0131z i\u00e7in gereken t\u00fcm belgeleri haz\u0131rlaman\u0131za destek oluruz.<\/li>\n<li data-sourcepos=\"18:1-19:0\"><strong>Konaklama ve ya\u015fam deste\u011fi:<\/strong> \u00dclkeye var\u0131\u015f\u0131n\u0131zdan itibaren konaklama, ula\u015f\u0131m ve di\u011fer konularda size yard\u0131mc\u0131 oluruz.<\/li>\n<\/ul>\t\t\t\t\t\t<\/div>\n\t\t\t\t<\/div>\n\t\t\t\t\t<\/div>\n\t\t<\/div>\n\t\t\t\t<div class=\"elementor-column elementor-col-50 elementor-top-column elementor-element elementor-element-1b76aae\" data-id=\"1b76aae\" data-element_type=\"column\" data-settings=\"{&quot;background_background&quot;:&quot;classic&quot;}\">\n\t\t\t<div class=\"elementor-widget-wrap elementor-element-populated\">\n\t\t\t\t\t\t<div class=\"elementor-element elementor-element-c8d6097 elementor-widget elementor-widget-gimont_elementor_icon_box\" data-id=\"c8d6097\" data-element_type=\"widget\" data-widget_type=\"gimont_elementor_icon_box.default\">\n\t\t\t\t<div class=\"elementor-widget-container\">\n\t\t\t\n\t\t<div class=\"ova-icon-box template_2\">\n\t\t\t<div class=\"icon\">\n\t\t\t\t<i aria-hidden=\"true\" class=\"flaticon flaticon-graduation\"><\/i>\t\t\t<\/div>\n\n\t\t\t<div class=\"info\">\n\t\t\t\t\n\t\t\t\t<h3 class=\"title\">D\u00fcnyan\u0131n en iyi \u00fcniversiteleri<\/h3>\n\n\t\t\t\t\t\t\t\t\t<p class=\"desc\">\n\t\t\t\t\t\tRusya, Polonya, Almanya, Makedonya gibi bir\u00e7ok \u00fclkede bulunan d\u00fcnya s\u0131ralamas\u0131ndaki \u00fcniversiteler ile \u00e7al\u0131\u015f\u0131yoruz.\t\t\t\t\t<\/p>\n\t\t\t\t\t\t\t<\/div>\n\t\t<\/div>\n\n\t\t\t\t<\/div>\n\t\t\t\t<\/div>\n\t\t\t\t<div class=\"elementor-element elementor-element-23f0253 elementor-widget elementor-widget-gimont_elementor_icon_box\" data-id=\"23f0253\" data-element_type=\"widget\" data-widget_type=\"gimont_elementor_icon_box.default\">\n\t\t\t\t<div class=\"elementor-widget-container\">\n\t\t\t\n\t\t<div class=\"ova-icon-box template_2\">\n\t\t\t<div class=\"icon\">\n\t\t\t\t<i aria-hidden=\"true\" class=\"flaticon flaticon-graduation\"><\/i>\t\t\t<\/div>\n\n\t\t\t<div class=\"info\">\n\t\t\t\t\n\t\t\t\t<h3 class=\"title\">Uluslararas\u0131 ge\u00e7erli diplomalar<\/h3>\n\n\t\t\t\t\t\t\t\t\t<p class=\"desc\">\n\t\t\t\t\t\t\u00dcniversite e\u011fitimin sonunda alaca\u011f\u0131n\u0131z diplomalar, bir\u00e7ok \u00fclkede ge\u00e7erlidir.\t\t\t\t\t<\/p>\n\t\t\t\t\t\t\t<\/div>\n\t\t<\/div>\n\n\t\t\t\t<\/div>\n\t\t\t\t<\/div>\n\t\t\t\t<div class=\"elementor-element elementor-element-a495617 elementor-widget elementor-widget-gimont_elementor_icon_box\" data-id=\"a495617\" data-element_type=\"widget\" data-widget_type=\"gimont_elementor_icon_box.default\">\n\t\t\t\t<div class=\"elementor-widget-container\">\n\t\t\t\n\t\t<div class=\"ova-icon-box template_2\">\n\t\t\t<div class=\"icon\">\n\t\t\t\t<i aria-hidden=\"true\" class=\"flaticon flaticon-graduation\"><\/i>\t\t\t<\/div>\n\n\t\t\t<div class=\"info\">\n\t\t\t\t\n\t\t\t\t<h3 class=\"title\">Vize s\u00fcrecinde destek<\/h3>\n\n\t\t\t\t\t\t\t\t\t<p class=\"desc\">\n\t\t\t\t\t\tT\u00fcm vize belgelerinizi haz\u0131rlaman\u0131zda ve ba\u015fvuru s\u00fcrecinde size ad\u0131m ad\u0131m rehberlik ediyoruz.\t\t\t\t\t<\/p>\n\t\t\t\t\t\t\t<\/div>\n\t\t<\/div>\n\n\t\t\t\t<\/div>\n\t\t\t\t<\/div>\n\t\t\t\t\t<\/div>\n\t\t<\/div>\n\t\t\t\t\t<\/div>\n\t\t<\/section>\n\t\t<div class=\"elementor-element elementor-element-14493a3 e-flex e-con-boxed e-con e-parent\" data-id=\"14493a3\" data-element_type=\"container\">\n\t\t\t\t\t<div class=\"e-con-inner\">\n\t\t\t\t<div class=\"elementor-element elementor-element-e51d15a elementor-widget elementor-widget-spacer\" data-id=\"e51d15a\" data-element_type=\"widget\" data-widget_type=\"spacer.default\">\n\t\t\t\t<div class=\"elementor-widget-container\">\n\t\t\t\t\t<div class=\"elementor-spacer\">\n\t\t\t<div class=\"elementor-spacer-inner\"><\/div>\n\t\t<\/div>\n\t\t\t\t<\/div>\n\t\t\t\t<\/div>\n\t\t\t\t\t<\/div>\n\t\t\t\t<\/div>\n\t\t<div class=\"elementor-element elementor-element-c62378e e-flex e-con-boxed e-con e-parent\" data-id=\"c62378e\" data-element_type=\"container\">\n\t\t\t\t\t<div class=\"e-con-inner\">\n\t\t\t\t<div class=\"elementor-element elementor-element-ede8899 elementor-invisible elementor-widget elementor-widget-image\" data-id=\"ede8899\" data-element_type=\"widget\" data-settings=\"{&quot;_animation&quot;:&quot;bounceIn&quot;}\" data-widget_type=\"image.default\">\n\t\t\t\t<div class=\"elementor-widget-container\">\n\t\t\t\t\t\t\t\t\t\t\t\t\t<img decoding=\"async\" width=\"2560\" height=\"240\" src=\"https:\/\/kodline.com\/ozdemir\/wp-content\/uploads\/2024\/10\/OZDEMI\u0307R-ALT-scaled.jpg\" class=\"attachment-full size-full wp-image-19010\" alt=\"\" srcset=\"https:\/\/kodline.com\/ozdemir\/wp-content\/uploads\/2024\/10\/OZDEMI\u0307R-ALT-scaled.jpg 2560w, https:\/\/kodline.com\/ozdemir\/wp-content\/uploads\/2024\/10\/OZDEMI\u0307R-ALT-300x28.jpg 300w, https:\/\/kodline.com\/ozdemir\/wp-content\/uploads\/2024\/10\/OZDEMI\u0307R-ALT-1024x96.jpg 1024w, https:\/\/kodline.com\/ozdemir\/wp-content\/uploads\/2024\/10\/OZDEMI\u0307R-ALT-768x72.jpg 768w, https:\/\/kodline.com\/ozdemir\/wp-content\/uploads\/2024\/10\/OZDEMI\u0307R-ALT-1536x144.jpg 1536w, https:\/\/kodline.com\/ozdemir\/wp-content\/uploads\/2024\/10\/OZDEMI\u0307R-ALT-2048x192.jpg 2048w, https:\/\/kodline.com\/ozdemir\/wp-content\/uploads\/2024\/10\/OZDEMI\u0307R-ALT-600x56.jpg 600w\" sizes=\"(max-width: 2560px) 100vw, 2560px\" \/>\t\t\t\t\t\t\t\t\t\t\t\t\t<\/div>\n\t\t\t\t<\/div>\n\t\t\t\t\t<\/div>\n\t\t\t\t<\/div>\n\t\t<div class=\"elementor-element elementor-element-9fd309d e-flex e-con-boxed e-con e-parent\" data-id=\"9fd309d\" data-element_type=\"container\">\n\t\t\t\t\t<div class=\"e-con-inner\">\n\t\t\t\t<div class=\"elementor-element elementor-element-d42b77b elementor-widget elementor-widget-spacer\" data-id=\"d42b77b\" data-element_type=\"widget\" data-widget_type=\"spacer.default\">\n\t\t\t\t<div class=\"elementor-widget-container\">\n\t\t\t\t\t<div class=\"elementor-spacer\">\n\t\t\t<div class=\"elementor-spacer-inner\"><\/div>\n\t\t<\/div>\n\t\t\t\t<\/div>\n\t\t\t\t<\/div>\n\t\t\t\t\t<\/div>\n\t\t\t\t<\/div>\n\t\t\t\t<section class=\"elementor-section elementor-top-section elementor-element elementor-element-7222f05 elementor-section-boxed elementor-section-height-default elementor-section-height-default\" data-id=\"7222f05\" data-element_type=\"section\">\n\t\t\t\t\t\t\t<div class=\"elementor-background-overlay\"><\/div>\n\t\t\t\t\t\t\t<div class=\"elementor-container elementor-column-gap-no\">\n\t\t\t\t\t<div class=\"elementor-column elementor-col-100 elementor-top-column elementor-element elementor-element-95f5505\" data-id=\"95f5505\" data-element_type=\"column\">\n\t\t\t<div class=\"elementor-widget-wrap elementor-element-populated\">\n\t\t\t\t\t\t<div class=\"elementor-element elementor-element-11c4205 elementor-widget elementor-widget-spacer\" data-id=\"11c4205\" data-element_type=\"widget\" data-widget_type=\"spacer.default\">\n\t\t\t\t<div class=\"elementor-widget-container\">\n\t\t\t\t\t<div class=\"elementor-spacer\">\n\t\t\t<div class=\"elementor-spacer-inner\"><\/div>\n\t\t<\/div>\n\t\t\t\t<\/div>\n\t\t\t\t<\/div>\n\t\t\t\t<div class=\"elementor-element elementor-element-6d546bf elementor-widget elementor-widget-gimont_elementor_counter_list\" data-id=\"6d546bf\" data-element_type=\"widget\" data-widget_type=\"gimont_elementor_counter_list.default\">\n\t\t\t\t<div class=\"elementor-widget-container\">\n\t\t\t           \n            <div class=\"ova-counter-list-wrapper template_1 four_column\">\n\n            \t\n\t\t           <div class=\"ova-counter-list\" data-count=\"100\">\n\t\t                \n\t\t\t            \t\t\t            \t<div class=\"icon-wrapper\">\n\t\t\t            \t\t<div class=\"icon\">\n\t\t\t\t\t\t\t\t\t<i class=\"gimonticon gimonticon-high-school\"><\/i>\n\t\t\t\t\t\t\t\t<\/div>\n\t\t\t            \t<\/div>\n\t\t\t\t\t\t\t\t\t            \n\t\t                <div class=\"odometer-wrapper\">\n\t\t\t\t\t\t\t<span class=\"odometer\">0<\/span>\n\t\t\t\t\t\t\t<span class=\"suffix\">\n\t\t\t\t\t\t\t\t\t\t\t\t\t        <\/span>\n\t\t\t\t\t    <\/div>\n\t\t\t\t\t\t\n\t\t\t      \t     \t\t\t\t\t\t\t<h3 class=\"title\">ANLA\u015eMALI \u00dcN\u0130VERS\u0130TE<\/h3>\n\t\t\t\t\t\t\n\t\t           <\/div>\n\n\t           \n\t\t           <div class=\"ova-counter-list\" data-count=\"40\">\n\t\t                \n\t\t\t            \t\t\t            \t<div class=\"icon-wrapper\">\n\t\t\t            \t\t<div class=\"icon\">\n\t\t\t\t\t\t\t\t\t<i class=\"flaticon flaticon-world\"><\/i>\n\t\t\t\t\t\t\t\t<\/div>\n\t\t\t            \t<\/div>\n\t\t\t\t\t\t\t\t\t            \n\t\t                <div class=\"odometer-wrapper\">\n\t\t\t\t\t\t\t<span class=\"odometer\">0<\/span>\n\t\t\t\t\t\t\t<span class=\"suffix\">\n\t\t\t\t\t\t\t\t\t\t\t\t\t        <\/span>\n\t\t\t\t\t    <\/div>\n\t\t\t\t\t\t\n\t\t\t      \t     \t\t\t\t\t\t\t<h3 class=\"title\">ANLA\u015eMALI D\u0130L OKULU<\/h3>\n\t\t\t\t\t\t\n\t\t           <\/div>\n\n\t           \n\t\t           <div class=\"ova-counter-list\" data-count=\"2000\">\n\t\t                \n\t\t\t            \t\t\t            \t<div class=\"icon-wrapper\">\n\t\t\t            \t\t<div class=\"icon\">\n\t\t\t\t\t\t\t\t\t<i class=\"far fa-check-circle\"><\/i>\n\t\t\t\t\t\t\t\t<\/div>\n\t\t\t            \t<\/div>\n\t\t\t\t\t\t\t\t\t            \n\t\t                <div class=\"odometer-wrapper\">\n\t\t\t\t\t\t\t<span class=\"odometer\">0<\/span>\n\t\t\t\t\t\t\t<span class=\"suffix\">\n\t\t\t\t\t\t\t\t\t\t\t\t\t        <\/span>\n\t\t\t\t\t    <\/div>\n\t\t\t\t\t\t\n\t\t\t      \t     \t\t\t\t\t\t\t<h3 class=\"title\">YURTDI\u015eI \u00d6\u011eRENC\u0130 KAYDI<\/h3>\n\t\t\t\t\t\t\n\t\t           <\/div>\n\n\t           \n\t\t           <div class=\"ova-counter-list\" data-count=\"6\">\n\t\t                \n\t\t\t            \t\t\t            \t<div class=\"icon-wrapper\">\n\t\t\t            \t\t<div class=\"icon\">\n\t\t\t\t\t\t\t\t\t<i class=\"far fa-building\"><\/i>\n\t\t\t\t\t\t\t\t<\/div>\n\t\t\t            \t<\/div>\n\t\t\t\t\t\t\t\t\t            \n\t\t                <div class=\"odometer-wrapper\">\n\t\t\t\t\t\t\t<span class=\"odometer\">0<\/span>\n\t\t\t\t\t\t\t<span class=\"suffix\">\n\t\t\t\t\t\t\t\t\t\t\t\t\t        <\/span>\n\t\t\t\t\t    <\/div>\n\t\t\t\t\t\t\n\t\t\t      \t     \t\t\t\t\t\t\t<h3 class=\"title\">F\u0130RMA \u015eUBES\u0130<\/h3>\n\t\t\t\t\t\t\n\t\t           <\/div>\n\n\t           \n            <\/div>\n\t\t \t\n\t\t\t\t<\/div>\n\t\t\t\t<\/div>\n\t\t\t\t<div class=\"elementor-element elementor-element-88302fc elementor-widget elementor-widget-spacer\" data-id=\"88302fc\" data-element_type=\"widget\" data-widget_type=\"spacer.default\">\n\t\t\t\t<div class=\"elementor-widget-container\">\n\t\t\t\t\t<div class=\"elementor-spacer\">\n\t\t\t<div class=\"elementor-spacer-inner\"><\/div>\n\t\t<\/div>\n\t\t\t\t<\/div>\n\t\t\t\t<\/div>\n\t\t\t\t\t<\/div>\n\t\t<\/div>\n\t\t\t\t\t<\/div>\n\t\t<\/section>\n\t\t\t\t<\/div>\n\t\t","protected":false},"excerpt":{"rendered":"<p>Yurtd\u0131\u015f\u0131 \u00fcniversite e\u011fitimi, sadece akademik bir ba\u015far\u0131 de\u011fil, ayn\u0131 zamanda ki\u015fisel geli\u015fiminiz i\u00e7in de b\u00fcy\u00fck bir f\u0131rsatt\u0131r. Yurtd\u0131\u015f\u0131 \u00dcniversite Rehberi \u00d6zdemir ile Yurtd\u0131\u015f\u0131 \u00dcniversite Hayaline Do\u011fru \u0130lk Ad\u0131m! Yurtd\u0131\u015f\u0131 \u00fcniversite e\u011fitimi, gelece\u011finizi \u015fekillendirmek ve global bir bak\u0131\u015f a\u00e7\u0131s\u0131 kazanmak i\u00e7in harika bir f\u0131rsat. Ancak bu kadar \u00e7ok se\u00e7enek varken, do\u011fru \u00fcniversiteyi se\u00e7mek zor olabilir. \u00d6zdemir [&hellip;]<\/p>\n","protected":false},"author":1,"featured_media":0,"parent":0,"menu_order":0,"comment_status":"closed","ping_status":"closed","template":"elementor_header_footer","meta":{"footnotes":""},"class_list":["post-19201","page","type-page","status-publish","hentry"],"_links":{"self":[{"href":"https:\/\/kodline.com\/ozdemir\/wp-json\/wp\/v2\/pages\/19201","targetHints":{"allow":["GET"]}}],"collection":[{"href":"https:\/\/kodline.com\/ozdemir\/wp-json\/wp\/v2\/pages"}],"about":[{"href":"https:\/\/kodline.com\/ozdemir\/wp-json\/wp\/v2\/types\/page"}],"author":[{"embeddable":true,"href":"https:\/\/kodline.com\/ozdemir\/wp-json\/wp\/v2\/users\/1"}],"replies":[{"embeddable":true,"href":"https:\/\/kodline.com\/ozdemir\/wp-json\/wp\/v2\/comments?post=19201"}],"version-history":[{"count":7,"href":"https:\/\/kodline.com\/ozdemir\/wp-json\/wp\/v2\/pages\/19201\/revisions"}],"predecessor-version":[{"id":19211,"href":"https:\/\/kodline.com\/ozdemir\/wp-json\/wp\/v2\/pages\/19201\/revisions\/19211"}],"wp:attachment":[{"href":"https:\/\/kodline.com\/ozdemir\/wp-json\/wp\/v2\/media?parent=19201"}],"curies":[{"name":"wp","href":"https:\/\/api.w.org\/{rel}","templated":true}]}}