{"id":405,"date":"2023-06-14T02:31:28","date_gmt":"2023-06-14T02:31:28","guid":{"rendered":"https:\/\/kodline.com\/ozdemir\/?page_id=405"},"modified":"2024-10-20T14:00:50","modified_gmt":"2024-10-20T14:00:50","slug":"hakkimizda","status":"publish","type":"page","link":"https:\/\/kodline.com\/ozdemir\/hakkimizda\/","title":{"rendered":"Hakk\u0131m\u0131zda"},"content":{"rendered":"\t\t<div data-elementor-type=\"wp-page\" data-elementor-id=\"405\" class=\"elementor elementor-405\" data-elementor-post-type=\"page\">\n\t\t\t\t\t\t<section class=\"elementor-section elementor-top-section elementor-element elementor-element-9983be9 elementor-section-boxed elementor-section-height-default elementor-section-height-default\" data-id=\"9983be9\" data-element_type=\"section\" data-settings=\"{&quot;background_background&quot;:&quot;classic&quot;}\">\n\t\t\t\t\t\t<div class=\"elementor-container elementor-column-gap-no\">\n\t\t\t\t\t<div class=\"elementor-column elementor-col-50 elementor-top-column elementor-element elementor-element-0ffc094\" data-id=\"0ffc094\" data-element_type=\"column\">\n\t\t\t<div class=\"elementor-widget-wrap elementor-element-populated\">\n\t\t\t\t\t\t<div class=\"elementor-element elementor-element-49e4b43 elementor-widget__width-auto elementor-widget-tablet__width-inherit elementor-widget elementor-widget-image\" data-id=\"49e4b43\" data-element_type=\"widget\" data-widget_type=\"image.default\">\n\t\t\t\t<div class=\"elementor-widget-container\">\n\t\t\t\t\t\t\t\t\t\t\t\t\t<img fetchpriority=\"high\" decoding=\"async\" width=\"570\" height=\"630\" src=\"https:\/\/kodline.com\/ozdemir\/wp-content\/uploads\/2024\/10\/left-imag5.png.jpg\" class=\"attachment-full size-full wp-image-19039\" alt=\"\" srcset=\"https:\/\/kodline.com\/ozdemir\/wp-content\/uploads\/2024\/10\/left-imag5.png.jpg 570w, https:\/\/kodline.com\/ozdemir\/wp-content\/uploads\/2024\/10\/left-imag5.png-271x300.jpg 271w, https:\/\/kodline.com\/ozdemir\/wp-content\/uploads\/2024\/10\/left-imag5.png-300x332.jpg 300w\" sizes=\"(max-width: 570px) 100vw, 570px\" \/>\t\t\t\t\t\t\t\t\t\t\t\t\t<\/div>\n\t\t\t\t<\/div>\n\t\t\t\t\t<\/div>\n\t\t<\/div>\n\t\t\t\t<div class=\"elementor-column elementor-col-50 elementor-top-column elementor-element elementor-element-dab183c\" data-id=\"dab183c\" data-element_type=\"column\">\n\t\t\t<div class=\"elementor-widget-wrap elementor-element-populated\">\n\t\t\t\t\t\t<div class=\"elementor-element elementor-element-aa8870f elementor-widget elementor-widget-gimont_elementor_heading\" data-id=\"aa8870f\" data-element_type=\"widget\" data-widget_type=\"gimont_elementor_heading.default\">\n\t\t\t\t<div class=\"elementor-widget-container\">\n\t\t\t\n\t\t\t<div class=\"ova-heading template_1\">\n\t\t\t\t\t\t\t\t\t\t\t\t\t\t\t<span class=\"line\"><\/span>\n\t\t\t\t\t\t\t\t\t\t<span class=\"subtitle\">Biz Kimiz<\/span>\n\t\t\t\t\t\t\t\t\t\t\t\t\t\n\t\t\t\t\t\t\t\t\t\t\t\t\t\t\t<h2 class=\"title\">\u00d6zdemir Yurtd\u0131\u015f\u0131 E\u011fitim<\/h2>\n\t\t\t\t\t\t\t\t\t\t\n\t\t\t\t\t\t\t\t\n\t\t\t\t\t\t\t\t\t<p class=\"desc\">\u00d6zdemir Yurtd\u0131\u015f\u0131 E\u011fitim Dan\u0131\u015fmanl\u0131\u011f\u0131 olarak, 2011 y\u0131l\u0131nda \u00f6\u011frencilerimizin hayallerini ger\u00e7ekle\u015ftirmek ve onlara d\u00fcnya \u00e7ap\u0131nda kaliteli e\u011fitim f\u0131rsatlar\u0131 sunmak amac\u0131yla yola \u00e7\u0131kt\u0131k. Kurulu\u015fumuzdan bu yana, e\u011fitimde uzman dan\u0131\u015fman kadromuz ve ki\u015fiye \u00f6zel \u00e7\u00f6z\u00fcmlerimiz ile binlerce \u00f6\u011frencinin yurtd\u0131\u015f\u0131nda e\u011fitim almas\u0131na destek olduk.\n\nE\u011fitim hayat\u0131n\u0131z\u0131n en \u00f6nemli ad\u0131mlar\u0131ndan birini atarken, do\u011fru y\u00f6nlendirme ve g\u00fcvenilir bir rehberli\u011fin ne kadar \u00f6nemli oldu\u011funu biliyoruz. Bu y\u00fczden \u00f6\u011frencilerimize; dil e\u011fitimi, lisans, y\u00fcksek lisans, doktora programlar\u0131 ve sertifika programlar\u0131 gibi \u00e7e\u015fitli alanlarda en do\u011fru \u00fcniversite ve e\u011fitim programlar\u0131n\u0131 se\u00e7me konusunda profesyonel dan\u0131\u015fmanl\u0131k hizmeti sunuyoruz. Ayr\u0131ca, ba\u015fvuru s\u00fcreci, vize i\u015flemleri, konaklama d\u00fczenlemeleri gibi t\u00fcm ad\u0131mlarda yan\u0131n\u0131zday\u0131z.\n\nHer y\u0131l d\u00fcnyan\u0131n d\u00f6rt bir yan\u0131ndaki prestijli e\u011fitim kurumlar\u0131 ile i\u015f birli\u011fi yaparak, \u00f6\u011frencilere en iyi e\u011fitim deneyimini ya\u015fatmay\u0131 hedefliyoruz. Misyonumuz, her bir \u00f6\u011frencinin bireysel ihtiya\u00e7lar\u0131na uygun \u00e7\u00f6z\u00fcmler sunarak, kariyer hedeflerine ve akademik hayallerine ula\u015fmalar\u0131n\u0131 sa\u011flamak.\n\n\u00d6zdemir Yurtd\u0131\u015f\u0131 E\u011fitim Dan\u0131\u015fmanl\u0131\u011f\u0131, bilgi, tecr\u00fcbe ve samimiyet \u00fczerine kurulu bir hizmet anlay\u0131\u015f\u0131 ile gelece\u011fin liderlerini yeti\u015ftirmeyi hedeflemektedir.\n\nHayallerinize giden yolda, en g\u00fcvenilir rehberiniz olmaktan gurur duyuyoruz!<\/p>\n\t\t\t\t\n\t\t\t<\/div>\n\n\t\t\t\t<\/div>\n\t\t\t\t<\/div>\n\t\t\t\t\t<\/div>\n\t\t<\/div>\n\t\t\t\t\t<\/div>\n\t\t<\/section>\n\t\t\t\t<section class=\"elementor-section elementor-top-section elementor-element elementor-element-a19c821 elementor-section-boxed elementor-section-height-default elementor-section-height-default\" data-id=\"a19c821\" data-element_type=\"section\">\n\t\t\t\t\t\t\t<div class=\"elementor-background-overlay\"><\/div>\n\t\t\t\t\t\t\t<div class=\"elementor-container elementor-column-gap-no\">\n\t\t\t\t\t<div class=\"elementor-column elementor-col-100 elementor-top-column elementor-element elementor-element-8896c85\" data-id=\"8896c85\" data-element_type=\"column\">\n\t\t\t<div class=\"elementor-widget-wrap elementor-element-populated\">\n\t\t\t\t\t\t<div class=\"elementor-element elementor-element-dcc3c52 elementor-widget elementor-widget-spacer\" data-id=\"dcc3c52\" data-element_type=\"widget\" data-widget_type=\"spacer.default\">\n\t\t\t\t<div class=\"elementor-widget-container\">\n\t\t\t\t\t<div class=\"elementor-spacer\">\n\t\t\t<div class=\"elementor-spacer-inner\"><\/div>\n\t\t<\/div>\n\t\t\t\t<\/div>\n\t\t\t\t<\/div>\n\t\t\t\t<div class=\"elementor-element elementor-element-64a7d0c elementor-widget elementor-widget-gimont_elementor_counter_list\" data-id=\"64a7d0c\" data-element_type=\"widget\" data-widget_type=\"gimont_elementor_counter_list.default\">\n\t\t\t\t<div class=\"elementor-widget-container\">\n\t\t\t           \n            <div class=\"ova-counter-list-wrapper template_1 four_column\">\n\n            \t\n\t\t           <div class=\"ova-counter-list\" data-count=\"100\">\n\t\t                \n\t\t\t            \t\t\t            \t<div class=\"icon-wrapper\">\n\t\t\t            \t\t<div class=\"icon\">\n\t\t\t\t\t\t\t\t\t<i class=\"gimonticon gimonticon-high-school\"><\/i>\n\t\t\t\t\t\t\t\t<\/div>\n\t\t\t            \t<\/div>\n\t\t\t\t\t\t\t\t\t            \n\t\t                <div class=\"odometer-wrapper\">\n\t\t\t\t\t\t\t<span class=\"odometer\">0<\/span>\n\t\t\t\t\t\t\t<span class=\"suffix\">\n\t\t\t\t\t\t\t\t\t\t\t\t\t        <\/span>\n\t\t\t\t\t    <\/div>\n\t\t\t\t\t\t\n\t\t\t      \t     \t\t\t\t\t\t\t<h3 class=\"title\">ANLA\u015eMALI \u00dcN\u0130VERS\u0130TE<\/h3>\n\t\t\t\t\t\t\n\t\t           <\/div>\n\n\t           \n\t\t           <div class=\"ova-counter-list\" data-count=\"40\">\n\t\t                \n\t\t\t            \t\t\t            \t<div class=\"icon-wrapper\">\n\t\t\t            \t\t<div class=\"icon\">\n\t\t\t\t\t\t\t\t\t<i class=\"flaticon flaticon-world\"><\/i>\n\t\t\t\t\t\t\t\t<\/div>\n\t\t\t            \t<\/div>\n\t\t\t\t\t\t\t\t\t            \n\t\t                <div class=\"odometer-wrapper\">\n\t\t\t\t\t\t\t<span class=\"odometer\">0<\/span>\n\t\t\t\t\t\t\t<span class=\"suffix\">\n\t\t\t\t\t\t\t\t\t\t\t\t\t        <\/span>\n\t\t\t\t\t    <\/div>\n\t\t\t\t\t\t\n\t\t\t      \t     \t\t\t\t\t\t\t<h3 class=\"title\">ANLA\u015eMALI D\u0130L OKULU<\/h3>\n\t\t\t\t\t\t\n\t\t           <\/div>\n\n\t           \n\t\t           <div class=\"ova-counter-list\" data-count=\"2000\">\n\t\t                \n\t\t\t            \t\t\t            \t<div class=\"icon-wrapper\">\n\t\t\t            \t\t<div class=\"icon\">\n\t\t\t\t\t\t\t\t\t<i class=\"far fa-check-circle\"><\/i>\n\t\t\t\t\t\t\t\t<\/div>\n\t\t\t            \t<\/div>\n\t\t\t\t\t\t\t\t\t            \n\t\t                <div class=\"odometer-wrapper\">\n\t\t\t\t\t\t\t<span class=\"odometer\">0<\/span>\n\t\t\t\t\t\t\t<span class=\"suffix\">\n\t\t\t\t\t\t\t\t\t\t\t\t\t        <\/span>\n\t\t\t\t\t    <\/div>\n\t\t\t\t\t\t\n\t\t\t      \t     \t\t\t\t\t\t\t<h3 class=\"title\">YURTDI\u015eI \u00d6\u011eRENC\u0130 KAYDI<\/h3>\n\t\t\t\t\t\t\n\t\t           <\/div>\n\n\t           \n\t\t           <div class=\"ova-counter-list\" data-count=\"6\">\n\t\t                \n\t\t\t            \t\t\t            \t<div class=\"icon-wrapper\">\n\t\t\t            \t\t<div class=\"icon\">\n\t\t\t\t\t\t\t\t\t<i class=\"far fa-building\"><\/i>\n\t\t\t\t\t\t\t\t<\/div>\n\t\t\t            \t<\/div>\n\t\t\t\t\t\t\t\t\t            \n\t\t                <div class=\"odometer-wrapper\">\n\t\t\t\t\t\t\t<span class=\"odometer\">0<\/span>\n\t\t\t\t\t\t\t<span class=\"suffix\">\n\t\t\t\t\t\t\t\t\t\t\t\t\t        <\/span>\n\t\t\t\t\t    <\/div>\n\t\t\t\t\t\t\n\t\t\t      \t     \t\t\t\t\t\t\t<h3 class=\"title\">F\u0130RMA \u015eUBES\u0130<\/h3>\n\t\t\t\t\t\t\n\t\t           <\/div>\n\n\t           \n            <\/div>\n\t\t \t\n\t\t\t\t<\/div>\n\t\t\t\t<\/div>\n\t\t\t\t<div class=\"elementor-element elementor-element-139e1be elementor-widget elementor-widget-spacer\" data-id=\"139e1be\" data-element_type=\"widget\" data-widget_type=\"spacer.default\">\n\t\t\t\t<div class=\"elementor-widget-container\">\n\t\t\t\t\t<div class=\"elementor-spacer\">\n\t\t\t<div class=\"elementor-spacer-inner\"><\/div>\n\t\t<\/div>\n\t\t\t\t<\/div>\n\t\t\t\t<\/div>\n\t\t\t\t\t<\/div>\n\t\t<\/div>\n\t\t\t\t\t<\/div>\n\t\t<\/section>\n\t\t\t\t<\/div>\n\t\t","protected":false},"excerpt":{"rendered":"<p>Biz Kimiz \u00d6zdemir Yurtd\u0131\u015f\u0131 E\u011fitim \u00d6zdemir Yurtd\u0131\u015f\u0131 E\u011fitim Dan\u0131\u015fmanl\u0131\u011f\u0131 olarak, 2011 y\u0131l\u0131nda \u00f6\u011frencilerimizin hayallerini ger\u00e7ekle\u015ftirmek ve onlara d\u00fcnya \u00e7ap\u0131nda kaliteli e\u011fitim f\u0131rsatlar\u0131 sunmak amac\u0131yla yola \u00e7\u0131kt\u0131k. Kurulu\u015fumuzdan bu yana, e\u011fitimde uzman dan\u0131\u015fman kadromuz ve ki\u015fiye \u00f6zel \u00e7\u00f6z\u00fcmlerimiz ile binlerce \u00f6\u011frencinin yurtd\u0131\u015f\u0131nda e\u011fitim almas\u0131na destek olduk. E\u011fitim hayat\u0131n\u0131z\u0131n en \u00f6nemli ad\u0131mlar\u0131ndan birini atarken, do\u011fru y\u00f6nlendirme ve [&hellip;]<\/p>\n","protected":false},"author":1,"featured_media":0,"parent":0,"menu_order":0,"comment_status":"closed","ping_status":"closed","template":"elementor_header_footer","meta":{"footnotes":""},"class_list":["post-405","page","type-page","status-publish","hentry"],"_links":{"self":[{"href":"https:\/\/kodline.com\/ozdemir\/wp-json\/wp\/v2\/pages\/405","targetHints":{"allow":["GET"]}}],"collection":[{"href":"https:\/\/kodline.com\/ozdemir\/wp-json\/wp\/v2\/pages"}],"about":[{"href":"https:\/\/kodline.com\/ozdemir\/wp-json\/wp\/v2\/types\/page"}],"author":[{"embeddable":true,"href":"https:\/\/kodline.com\/ozdemir\/wp-json\/wp\/v2\/users\/1"}],"replies":[{"embeddable":true,"href":"https:\/\/kodline.com\/ozdemir\/wp-json\/wp\/v2\/comments?post=405"}],"version-history":[{"count":10,"href":"https:\/\/kodline.com\/ozdemir\/wp-json\/wp\/v2\/pages\/405\/revisions"}],"predecessor-version":[{"id":19116,"href":"https:\/\/kodline.com\/ozdemir\/wp-json\/wp\/v2\/pages\/405\/revisions\/19116"}],"wp:attachment":[{"href":"https:\/\/kodline.com\/ozdemir\/wp-json\/wp\/v2\/media?parent=405"}],"curies":[{"name":"wp","href":"https:\/\/api.w.org\/{rel}","templated":true}]}}